{"id":543681,"date":"2026-02-10T10:06:26","date_gmt":"2026-02-10T10:06:26","guid":{"rendered":"https:\/\/harristweed-shop.be\/product\/harris-tweed-pop-up-card-holder-in-blue-brown-check\/"},"modified":"2026-04-07T08:55:15","modified_gmt":"2026-04-07T08:55:15","slug":"harris-tweed-pop-up-card-holder-in-blue-brown-check","status":"publish","type":"product","link":"https:\/\/harristweed-shop.be\/fr\/produit\/porte-cartes-pop-up-en-tweed-harris-a-carreaux-bleus-et-marrons\/","title":{"rendered":"Porte-cartes pop-up en tweed Harris \u00e0 carreaux bleus et marrons"},"content":{"rendered":"<p>CB2404 1904C5 Bleu ciel CB2404 1904C5 Bleu ciel CB2404 1904C5 Bleu ciel CB2404 1904C5 Bleu ciel CB2404 1904C5 Bleu ciel CB2404 1904C5 Bleu ciel CB2404 1904C5 Bleu ciel<\/p>","protected":false},"excerpt":{"rendered":"<p>Porte-cartes pop-up en tweed Harris \u00e0 carreaux bleus et marrons.<\/p>\n<p>Notre porte-cartes pop-up en Harris Tweed d\u00e9plie vos cartes d&#039;une simple pression sur un bouton et les prot\u00e8ge du piratage RFID gr\u00e2ce \u00e0 son bo\u00eetier en aluminium.<\/p>","protected":false},"featured_media":543682,"template":"","meta":[],"product_brand":[],"product_cat":[1212,1169,1219,1218,1142,1162,1138,1066,901,808],"product_tag":[],"class_list":{"0":"post-543681","1":"product","2":"type-product","3":"status-publish","4":"has-post-thumbnail","6":"product_cat-harris-tweed","7":"product_cat-harris-tweed-geldborsen","8":"product_cat-harris-tweed-kreditkartenetui","9":"product_cat-harris-tweed-pasjeshouder","10":"product_cat-harris-tweed-portemonnees","11":"product_cat-harris-tweed-taschen","12":"product_cat-harris-tweed-tassen","13":"product_cat-portemonnee","14":"product_cat-taschen","15":"product_cat-tassen","16":"pa_merk-maccessori","18":"first","19":"instock","20":"taxable","21":"shipping-taxable","22":"purchasable","23":"product-type-simple"},"df_price":29.95,"df_sale_price":"","df_regular_price":29.95,"df_image_link":"https:\/\/harristweed-shop.be\/wp-content\/uploads\/2026\/02\/5f6797acab93fd93f5a3b17ec9161232_Harris_Tweed_Pop_Up_Card_Holder_In_Blue_Brown_Check-300x300.jpeg","_links":{"self":[{"href":"https:\/\/harristweed-shop.be\/fr\/wp-json\/wp\/v2\/product\/543681","targetHints":{"allow":["GET"]}}],"collection":[{"href":"https:\/\/harristweed-shop.be\/fr\/wp-json\/wp\/v2\/product"}],"about":[{"href":"https:\/\/harristweed-shop.be\/fr\/wp-json\/wp\/v2\/types\/product"}],"wp:featuredmedia":[{"embeddable":true,"href":"https:\/\/harristweed-shop.be\/fr\/wp-json\/wp\/v2\/media\/543682"}],"wp:attachment":[{"href":"https:\/\/harristweed-shop.be\/fr\/wp-json\/wp\/v2\/media?parent=543681"}],"wp:term":[{"taxonomy":"product_brand","embeddable":true,"href":"https:\/\/harristweed-shop.be\/fr\/wp-json\/wp\/v2\/product_brand?post=543681"},{"taxonomy":"product_cat","embeddable":true,"href":"https:\/\/harristweed-shop.be\/fr\/wp-json\/wp\/v2\/product_cat?post=543681"},{"taxonomy":"product_tag","embeddable":true,"href":"https:\/\/harristweed-shop.be\/fr\/wp-json\/wp\/v2\/product_tag?post=543681"}],"curies":[{"name":"wp","href":"https:\/\/api.w.org\/{rel}","templated":true}]}}