{"id":543680,"date":"2026-02-10T10:06:25","date_gmt":"2026-02-10T10:06:25","guid":{"rendered":"https:\/\/harristweed-shop.be\/product\/harris-tweed-trifold-purse-in-sky-blue\/"},"modified":"2026-04-07T08:55:15","modified_gmt":"2026-04-07T08:55:15","slug":"harris-tweed-trifold-purse-in-sky-blue","status":"publish","type":"product","link":"https:\/\/harristweed-shop.be\/fr\/produit\/sac-a-main-harris-en-tweed-bleu-ciel-a-trois-volets\/","title":{"rendered":"Sac \u00e0 main \u00e0 trois volets en tweed Harris bleu ciel"},"content":{"rendered":"<p>CB2404 1813A1 \u00c9rable<\/p>","protected":false},"excerpt":{"rendered":"<p>Sac \u00e0 main \u00e0 trois volets en tweed Harris bleu ciel.<\/p>\n<p>Inspir\u00e9 de notre best-seller, le porte-monnaie zipp\u00e9, ce portefeuille en tweed Harris \u00e0 trois volets est dot\u00e9 de la m\u00eame poche zipp\u00e9e facile d&#039;acc\u00e8s. Un mod\u00e8le pratique, id\u00e9al pour transporter cartes, pi\u00e8ces et billets.<\/p>","protected":false},"featured_media":543876,"template":"","meta":[],"product_brand":[],"product_cat":[1212,1169,1142,1162,1138,1066,901,808],"product_tag":[],"class_list":{"0":"post-543680","1":"product","2":"type-product","3":"status-publish","4":"has-post-thumbnail","6":"product_cat-harris-tweed","7":"product_cat-harris-tweed-geldborsen","8":"product_cat-harris-tweed-portemonnees","9":"product_cat-harris-tweed-taschen","10":"product_cat-harris-tweed-tassen","11":"product_cat-portemonnee","12":"product_cat-taschen","13":"product_cat-tassen","14":"pa_merk-maccessori","16":"first","17":"instock","18":"taxable","19":"shipping-taxable","20":"purchasable","21":"product-type-simple"},"df_price":29.95,"df_sale_price":"","df_regular_price":29.95,"df_image_link":"https:\/\/harristweed-shop.be\/wp-content\/uploads\/2026\/02\/c1cb16544e11f22eb515f1f3d0234637_Harris_Tweed_Trifold_Purse_In_Sky_Blue-300x300.jpeg","_links":{"self":[{"href":"https:\/\/harristweed-shop.be\/fr\/wp-json\/wp\/v2\/product\/543680","targetHints":{"allow":["GET"]}}],"collection":[{"href":"https:\/\/harristweed-shop.be\/fr\/wp-json\/wp\/v2\/product"}],"about":[{"href":"https:\/\/harristweed-shop.be\/fr\/wp-json\/wp\/v2\/types\/product"}],"wp:featuredmedia":[{"embeddable":true,"href":"https:\/\/harristweed-shop.be\/fr\/wp-json\/wp\/v2\/media\/543876"}],"wp:attachment":[{"href":"https:\/\/harristweed-shop.be\/fr\/wp-json\/wp\/v2\/media?parent=543680"}],"wp:term":[{"taxonomy":"product_brand","embeddable":true,"href":"https:\/\/harristweed-shop.be\/fr\/wp-json\/wp\/v2\/product_brand?post=543680"},{"taxonomy":"product_cat","embeddable":true,"href":"https:\/\/harristweed-shop.be\/fr\/wp-json\/wp\/v2\/product_cat?post=543680"},{"taxonomy":"product_tag","embeddable":true,"href":"https:\/\/harristweed-shop.be\/fr\/wp-json\/wp\/v2\/product_tag?post=543680"}],"curies":[{"name":"wp","href":"https:\/\/api.w.org\/{rel}","templated":true}]}}