{"id":543652,"date":"2026-02-10T10:05:34","date_gmt":"2026-02-10T10:05:34","guid":{"rendered":"https:\/\/harristweed-shop.be\/product\/harris-tweed-trifold-purse-in-blue-brown-check\/"},"modified":"2026-04-07T08:55:17","modified_gmt":"2026-04-07T08:55:17","slug":"harris-tweed-trifold-purse-in-blue-brown-check","status":"publish","type":"product","link":"https:\/\/harristweed-shop.be\/fr\/produit\/sac-a-main-harris-en-tweed-bleu-marron-a-trois-volets\/","title":{"rendered":"Sac \u00e0 main \u00e0 trois volets en tweed Harris \u00e0 carreaux bleus et marrons"},"content":{"rendered":"<p>Inspir\u00e9 de notre best-seller, le sac \u00e0 main zipp\u00e9, ce portefeuille \u00e0 trois volets en tweed Harris est dot\u00e9 de la m\u00eame poche zipp\u00e9e facile d&#039;acc\u00e8s que notre sac \u00e0 main zipp\u00e9 en tweed Harris. <\/p>\n<p>Un design pratique, id\u00e9al pour transporter cartes, pi\u00e8ces et billets. <\/p>\n<p>Pour un petit portefeuille en Harris Tweed, il offre une quantit\u00e9 surprenante de fonctionnalit\u00e9s :<br \/>\n<br \/>\u2013 Poche ext\u00e9rieure zipp\u00e9e<br \/>\n<br \/>\u2013 6 emplacements pour cartes<br \/>\n<br \/>\u2013 1 emplacement pour carte transparent<br \/>\n<br \/>\u2013 Compartiment pour les billets\n<\/p>\n<p>Notre sac \u00e0 main \u00e0 trois volets est disponible en neuf coloris Harris Tweed. La finition du cuir v\u00e9gan varie selon le coloris Harris Tweed choisi.<br \/>\u2013 Motif \u00e0 chevrons turquoise \u2013 Cuir v\u00e9gan gris<br \/>\n<br \/>\u2013 Motif violet \u2013 Cuir v\u00e9gan bordeaux<br \/>\n<br \/>\u2013 Carreaux verts\/violets \u2013 Cuir v\u00e9gan violet<br \/>\n<br \/>\u2013 Carreaux bleus et marrons, vert campagne \u2013 Cuir v\u00e9gan marron<br \/>\n<br \/>\u2013 \u00c9rable \u2013 Cuir v\u00e9g\u00e9talien couleur olive<br \/>\n<br \/>\u2013 Rose pastel \u2013 Cuir v\u00e9g\u00e9talien \u00e0 la confiture de baies<br \/>\n<br \/>\u2013 Carreaux bleus et roses \u2013 Cuir v\u00e9gan noir\n<\/p>\n<p>Portefeuille Harris Tweed \u00e0 trois volets - Dimensions : 10,5 cm x 8,5 cm x 3,5 cm<\/p>","protected":false},"excerpt":{"rendered":"<p>Sac \u00e0 main Harris Tweed \u00e0 trois volets, \u00e0 carreaux bleus et marrons.<\/p>\n<p>Inspir\u00e9 de notre best-seller, le porte-monnaie zipp\u00e9, ce portefeuille en tweed Harris \u00e0 trois volets est dot\u00e9 de la m\u00eame poche zipp\u00e9e facile d&#039;acc\u00e8s. Un mod\u00e8le pratique, id\u00e9al pour transporter cartes, pi\u00e8ces et billets.<\/p>","protected":false},"featured_media":543767,"template":"","meta":[],"product_brand":[],"product_cat":[1212,1169,1142,1162,1138,1066,901,808],"product_tag":[],"class_list":{"0":"post-543652","1":"product","2":"type-product","3":"status-publish","4":"has-post-thumbnail","6":"product_cat-harris-tweed","7":"product_cat-harris-tweed-geldborsen","8":"product_cat-harris-tweed-portemonnees","9":"product_cat-harris-tweed-taschen","10":"product_cat-harris-tweed-tassen","11":"product_cat-portemonnee","12":"product_cat-taschen","13":"product_cat-tassen","14":"pa_merk-maccessori","16":"first","17":"instock","18":"taxable","19":"shipping-taxable","20":"purchasable","21":"product-type-simple"},"df_price":29.95,"df_sale_price":"","df_regular_price":29.95,"df_image_link":"https:\/\/harristweed-shop.be\/wp-content\/uploads\/2026\/02\/2997fd126cd2f6161f561d7688557036_Harris_Tweed_Trifold_Purse_In_Blue_Brown_Check-300x300.jpeg","_links":{"self":[{"href":"https:\/\/harristweed-shop.be\/fr\/wp-json\/wp\/v2\/product\/543652","targetHints":{"allow":["GET"]}}],"collection":[{"href":"https:\/\/harristweed-shop.be\/fr\/wp-json\/wp\/v2\/product"}],"about":[{"href":"https:\/\/harristweed-shop.be\/fr\/wp-json\/wp\/v2\/types\/product"}],"wp:featuredmedia":[{"embeddable":true,"href":"https:\/\/harristweed-shop.be\/fr\/wp-json\/wp\/v2\/media\/543767"}],"wp:attachment":[{"href":"https:\/\/harristweed-shop.be\/fr\/wp-json\/wp\/v2\/media?parent=543652"}],"wp:term":[{"taxonomy":"product_brand","embeddable":true,"href":"https:\/\/harristweed-shop.be\/fr\/wp-json\/wp\/v2\/product_brand?post=543652"},{"taxonomy":"product_cat","embeddable":true,"href":"https:\/\/harristweed-shop.be\/fr\/wp-json\/wp\/v2\/product_cat?post=543652"},{"taxonomy":"product_tag","embeddable":true,"href":"https:\/\/harristweed-shop.be\/fr\/wp-json\/wp\/v2\/product_tag?post=543652"}],"curies":[{"name":"wp","href":"https:\/\/api.w.org\/{rel}","templated":true}]}}