{"id":543613,"date":"2026-02-10T10:05:00","date_gmt":"2026-02-10T10:05:00","guid":{"rendered":"https:\/\/harristweed-shop.be\/product\/harris-tweed-quilt-shoulder-bag-in-blue\/"},"modified":"2026-04-07T09:10:19","modified_gmt":"2026-04-07T09:10:19","slug":"harris-tweed-quilt-shoulder-bag-in-blue","status":"publish","type":"product","link":"https:\/\/harristweed-shop.be\/fr\/produit\/sac-bandouliere-matelasse-en-tweed-harris-bleu\/","title":{"rendered":"Sac bandouli\u00e8re matelass\u00e9 en tweed Harris bleu"},"content":{"rendered":"<p>Avec des d\u00e9tails inspir\u00e9s de certains des sacs les plus convoit\u00e9s de cette saison, notre sac \u00e0 bandouli\u00e8re matelass\u00e9 en tweed Harris est l&#039;un de nos mod\u00e8les les plus glamour. <\/p>\n<p>Confectionn\u00e9 en Harris Tweed, ce sac bandouli\u00e8re est dot\u00e9 d&#039;un rabat matelass\u00e9 et d&#039;une poche ouverte \u00e0 l&#039;arri\u00e8re, ainsi que d&#039;une poche int\u00e9rieure zipp\u00e9e s\u00e9curis\u00e9e. <\/p>\n<p>\u00c9tonnamment spacieux avec son int\u00e9rieur \u00e0 deux compartiments, il pourrait ressembler \u00e0 un sac de soir\u00e9e, mais le sac bandouli\u00e8re Harris Tweed est une option polyvalente et pratique au quotidien. <\/p>\n<p>Dimensions : 14,5 cm x 21 cm x 6,5 cm<\/p>","protected":false},"excerpt":{"rendered":"<p>Sac bandouli\u00e8re matelass\u00e9 en tweed Harris bleu.<\/p>\n<p>Avec des d\u00e9tails inspir\u00e9s de certains des sacs les plus convoit\u00e9s de cette saison, notre sac \u00e0 bandouli\u00e8re matelass\u00e9 en tweed Harris est l&#039;un de nos mod\u00e8les les plus glamour.<\/p>","protected":false},"featured_media":543614,"template":"","meta":[],"product_brand":[],"product_cat":[903,904,1212,1163,1139,1162,1138,1221,901,808],"product_tag":[],"class_list":{"0":"post-543613","1":"product","2":"type-product","3":"status-publish","4":"has-post-thumbnail","6":"product_cat-handtas","7":"product_cat-handtaschen","8":"product_cat-harris-tweed","9":"product_cat-harris-tweed-handtasche","10":"product_cat-harris-tweed-handtassen","11":"product_cat-harris-tweed-taschen","12":"product_cat-harris-tweed-tassen","13":"product_cat-tas-harris-tweed","14":"product_cat-taschen","15":"product_cat-tassen","16":"pa_merk-maccessori","18":"first","19":"instock","20":"taxable","21":"shipping-taxable","22":"purchasable","23":"product-type-simple"},"df_price":69.95,"df_sale_price":"","df_regular_price":69.95,"df_image_link":"https:\/\/harristweed-shop.be\/wp-content\/uploads\/2026\/02\/cbe7ba84f6157bb26ef5c2e1046d1145_Harris_Tweed_Quilt_Shoulder_Bag_In_Blue-300x300.jpeg","_links":{"self":[{"href":"https:\/\/harristweed-shop.be\/fr\/wp-json\/wp\/v2\/product\/543613","targetHints":{"allow":["GET"]}}],"collection":[{"href":"https:\/\/harristweed-shop.be\/fr\/wp-json\/wp\/v2\/product"}],"about":[{"href":"https:\/\/harristweed-shop.be\/fr\/wp-json\/wp\/v2\/types\/product"}],"wp:featuredmedia":[{"embeddable":true,"href":"https:\/\/harristweed-shop.be\/fr\/wp-json\/wp\/v2\/media\/543614"}],"wp:attachment":[{"href":"https:\/\/harristweed-shop.be\/fr\/wp-json\/wp\/v2\/media?parent=543613"}],"wp:term":[{"taxonomy":"product_brand","embeddable":true,"href":"https:\/\/harristweed-shop.be\/fr\/wp-json\/wp\/v2\/product_brand?post=543613"},{"taxonomy":"product_cat","embeddable":true,"href":"https:\/\/harristweed-shop.be\/fr\/wp-json\/wp\/v2\/product_cat?post=543613"},{"taxonomy":"product_tag","embeddable":true,"href":"https:\/\/harristweed-shop.be\/fr\/wp-json\/wp\/v2\/product_tag?post=543613"}],"curies":[{"name":"wp","href":"https:\/\/api.w.org\/{rel}","templated":true}]}}