{"id":543600,"date":"2026-02-10T10:03:30","date_gmt":"2026-02-10T10:03:30","guid":{"rendered":"https:\/\/harristweed-shop.be\/product\/harris-tweed-quilt-mini-tote-bag-in-country-green\/"},"modified":"2026-04-07T09:10:21","modified_gmt":"2026-04-07T09:10:21","slug":"harris-tweed-quilt-mini-tote-bag-in-country-green","status":"publish","type":"product","link":"https:\/\/harristweed-shop.be\/fr\/produit\/sac-cabas-mini-en-tweed-matelasse-harris-vert-campagne\/","title":{"rendered":"Sac cabas mini en tweed Harris vert campagne"},"content":{"rendered":"<p>D\u00e9couvrez notre mini sac cabas matelass\u00e9 en Harris Tweed. Ce sac \u00e9l\u00e9gant est confectionn\u00e9 en Harris Tweed matelass\u00e9 en losanges et se ferme par une fermeture \u00e9clair sur le dessus. <\/p>\n<p>Le sac en Harris Tweed poss\u00e8de une poche zipp\u00e9e \u00e0 l&#039;arri\u00e8re, une poche ouverte et une poche zipp\u00e9e \u00e0 l&#039;int\u00e9rieur. <\/p>\n<p>Gr\u00e2ce \u00e0 sa taille moyenne, ce sac offre suffisamment d&#039;espace pour tous vos objets du quotidien, alliant praticit\u00e9 et style. <\/p>\n<p>Dimensions : 24,5 cm x 19,5 cm x 9 cm<\/p>","protected":false},"excerpt":{"rendered":"<p>Sac cabas mini en tweed Harris vert campagne.<\/p>\n<p>D\u00e9couvrez notre mini sac cabas matelass\u00e9 en Harris Tweed. Ce sac \u00e9l\u00e9gant est confectionn\u00e9 en Harris Tweed matelass\u00e9 en losanges et se ferme par une fermeture \u00e9clair sur le dessus.<\/p>","protected":false},"featured_media":543601,"template":"","meta":[],"product_brand":[],"product_cat":[903,904,1212,1163,1139,1162,1138,1221,901,808],"product_tag":[],"class_list":{"0":"post-543600","1":"product","2":"type-product","3":"status-publish","4":"has-post-thumbnail","6":"product_cat-handtas","7":"product_cat-handtaschen","8":"product_cat-harris-tweed","9":"product_cat-harris-tweed-handtasche","10":"product_cat-harris-tweed-handtassen","11":"product_cat-harris-tweed-taschen","12":"product_cat-harris-tweed-tassen","13":"product_cat-tas-harris-tweed","14":"product_cat-taschen","15":"product_cat-tassen","16":"pa_merk-maccessori","18":"first","19":"instock","20":"taxable","21":"shipping-taxable","22":"purchasable","23":"product-type-simple"},"df_price":79.95,"df_sale_price":"","df_regular_price":79.95,"df_image_link":"https:\/\/harristweed-shop.be\/wp-content\/uploads\/2026\/02\/981a7caab178bab5f0e5cd50cb08b750_Harris_Tweed_Quilt_Mini_Tote_Bag_In_Country_Green-300x300.jpeg","_links":{"self":[{"href":"https:\/\/harristweed-shop.be\/fr\/wp-json\/wp\/v2\/product\/543600","targetHints":{"allow":["GET"]}}],"collection":[{"href":"https:\/\/harristweed-shop.be\/fr\/wp-json\/wp\/v2\/product"}],"about":[{"href":"https:\/\/harristweed-shop.be\/fr\/wp-json\/wp\/v2\/types\/product"}],"wp:featuredmedia":[{"embeddable":true,"href":"https:\/\/harristweed-shop.be\/fr\/wp-json\/wp\/v2\/media\/543601"}],"wp:attachment":[{"href":"https:\/\/harristweed-shop.be\/fr\/wp-json\/wp\/v2\/media?parent=543600"}],"wp:term":[{"taxonomy":"product_brand","embeddable":true,"href":"https:\/\/harristweed-shop.be\/fr\/wp-json\/wp\/v2\/product_brand?post=543600"},{"taxonomy":"product_cat","embeddable":true,"href":"https:\/\/harristweed-shop.be\/fr\/wp-json\/wp\/v2\/product_cat?post=543600"},{"taxonomy":"product_tag","embeddable":true,"href":"https:\/\/harristweed-shop.be\/fr\/wp-json\/wp\/v2\/product_tag?post=543600"}],"curies":[{"name":"wp","href":"https:\/\/api.w.org\/{rel}","templated":true}]}}