{"id":543566,"date":"2026-02-07T14:06:18","date_gmt":"2026-02-07T14:06:18","guid":{"rendered":"https:\/\/harristweed-shop.be\/product\/harris-tweed-satchel-bag-in-blue-pink-check\/"},"modified":"2026-04-07T09:25:29","modified_gmt":"2026-04-07T09:25:29","slug":"harris-tweed-satchel-bag-in-blue-pink-check","status":"publish","type":"product","link":"https:\/\/harristweed-shop.be\/fr\/produit\/sacoche-harris-en-tweed-a-carreaux-bleus-et-roses\/","title":{"rendered":"Sacoche en tweed Harris \u00e0 carreaux bleus et roses"},"content":{"rendered":"<p>Notre sac Harris Tweed Satchel est \u00e9l\u00e9gant, styl\u00e9 et figure parmi nos meilleures ventes. <\/p>\n<p>Dot\u00e9 de notre finition Harris Tweed embl\u00e9matique d\u00e9clin\u00e9e dans une vari\u00e9t\u00e9 de couleurs Harris Tweed, ce mini sac cartable poss\u00e8de une longue bandouli\u00e8re r\u00e9glable. <\/p>\n<p>Le sac poss\u00e8de des poches int\u00e9rieures, une poche ouverte sur le devant et une poche zipp\u00e9e \u00e0 l&#039;arri\u00e8re.  <\/p>\n<p>La finition de notre cuir v\u00e9g\u00e9talien varie selon la couleur du Harris Tweed\u00a0:<br \/>\n<br \/>\u2013 Motif \u00e0 chevrons turquoise \u2013 Cuir v\u00e9gan gris<br \/>\n<br \/>\u2013 Motif \u00e0 carreaux violets \u2013 Cuir v\u00e9g\u00e9talien rouge bordeaux<br \/>\n<br \/>\u2013 Carreaux verts et violets \u2013 Cuir v\u00e9gan violet<br \/>\n<br \/>\u2013 Motif \u00e0 carreaux bleus et marrons \u2013 Cuir v\u00e9gan marron<br \/>\n<br \/>\u2013 \u00c9rable \u2013 Cuir v\u00e9g\u00e9talien vert olive<br \/>\u2013 Vert campagne \u2013 Cuir v\u00e9g\u00e9talien marron<br \/>\n<br \/>\u2013 Carreaux bleus et roses \u2013 Cuir v\u00e9gan noir<br \/>\n<br \/>\u2013 Rose pastel \u2013 Cuir v\u00e9g\u00e9talien \u00e0 la confiture de baies\n<\/p>\n<p>Toutes les autres couleurs sont en cuir v\u00e9g\u00e9talien noir.<\/p>\n<p>Dimensions du sac Harris Tweed Satchel : 25 cm x 22 cm x 6 cm<\/p>","protected":false},"excerpt":{"rendered":"<p>Sacoche en tweed Harris \u00e0 carreaux bleus et roses.<\/p>\n<p>Notre sac cartable Harris Tweed est \u00e9l\u00e9gant et raffin\u00e9, et figure parmi nos meilleures ventes. Confectionn\u00e9 dans notre tissu Harris Tweed embl\u00e9matique et disponible dans une vari\u00e9t\u00e9 de coloris, ce mini sac cartable est dot\u00e9 d&#039;une longue bandouli\u00e8re ajustable.<\/p>","protected":false},"featured_media":543567,"template":"","meta":[],"product_brand":[],"product_cat":[903,904,1163,1139,1162,1138,1221,901,808],"product_tag":[],"class_list":{"0":"post-543566","1":"product","2":"type-product","3":"status-publish","4":"has-post-thumbnail","6":"product_cat-handtas","7":"product_cat-handtaschen","8":"product_cat-harris-tweed-handtasche","9":"product_cat-harris-tweed-handtassen","10":"product_cat-harris-tweed-taschen","11":"product_cat-harris-tweed-tassen","12":"product_cat-tas-harris-tweed","13":"product_cat-taschen","14":"product_cat-tassen","15":"pa_merk-maccessori","17":"first","18":"instock","19":"taxable","20":"shipping-taxable","21":"purchasable","22":"product-type-simple"},"df_price":89.95,"df_sale_price":"","df_regular_price":89.95,"df_image_link":"https:\/\/harristweed-shop.be\/wp-content\/uploads\/2026\/02\/61c35dc8bab15d74386ed681d08f6941_Harris_Tweed_Satchel_Bag_In_Blue_Pink_Check-300x300.jpeg","_links":{"self":[{"href":"https:\/\/harristweed-shop.be\/fr\/wp-json\/wp\/v2\/product\/543566","targetHints":{"allow":["GET"]}}],"collection":[{"href":"https:\/\/harristweed-shop.be\/fr\/wp-json\/wp\/v2\/product"}],"about":[{"href":"https:\/\/harristweed-shop.be\/fr\/wp-json\/wp\/v2\/types\/product"}],"wp:featuredmedia":[{"embeddable":true,"href":"https:\/\/harristweed-shop.be\/fr\/wp-json\/wp\/v2\/media\/543567"}],"wp:attachment":[{"href":"https:\/\/harristweed-shop.be\/fr\/wp-json\/wp\/v2\/media?parent=543566"}],"wp:term":[{"taxonomy":"product_brand","embeddable":true,"href":"https:\/\/harristweed-shop.be\/fr\/wp-json\/wp\/v2\/product_brand?post=543566"},{"taxonomy":"product_cat","embeddable":true,"href":"https:\/\/harristweed-shop.be\/fr\/wp-json\/wp\/v2\/product_cat?post=543566"},{"taxonomy":"product_tag","embeddable":true,"href":"https:\/\/harristweed-shop.be\/fr\/wp-json\/wp\/v2\/product_tag?post=543566"}],"curies":[{"name":"wp","href":"https:\/\/api.w.org\/{rel}","templated":true}]}}