{"id":543538,"date":"2026-02-07T13:36:44","date_gmt":"2026-02-07T13:36:44","guid":{"rendered":"https:\/\/harristweed-shop.be\/product\/harris-tweed-camera-bag-in-maple\/"},"modified":"2026-04-09T21:33:44","modified_gmt":"2026-04-09T21:33:44","slug":"harris-tweed-camera-bag-in-maple","status":"publish","type":"product","link":"https:\/\/harristweed-shop.be\/fr\/produit\/sac-photo-harris-en-tweed-couleur-erable\/","title":{"rendered":"Sac photo en tweed Harris couleur \u00e9rable"},"content":{"rendered":"<p>Ce sac photo en Harris Tweed est con\u00e7u avec deux poches int\u00e9rieures zipp\u00e9es pour ranger tous vos accessoires essentiels, une poche ext\u00e9rieure zipp\u00e9e et une poche ouverte avec fermeture magn\u00e9tique. <\/p>\n<p>Chaque mod\u00e8le Harris Tweed est fourni avec une bandouli\u00e8re diff\u00e9rente, assortie aux couleurs du tissage. Ce sac iconique en Harris Tweed se porte aussi bien en journ\u00e9e que, gr\u00e2ce \u00e0 sa bandouli\u00e8re amovible, en pochette le soir. <\/p>\n<p>Notre sac photo est disponible en huit coloris Harris Tweed. La finition en cuir v\u00e9gan varie selon le coloris Harris Tweed choisi.<br \/>\n<br \/>\u2013 Motif \u00e0 chevrons turquoise \u2013 Cuir v\u00e9gan gris<br \/>\n<br \/>\u2013 Motif \u00e0 carreaux violets \u2013 Cuir v\u00e9g\u00e9talien rouge bordeaux<br \/>\n<br \/>\u2013 Carreaux verts et violets \u2013 Cuir v\u00e9gan violet<br \/>\n<br \/>\u2013 Motif \u00e0 carreaux bleus et marrons \u2013 Cuir v\u00e9gan marron<br \/>\n<br \/>\u2013 \u00c9rable \u2013 Cuir v\u00e9g\u00e9talien vert olive<br \/>\u2013 Vert campagne \u2013 Cuir v\u00e9g\u00e9talien marron<br \/>\n<br \/>\u2013 Carreaux bleus et roses \u2013 Cuir v\u00e9gan noir<br \/>\n<br \/>\u2013 Rose pastel \u2013 Cuir v\u00e9g\u00e9talien \u00e0 la confiture de baies\n<\/p>\n<p>Dimensions du sac photo en Harris Tweed : 23 cm x 16 cm x 10 cm<\/p>","protected":false},"excerpt":{"rendered":"<p>Sac photo en tweed Harris couleur \u00e9rable.<\/p>\n<p>Ce sac photo en Harris Tweed est con\u00e7u avec deux poches int\u00e9rieures zipp\u00e9es pour ranger tous vos accessoires essentiels, une poche ext\u00e9rieure zipp\u00e9e et une poche ouverte avec fermeture magn\u00e9tique.<\/p>","protected":false},"featured_media":543539,"template":"","meta":[],"product_brand":[],"product_cat":[903,904,1163,1139,1162,1138,1221,901,808],"product_tag":[],"class_list":{"0":"post-543538","1":"product","2":"type-product","3":"status-publish","4":"has-post-thumbnail","6":"product_cat-handtas","7":"product_cat-handtaschen","8":"product_cat-harris-tweed-handtasche","9":"product_cat-harris-tweed-handtassen","10":"product_cat-harris-tweed-taschen","11":"product_cat-harris-tweed-tassen","12":"product_cat-tas-harris-tweed","13":"product_cat-taschen","14":"product_cat-tassen","15":"pa_merk-maccessori","17":"first","18":"instock","19":"taxable","20":"shipping-taxable","21":"purchasable","22":"product-type-simple"},"df_price":69.95,"df_sale_price":"","df_regular_price":69.95,"df_image_link":"https:\/\/harristweed-shop.be\/wp-content\/uploads\/2026\/02\/5dc163ba7cf217da3a4a7a2ccbd3878b_Harris_Tweed_Camera_Bag_In_Maple-300x300.jpeg","_links":{"self":[{"href":"https:\/\/harristweed-shop.be\/fr\/wp-json\/wp\/v2\/product\/543538","targetHints":{"allow":["GET"]}}],"collection":[{"href":"https:\/\/harristweed-shop.be\/fr\/wp-json\/wp\/v2\/product"}],"about":[{"href":"https:\/\/harristweed-shop.be\/fr\/wp-json\/wp\/v2\/types\/product"}],"wp:featuredmedia":[{"embeddable":true,"href":"https:\/\/harristweed-shop.be\/fr\/wp-json\/wp\/v2\/media\/543539"}],"wp:attachment":[{"href":"https:\/\/harristweed-shop.be\/fr\/wp-json\/wp\/v2\/media?parent=543538"}],"wp:term":[{"taxonomy":"product_brand","embeddable":true,"href":"https:\/\/harristweed-shop.be\/fr\/wp-json\/wp\/v2\/product_brand?post=543538"},{"taxonomy":"product_cat","embeddable":true,"href":"https:\/\/harristweed-shop.be\/fr\/wp-json\/wp\/v2\/product_cat?post=543538"},{"taxonomy":"product_tag","embeddable":true,"href":"https:\/\/harristweed-shop.be\/fr\/wp-json\/wp\/v2\/product_tag?post=543538"}],"curies":[{"name":"wp","href":"https:\/\/api.w.org\/{rel}","templated":true}]}}