{"id":543461,"date":"2026-02-07T12:06:44","date_gmt":"2026-02-07T12:06:44","guid":{"rendered":"https:\/\/harristweed-shop.be\/product\/harris-tweed-sling-bag-in-maple\/"},"modified":"2026-04-07T09:41:04","modified_gmt":"2026-04-07T09:41:04","slug":"harris-tweed-sling-bag-in-maple","status":"publish","type":"product","link":"https:\/\/harristweed-shop.be\/fr\/produit\/sac-bandouliere-harris-en-tweed-couleur-erable\/","title":{"rendered":"Sac bandouli\u00e8re Harris Tweed couleur \u00e9rable"},"content":{"rendered":"<p>Le sac bandouli\u00e8re en tweed Harris est devenu l&#039;un de nos sacs pr\u00e9f\u00e9r\u00e9s au quotidien. <\/p>\n<p>Disponible en sept tissus tweed diff\u00e9rents, le sac bandouli\u00e8re offre un espace g\u00e9n\u00e9reux pour tous vos essentiels du quotidien, le tout dans un design \u00e9l\u00e9gant et pratique. Confectionn\u00e9 en authentique tweed Harris, il est dot\u00e9 d&#039;une large bandouli\u00e8re permettant un port\u00e9 main ou \u00e9paule tout en douceur. <\/p>\n<p>Dimensions : 12 cm x 30 cm x 8 cm<\/p>","protected":false},"excerpt":{"rendered":"<p>Sac bandouli\u00e8re Harris Tweed couleur \u00e9rable.<\/p>\n<p>Le sac bandouli\u00e8re en tweed Harris est devenu l&#039;un de nos sacs pr\u00e9f\u00e9r\u00e9s au quotidien.<\/p>","protected":false},"featured_media":543526,"template":"","meta":[],"product_brand":[],"product_cat":[903,904,1163,1139,1162,1138,1221,901,808],"product_tag":[],"class_list":{"0":"post-543461","1":"product","2":"type-product","3":"status-publish","4":"has-post-thumbnail","6":"product_cat-handtas","7":"product_cat-handtaschen","8":"product_cat-harris-tweed-handtasche","9":"product_cat-harris-tweed-handtassen","10":"product_cat-harris-tweed-taschen","11":"product_cat-harris-tweed-tassen","12":"product_cat-tas-harris-tweed","13":"product_cat-taschen","14":"product_cat-tassen","15":"pa_merk-maccessori","17":"first","18":"instock","19":"taxable","20":"shipping-taxable","21":"purchasable","22":"product-type-simple"},"df_price":69.95,"df_sale_price":"","df_regular_price":69.95,"df_image_link":"https:\/\/harristweed-shop.be\/wp-content\/uploads\/2026\/02\/02b69478d7b468f94f2449460634ca76_Harris_Tweed_Sling_Bag_In_Maple-300x300.jpeg","_links":{"self":[{"href":"https:\/\/harristweed-shop.be\/fr\/wp-json\/wp\/v2\/product\/543461","targetHints":{"allow":["GET"]}}],"collection":[{"href":"https:\/\/harristweed-shop.be\/fr\/wp-json\/wp\/v2\/product"}],"about":[{"href":"https:\/\/harristweed-shop.be\/fr\/wp-json\/wp\/v2\/types\/product"}],"wp:featuredmedia":[{"embeddable":true,"href":"https:\/\/harristweed-shop.be\/fr\/wp-json\/wp\/v2\/media\/543526"}],"wp:attachment":[{"href":"https:\/\/harristweed-shop.be\/fr\/wp-json\/wp\/v2\/media?parent=543461"}],"wp:term":[{"taxonomy":"product_brand","embeddable":true,"href":"https:\/\/harristweed-shop.be\/fr\/wp-json\/wp\/v2\/product_brand?post=543461"},{"taxonomy":"product_cat","embeddable":true,"href":"https:\/\/harristweed-shop.be\/fr\/wp-json\/wp\/v2\/product_cat?post=543461"},{"taxonomy":"product_tag","embeddable":true,"href":"https:\/\/harristweed-shop.be\/fr\/wp-json\/wp\/v2\/product_tag?post=543461"}],"curies":[{"name":"wp","href":"https:\/\/api.w.org\/{rel}","templated":true}]}}