{"id":543381,"date":"2026-02-07T11:35:42","date_gmt":"2026-02-07T11:35:42","guid":{"rendered":"https:\/\/harristweed-shop.be\/product\/harris-tweed-mini-crossbody-bag-in-maple\/"},"modified":"2026-04-07T09:55:20","modified_gmt":"2026-04-07T09:55:20","slug":"harris-tweed-mini-crossbody-bag-in-maple","status":"publish","type":"product","link":"https:\/\/harristweed-shop.be\/fr\/produit\/sac-bandouliere-mini-harris-en-tweed-couleur-erable\/","title":{"rendered":"Sac bandouli\u00e8re mini Harris Tweed couleur \u00e9rable"},"content":{"rendered":"<p><span style=\"font-family: Poppins, sans-serif;font-size: 14px\">Notre mini sac bandouli\u00e8re en tweed Harris est le sac id\u00e9al pour voyager l\u00e9ger. Ce mini sac poss\u00e8de de nombreux compartiments pour ranger tous vos essentiels. Il est con\u00e7u pour que tout soit facilement accessible.<\/span><\/p>\n<p>Ce sac poss\u00e8de deux compartiments int\u00e9rieurs zipp\u00e9s. Une poche ouverte \u00e0 l&#039;avant (sous le rabat) permet d&#039;acc\u00e9der rapidement \u00e0 vos objets essentiels. Enfin, une poche zipp\u00e9e se trouve \u00e0 l&#039;arri\u00e8re. Gr\u00e2ce \u00e0 sa bandouli\u00e8re enti\u00e8rement r\u00e9glable, vous pouvez porter notre mini sac en tweed Harris \u00e0 l&#039;\u00e9paule ou en bandouli\u00e8re pour un style mains libres.<\/p>\n<p>La finition de notre cuir v\u00e9g\u00e9talien varie selon la couleur de Harris Tweed que vous choisissez\u00a0:<br \/>\u2013 Tweed turquoise \u00e0 chevrons \u2013 Cuir v\u00e9gan gris<br \/>\u2013 Tweed \u00e0 carreaux violets \u2013 Cuir v\u00e9gan couleur bordeaux<br \/>\u2013 Carreaux verts et violets \u2013 Cuir v\u00e9gan violet<br \/>\u2013 Tweed \u00e0 carreaux bleus et marrons, motif chevrons vert campagne \u2013 Cuir v\u00e9gan marron<br \/>\u2013 \u00c9rable \u2013 Cuir v\u00e9g\u00e9talien couleur olive<br \/>\u2013 Toutes les autres couleurs sont en cuir v\u00e9g\u00e9talien noir.<\/p>\n<p>Dimensions du mini sac en tweed\u00a0: 21\u00a0cm x 13,5\u00a0cm x 3\u00a0cm<\/p>","protected":false},"excerpt":{"rendered":"<p>Sac bandouli\u00e8re mini Harris Tweed couleur \u00e9rable.<\/p>\n<p>Notre mini sac bandouli\u00e8re en tweed Harris est le sac id\u00e9al pour voyager l\u00e9ger. Ce mini sac poss\u00e8de de nombreux compartiments pour ranger tous vos essentiels. Il est con\u00e7u pour que tout soit facilement accessible.<\/p>","protected":false},"featured_media":543382,"template":"","meta":[],"product_brand":[],"product_cat":[903,904,1163,1139,1162,1138,1221,901,808],"product_tag":[],"class_list":{"0":"post-543381","1":"product","2":"type-product","3":"status-publish","4":"has-post-thumbnail","6":"product_cat-handtas","7":"product_cat-handtaschen","8":"product_cat-harris-tweed-handtasche","9":"product_cat-harris-tweed-handtassen","10":"product_cat-harris-tweed-taschen","11":"product_cat-harris-tweed-tassen","12":"product_cat-tas-harris-tweed","13":"product_cat-taschen","14":"product_cat-tassen","15":"pa_merk-maccessori","17":"first","18":"instock","19":"taxable","20":"shipping-taxable","21":"purchasable","22":"product-type-simple"},"df_price":49.95,"df_sale_price":"","df_regular_price":49.95,"df_image_link":"https:\/\/harristweed-shop.be\/wp-content\/uploads\/2026\/02\/312e88c61a2422adca987b2ca7744ece_Harris_Tweed_Mini_Crossbody_Bag_in_Maple-300x300.jpeg","_links":{"self":[{"href":"https:\/\/harristweed-shop.be\/fr\/wp-json\/wp\/v2\/product\/543381","targetHints":{"allow":["GET"]}}],"collection":[{"href":"https:\/\/harristweed-shop.be\/fr\/wp-json\/wp\/v2\/product"}],"about":[{"href":"https:\/\/harristweed-shop.be\/fr\/wp-json\/wp\/v2\/types\/product"}],"wp:featuredmedia":[{"embeddable":true,"href":"https:\/\/harristweed-shop.be\/fr\/wp-json\/wp\/v2\/media\/543382"}],"wp:attachment":[{"href":"https:\/\/harristweed-shop.be\/fr\/wp-json\/wp\/v2\/media?parent=543381"}],"wp:term":[{"taxonomy":"product_brand","embeddable":true,"href":"https:\/\/harristweed-shop.be\/fr\/wp-json\/wp\/v2\/product_brand?post=543381"},{"taxonomy":"product_cat","embeddable":true,"href":"https:\/\/harristweed-shop.be\/fr\/wp-json\/wp\/v2\/product_cat?post=543381"},{"taxonomy":"product_tag","embeddable":true,"href":"https:\/\/harristweed-shop.be\/fr\/wp-json\/wp\/v2\/product_tag?post=543381"}],"curies":[{"name":"wp","href":"https:\/\/api.w.org\/{rel}","templated":true}]}}