{"id":54338,"date":"2023-05-04T09:04:35","date_gmt":"2023-05-04T09:04:35","guid":{"rendered":"https:\/\/harristweed-shop.be\/product\/sokken-bordeaux\/"},"modified":"2026-05-05T05:58:47","modified_gmt":"2026-05-05T05:58:47","slug":"sokken-bordeaux","status":"publish","type":"product","link":"https:\/\/harristweed-shop.be\/fr\/produit\/chaussettes-bordeaux\/","title":{"rendered":"Chaussettes Homme Coton Tutti Colori Vin"},"content":{"rendered":"<p>Les chaussettes bordeaux de Carlo Lanza apportent \u00e0 votre tenue une couleur profonde et chaleureuse, \u00e0 la fois intemporelle et moderne. Ces chaussettes pour homme de la collection Tutti Colori sont parfaites pour toutes les occasions, formelles ou d\u00e9contract\u00e9es, du bureau au d\u00eener. Le coton \u00e9gyptien garantit un confort souple et une excellente durabilit\u00e9. Leurs finitions sont soign\u00e9es\u00a0: pointes cousues main et bord-c\u00f4tes robustes et confortables. Fabriqu\u00e9es en Italie, elles sont pr\u00e9lav\u00e9es et repass\u00e9es pour \u00e9viter le r\u00e9tr\u00e9cissement, et bien s\u00fbr, soumises \u00e0 un contr\u00f4le qualit\u00e9 rigoureux. Acheter des chaussettes pour homme chez Carlo Lanza, c\u2019est s\u2019offrir une exp\u00e9rience de luxe et de fiabilit\u00e9. Pour un style raffin\u00e9, associez le bordeaux au gris, au beige ou au bleu marine. Lavage \u00e0 30\u00a0\u00b0C, \u00e0 l\u2019envers, s\u00e9chage \u00e0 l\u2019air libre.<\/p>\n<p>Toutes les chaussettes et bas haut de gamme de la marque Carlo Lanza sont confectionn\u00e9s artisanalement avec le plus grand soin dans une usine italienne. Ici, la fabrication de chaussettes est un v\u00e9ritable art. Au sein de cette entreprise familiale, seuls les tissus les plus fins au monde sont utilis\u00e9s pour garantir la qualit\u00e9 de leurs produits. Cependant, ces mati\u00e8res \u00e9tant d\u00e9licates, il est important de manipuler et de nettoyer vos chaussettes et bas haut de gamme avec pr\u00e9caution.<\/p>\n<p>Nos chaussettes de qualit\u00e9 finissent souvent par se retrouver dans le tas de linge sale et, malheureusement, elles ne re\u00e7oivent pas beaucoup d&#039;attention. Cependant, nous souhaitons vous donner quelques conseils pour laver vos chaussettes et pr\u00e9server ainsi leur belle couleur. Si vous suivez les conseils ci-dessous apr\u00e8s avoir achet\u00e9 nos chaussettes, vous constaterez qu&#039;ils prolongeront leur dur\u00e9e de vie\u00a0:<\/p>\n<ul>\n<li>Lavez vos chaussettes \u00e0 une temp\u00e9rature maximale de 30 degr\u00e9s.<\/li>\n<li>Il est pr\u00e9f\u00e9rable de laver ses chaussettes \u00e0 l&#039;envers.<\/li>\n<li>Faites s\u00e9cher vos chaussettes sur l&#039;\u00e9tendoir \u00e0 linge et non dans le s\u00e8che-linge.<\/li>\n<li>\u00c9vitez autant que possible de porter des chaussettes \u00e0 l&#039;int\u00e9rieur. Portez des chaussons ou des tongs confortables pour pr\u00e9server vos chaussettes.<\/li>\n<\/ul>\n<p>Marque : Carlo Lanza<br \/>\nMati\u00e8re : 80% coton \u00e9gyptien | 16% polyamide | 4% \u00e9lasthanne<br \/>\nTraitement suppl\u00e9mentaire : le fil d&#039;\u00e9cosse apporte un \u00e9clat soyeux sur les chaussettes<br \/>\nDisponible dans les tailles : S (39-43) et M (44-48).<br \/>\nLongueur de la chaussette \u00e0 partir du talon : \u00b1 27 cm<br \/>\nD\u00e9tails\u00a0: Bout remaill\u00e9 \u00e0 la main. Le bout et le talon sont renforc\u00e9s de nylon, ce qui les rend tr\u00e8s r\u00e9sistants.<br \/>\nLabel de qualit\u00e9 Oeko Tex\u00ae<br \/>\nFabriqu\u00e9 en Italie<\/p>","protected":false},"excerpt":{"rendered":"<p>Chaussettes Homme Coton Tutti Colori Vin.<\/p>\n<p>Les chaussettes bordeaux de Carlo Lanza apportent \u00e0 votre tenue une couleur profonde et chaleureuse, \u00e0 la fois intemporelle et moderne. Ces chaussettes pour homme de la collection Tutti Colori sont parfaites pour toutes les occasions, formelles ou d\u00e9contract\u00e9es, du bureau au restaurant.<\/p>","protected":false},"featured_media":54341,"template":"","meta":[],"product_brand":[],"product_cat":[925,134],"product_tag":[],"class_list":{"0":"post-54338","1":"product","2":"type-product","3":"status-publish","4":"has-post-thumbnail","6":"product_cat-socken","7":"product_cat-sokken","8":"pa_merk-carlolanza","10":"first","11":"instock","12":"taxable","13":"shipping-taxable","14":"purchasable","15":"product-type-variable"},"df_price":17.95,"df_sale_price":"","df_regular_price":17.95,"df_image_link":"https:\/\/harristweed-shop.be\/wp-content\/uploads\/2023\/05\/8717c3a6aa3acc2aff5322ce932e4cc1_100053_20201_4543-300x300.jpg","_links":{"self":[{"href":"https:\/\/harristweed-shop.be\/fr\/wp-json\/wp\/v2\/product\/54338","targetHints":{"allow":["GET"]}}],"collection":[{"href":"https:\/\/harristweed-shop.be\/fr\/wp-json\/wp\/v2\/product"}],"about":[{"href":"https:\/\/harristweed-shop.be\/fr\/wp-json\/wp\/v2\/types\/product"}],"wp:featuredmedia":[{"embeddable":true,"href":"https:\/\/harristweed-shop.be\/fr\/wp-json\/wp\/v2\/media\/54341"}],"wp:attachment":[{"href":"https:\/\/harristweed-shop.be\/fr\/wp-json\/wp\/v2\/media?parent=54338"}],"wp:term":[{"taxonomy":"product_brand","embeddable":true,"href":"https:\/\/harristweed-shop.be\/fr\/wp-json\/wp\/v2\/product_brand?post=54338"},{"taxonomy":"product_cat","embeddable":true,"href":"https:\/\/harristweed-shop.be\/fr\/wp-json\/wp\/v2\/product_cat?post=54338"},{"taxonomy":"product_tag","embeddable":true,"href":"https:\/\/harristweed-shop.be\/fr\/wp-json\/wp\/v2\/product_tag?post=54338"}],"curies":[{"name":"wp","href":"https:\/\/api.w.org\/{rel}","templated":true}]}}