{"id":543318,"date":"2026-02-07T11:05:36","date_gmt":"2026-02-07T11:05:36","guid":{"rendered":"https:\/\/harristweed-shop.be\/product\/harris-tweed-bifold-coin-wallet-in-blue\/"},"modified":"2026-04-07T10:10:19","modified_gmt":"2026-04-07T10:10:19","slug":"harris-tweed-bifold-coin-wallet-in-blue","status":"publish","type":"product","link":"https:\/\/harristweed-shop.be\/fr\/produit\/portefeuille-a-monnaie-harris-en-tweed-bleu-a-deux-volets\/","title":{"rendered":"Portefeuille \u00e0 deux volets en tweed Harris bleu"},"content":{"rendered":"<p>Ce portefeuille pliable pour homme vous permet de transporter vos essentiels avec style. <\/p>\n<p>Ce portefeuille minimaliste en tweed Harris est dot\u00e9 de six emplacements pour cartes, d&#039;un compartiment \u00e0 monnaie et de deux poches pour billets. Polyvalent, il apporte une touche d&#039;\u00e9l\u00e9gance \u00e0 vos tenues quotidiennes. <\/p>\n<p>La couleur de la finition en cuir v\u00e9g\u00e9talien varie en fonction de la couleur du Harris Tweed choisie\u00a0: <br \/>Cuir v\u00e9gan marron : \u00e0 carreaux bleus\/marrons et vert campagne. <br \/>Cuir v\u00e9gan noir\u00a0: bleu, \u00e0 carreaux bleus, safran, anthracite.<\/p>\n<p>Dimensions du portefeuille pliable pour homme : 9 cm x 11,5 cm x 1,5 cm.<\/p>","protected":false},"excerpt":{"rendered":"<p>Portefeuille \u00e0 monnaie Harris Tweed bleu, \u00e0 deux volets.<\/p>\n<p>Ce portefeuille pliable pour homme vous permet de transporter vos essentiels avec \u00e9l\u00e9gance. Ce portefeuille minimaliste en tweed Harris dispose de six emplacements pour cartes, d&#039;un compartiment \u00e0 monnaie et de deux poches pour billets.<\/p>","protected":false},"featured_media":543319,"template":"","meta":[],"product_brand":[],"product_cat":[1212,1169,1219,1241,1218,1142,1162,1138,1066,901,808],"product_tag":[],"class_list":{"0":"post-543318","1":"product","2":"type-product","3":"status-publish","4":"has-post-thumbnail","6":"product_cat-harris-tweed","7":"product_cat-harris-tweed-geldborsen","8":"product_cat-harris-tweed-kreditkartenetui","9":"product_cat-harris-tweed-kreditkartenetui-harris-tweed-taschen","10":"product_cat-harris-tweed-pasjeshouder","11":"product_cat-harris-tweed-portemonnees","12":"product_cat-harris-tweed-taschen","13":"product_cat-harris-tweed-tassen","14":"product_cat-portemonnee","15":"product_cat-taschen","16":"product_cat-tassen","17":"pa_merk-maccessori","19":"first","20":"instock","21":"taxable","22":"shipping-taxable","23":"purchasable","24":"product-type-simple"},"df_price":29.95,"df_sale_price":"","df_regular_price":29.95,"df_image_link":"https:\/\/harristweed-shop.be\/wp-content\/uploads\/2026\/02\/b85c34a34fd235e9b68c00690ef13c5d_Harris_Tweed_Bifold_Coin_Wallet_In_Blue_1-300x300.jpeg","_links":{"self":[{"href":"https:\/\/harristweed-shop.be\/fr\/wp-json\/wp\/v2\/product\/543318","targetHints":{"allow":["GET"]}}],"collection":[{"href":"https:\/\/harristweed-shop.be\/fr\/wp-json\/wp\/v2\/product"}],"about":[{"href":"https:\/\/harristweed-shop.be\/fr\/wp-json\/wp\/v2\/types\/product"}],"wp:featuredmedia":[{"embeddable":true,"href":"https:\/\/harristweed-shop.be\/fr\/wp-json\/wp\/v2\/media\/543319"}],"wp:attachment":[{"href":"https:\/\/harristweed-shop.be\/fr\/wp-json\/wp\/v2\/media?parent=543318"}],"wp:term":[{"taxonomy":"product_brand","embeddable":true,"href":"https:\/\/harristweed-shop.be\/fr\/wp-json\/wp\/v2\/product_brand?post=543318"},{"taxonomy":"product_cat","embeddable":true,"href":"https:\/\/harristweed-shop.be\/fr\/wp-json\/wp\/v2\/product_cat?post=543318"},{"taxonomy":"product_tag","embeddable":true,"href":"https:\/\/harristweed-shop.be\/fr\/wp-json\/wp\/v2\/product_tag?post=543318"}],"curies":[{"name":"wp","href":"https:\/\/api.w.org\/{rel}","templated":true}]}}