{"id":543235,"date":"2026-02-07T10:35:36","date_gmt":"2026-02-07T10:35:36","guid":{"rendered":"https:\/\/harristweed-shop.be\/product\/harris-tweed-glasses-sleeve-in-blue-brown-check\/"},"modified":"2026-04-07T10:41:21","modified_gmt":"2026-04-07T10:41:21","slug":"harris-tweed-glasses-sleeve-in-blue-brown-check","status":"publish","type":"product","link":"https:\/\/harristweed-shop.be\/fr\/produit\/etui-a-lunettes-en-tweed-harris-a-carreaux-bleus-et-marrons\/","title":{"rendered":"\u00c9tui \u00e0 lunettes en tweed Harris \u00e0 carreaux bleus et marrons"},"content":{"rendered":"<p>Prot\u00e9gez vos lunettes de vue ou de soleil avec style gr\u00e2ce \u00e0 notre luxueux \u00e9tui \u00e0 lunettes en tweed Harris. <\/p>\n<p>Cet \u00e9tui \u00e0 lunettes est dot\u00e9 d&#039;une fermeture \u00e0 pression sur le dessus pour emp\u00eacher vos lunettes de glisser. Cet \u00e9tui classique est fabriqu\u00e9 \u00e0 la main en authentique tweed Harris et poss\u00e8de une doublure douce qui prot\u00e8ge vos lunettes des rayures et de la poussi\u00e8re. <\/p>\n<p>Dimensions de l&#039;\u00e9tui \u00e0 lunettes\u00a0: 16,5\u00a0cm x 8,5\u00a0cm x 1\u00a0cm<\/p>","protected":false},"excerpt":{"rendered":"<p>\u00c9tui \u00e0 lunettes en tweed Harris \u00e0 carreaux bleus et marrons.<\/p>\n<p>Prot\u00e9gez vos lunettes de vue ou de soleil avec style gr\u00e2ce \u00e0 notre luxueux \u00e9tui \u00e0 lunettes en tweed Harris.<\/p>","protected":false},"featured_media":543236,"template":"","meta":[],"product_brand":[],"product_cat":[1212,1229,1230],"product_tag":[],"class_list":{"0":"post-543235","1":"product","2":"type-product","3":"status-publish","4":"has-post-thumbnail","6":"product_cat-harris-tweed","7":"product_cat-harris-tweed-brillen-etui","8":"product_cat-harris-tweed-brillenetui","9":"pa_merk-maccessori","11":"first","12":"instock","13":"taxable","14":"shipping-taxable","15":"purchasable","16":"product-type-simple"},"df_price":19.95,"df_sale_price":"","df_regular_price":19.95,"df_image_link":"https:\/\/harristweed-shop.be\/wp-content\/uploads\/2026\/02\/83558382977bc31d8482694f0108cc58_Harris_Tweed_Glasses_Sleeve_in_Blue_Brown_Check-300x300.jpeg","_links":{"self":[{"href":"https:\/\/harristweed-shop.be\/fr\/wp-json\/wp\/v2\/product\/543235","targetHints":{"allow":["GET"]}}],"collection":[{"href":"https:\/\/harristweed-shop.be\/fr\/wp-json\/wp\/v2\/product"}],"about":[{"href":"https:\/\/harristweed-shop.be\/fr\/wp-json\/wp\/v2\/types\/product"}],"wp:featuredmedia":[{"embeddable":true,"href":"https:\/\/harristweed-shop.be\/fr\/wp-json\/wp\/v2\/media\/543236"}],"wp:attachment":[{"href":"https:\/\/harristweed-shop.be\/fr\/wp-json\/wp\/v2\/media?parent=543235"}],"wp:term":[{"taxonomy":"product_brand","embeddable":true,"href":"https:\/\/harristweed-shop.be\/fr\/wp-json\/wp\/v2\/product_brand?post=543235"},{"taxonomy":"product_cat","embeddable":true,"href":"https:\/\/harristweed-shop.be\/fr\/wp-json\/wp\/v2\/product_cat?post=543235"},{"taxonomy":"product_tag","embeddable":true,"href":"https:\/\/harristweed-shop.be\/fr\/wp-json\/wp\/v2\/product_tag?post=543235"}],"curies":[{"name":"wp","href":"https:\/\/api.w.org\/{rel}","templated":true}]}}