{"id":543230,"date":"2026-02-07T10:35:31","date_gmt":"2026-02-07T10:35:31","guid":{"rendered":"https:\/\/harristweed-shop.be\/product\/harris-tweed-double-glasses-sleeve-in-sky-blue\/"},"modified":"2026-04-07T10:41:22","modified_gmt":"2026-04-07T10:41:22","slug":"harris-tweed-double-glasses-sleeve-in-sky-blue","status":"publish","type":"product","link":"https:\/\/harristweed-shop.be\/fr\/produit\/etui-a-lunettes-double-en-tweed-harris-bleu-ciel\/","title":{"rendered":"\u00c9tui \u00e0 lunettes double en tweed Harris bleu ciel"},"content":{"rendered":"<p>Notre \u00e9tui \u00e0 lunettes double vous permet de ranger vos lunettes de vue et vos lunettes de soleil en toute s\u00e9curit\u00e9 et \u00e0 port\u00e9e de main dans un seul \u00e9tui protecteur. <\/p>\n<p>Cet \u00e9tui \u00e0 lunettes en Harris Tweed poss\u00e8de deux compartiments zipp\u00e9s s\u00e9par\u00e9s sur le dessus, un pour chaque paire de lunettes. La fermeture \u00e9clair s&#039;\u00e9tend sur les deux c\u00f4t\u00e9s pour un acc\u00e8s facile. Notre \u00e9tui \u00e0 lunettes pour deux paires est confectionn\u00e9 en Harris Tweed sur le devant et enti\u00e8rement doubl\u00e9 de coton doux. <\/p>\n<p>La finition de notre cuir v\u00e9g\u00e9talien varie selon la couleur de Harris Tweed que vous choisissez\u00a0:\n<\/p>\n<p>\u2013 Motif \u00e0 chevrons turquoise \u2013 Cuir v\u00e9gan gris<br \/>\n<br \/>\u2013 Purple Check \u2013 Cuir v\u00e9gan couleur bordeaux<br \/>\n<br \/>\u2013 Carreaux verts et violets \u2013 Cuir v\u00e9gan violet<br \/>\n<br \/>\u2013 Carreaux bleus et marrons, vert campagne \u2013 Cuir v\u00e9gan marron<br \/>\n<br \/>\u2013 \u00c9rable \u2013 Cuir v\u00e9g\u00e9talien couleur olive\n<\/p>\n<p>Toutes les autres couleurs sont en cuir v\u00e9g\u00e9talien noir.\n<\/p>\n<p>\nDimensions de l&#039;\u00e9tui \u00e0 lunettes pour 2 paires de lunettes\u00a0: 16,5 cm x 8 cm x 3 cm<\/p>","protected":false},"excerpt":{"rendered":"<p>\u00c9tui \u00e0 lunettes double en tweed Harris bleu ciel.<\/p>\n<p>Notre \u00e9tui \u00e0 lunettes double vous permet de ranger vos lunettes de vue et vos lunettes de soleil en toute s\u00e9curit\u00e9 et \u00e0 port\u00e9e de main dans un seul \u00e9tui protecteur.<\/p>","protected":false},"featured_media":543231,"template":"","meta":[],"product_brand":[],"product_cat":[1212,1229,1230],"product_tag":[],"class_list":{"0":"post-543230","1":"product","2":"type-product","3":"status-publish","4":"has-post-thumbnail","6":"product_cat-harris-tweed","7":"product_cat-harris-tweed-brillen-etui","8":"product_cat-harris-tweed-brillenetui","9":"pa_merk-maccessori","11":"first","12":"instock","13":"taxable","14":"shipping-taxable","15":"purchasable","16":"product-type-simple"},"df_price":24.95,"df_sale_price":"","df_regular_price":24.95,"df_image_link":"https:\/\/harristweed-shop.be\/wp-content\/uploads\/2026\/02\/1545dcd8b6e17690cce43dabd0ccae5e_Harris_Tweed_Double_Glasses_Sleeve_in_Sky_Blue-300x300.jpeg","_links":{"self":[{"href":"https:\/\/harristweed-shop.be\/fr\/wp-json\/wp\/v2\/product\/543230","targetHints":{"allow":["GET"]}}],"collection":[{"href":"https:\/\/harristweed-shop.be\/fr\/wp-json\/wp\/v2\/product"}],"about":[{"href":"https:\/\/harristweed-shop.be\/fr\/wp-json\/wp\/v2\/types\/product"}],"wp:featuredmedia":[{"embeddable":true,"href":"https:\/\/harristweed-shop.be\/fr\/wp-json\/wp\/v2\/media\/543231"}],"wp:attachment":[{"href":"https:\/\/harristweed-shop.be\/fr\/wp-json\/wp\/v2\/media?parent=543230"}],"wp:term":[{"taxonomy":"product_brand","embeddable":true,"href":"https:\/\/harristweed-shop.be\/fr\/wp-json\/wp\/v2\/product_brand?post=543230"},{"taxonomy":"product_cat","embeddable":true,"href":"https:\/\/harristweed-shop.be\/fr\/wp-json\/wp\/v2\/product_cat?post=543230"},{"taxonomy":"product_tag","embeddable":true,"href":"https:\/\/harristweed-shop.be\/fr\/wp-json\/wp\/v2\/product_tag?post=543230"}],"curies":[{"name":"wp","href":"https:\/\/api.w.org\/{rel}","templated":true}]}}