{"id":543136,"date":"2026-02-05T12:20:03","date_gmt":"2026-02-05T12:20:03","guid":{"rendered":"https:\/\/harristweed-shop.be\/product\/harris-tweed-shoulder-bag-the-ellon-islander-beige-dogtooth\/"},"modified":"2026-05-05T03:20:22","modified_gmt":"2026-05-05T03:20:22","slug":"harris-tweed-shoulder-bag-the-ellon-islander-beige-dogtooth","status":"publish","type":"product","link":"https:\/\/harristweed-shop.be\/fr\/produit\/sac-bandouliere-harris-en-tweed-modele-ellon-islander-beige-a-motif-pied-de-poule\/","title":{"rendered":"Sac bandouli\u00e8re Harris Tweed, mod\u00e8le Ellon, Islander, beige pied-de-poule"},"content":{"rendered":"<p>D\u00e9couvrez le sac Ellon. Ce sac bandouli\u00e8re id\u00e9al est dot\u00e9 d&#039;une bandouli\u00e8re ajustable pour un confort optimal et d&#039;une fermeture \u00e9clair fiable pour un acc\u00e8s facile. Confectionn\u00e9 en cuir v\u00e9ritable de haute qualit\u00e9 et en authentique Harris Tweed, il est l&#039;accessoire parfait pour toutes vos tenues\u00a0!<\/p>\n<p>26 cm x 7 cm x 16 cm<\/p>","protected":false},"excerpt":{"rendered":"<p>Sac bandouli\u00e8re Harris Tweed, mod\u00e8le Ellon, Islander, motif pied-de-poule beige.<\/p>\n<p>D\u00e9couvrez l&#039;Ellon. Ce sac bandouli\u00e8re id\u00e9al est dot\u00e9 d&#039;une bandouli\u00e8re r\u00e9glable pour un confort optimal et d&#039;une fermeture \u00e9clair fiable pour un acc\u00e8s facile.<\/p>","protected":false},"featured_media":543137,"template":"","meta":[],"product_brand":[],"product_cat":[899,638,903,904,1163,1139,1162,1138,900,1221,901,808,898],"product_tag":[],"class_list":{"0":"post-543136","1":"product","2":"type-product","3":"status-publish","4":"has-post-thumbnail","6":"product_cat-geschenke","7":"product_cat-gifts","8":"product_cat-handtas","9":"product_cat-handtaschen","10":"product_cat-harris-tweed-handtasche","11":"product_cat-harris-tweed-handtassen","12":"product_cat-harris-tweed-taschen","13":"product_cat-harris-tweed-tassen","14":"product_cat-reisetaschen","15":"product_cat-tas-harris-tweed","16":"product_cat-taschen","17":"product_cat-tassen","18":"product_cat-tassen-gifts","19":"pa_merk-islander","21":"first","22":"instock","23":"taxable","24":"shipping-taxable","25":"purchasable","26":"product-type-simple"},"df_price":129.95,"df_sale_price":"","df_regular_price":129.95,"df_image_link":"https:\/\/harristweed-shop.be\/wp-content\/uploads\/2026\/02\/c3238446b42e8d16d33e8b9da775ae23_Harris_Tweed_Shoulder_Bag__The_Ellon__Islander__Beige_Dogtooth_1-300x300.jpeg","_links":{"self":[{"href":"https:\/\/harristweed-shop.be\/fr\/wp-json\/wp\/v2\/product\/543136","targetHints":{"allow":["GET"]}}],"collection":[{"href":"https:\/\/harristweed-shop.be\/fr\/wp-json\/wp\/v2\/product"}],"about":[{"href":"https:\/\/harristweed-shop.be\/fr\/wp-json\/wp\/v2\/types\/product"}],"wp:featuredmedia":[{"embeddable":true,"href":"https:\/\/harristweed-shop.be\/fr\/wp-json\/wp\/v2\/media\/543137"}],"wp:attachment":[{"href":"https:\/\/harristweed-shop.be\/fr\/wp-json\/wp\/v2\/media?parent=543136"}],"wp:term":[{"taxonomy":"product_brand","embeddable":true,"href":"https:\/\/harristweed-shop.be\/fr\/wp-json\/wp\/v2\/product_brand?post=543136"},{"taxonomy":"product_cat","embeddable":true,"href":"https:\/\/harristweed-shop.be\/fr\/wp-json\/wp\/v2\/product_cat?post=543136"},{"taxonomy":"product_tag","embeddable":true,"href":"https:\/\/harristweed-shop.be\/fr\/wp-json\/wp\/v2\/product_tag?post=543136"}],"curies":[{"name":"wp","href":"https:\/\/api.w.org\/{rel}","templated":true}]}}