{"id":543123,"date":"2026-02-05T12:19:48","date_gmt":"2026-02-05T12:19:48","guid":{"rendered":"https:\/\/harristweed-shop.be\/product\/harris-tweed-backpack-in-sky-blue\/"},"modified":"2026-03-10T08:26:13","modified_gmt":"2026-03-10T08:26:13","slug":"harris-tweed-backpack-in-sky-blue","status":"publish","type":"product","link":"https:\/\/harristweed-shop.be\/fr\/produit\/sac-a-dos-en-tweed-harris-bleu-ciel\/","title":{"rendered":"Sac \u00e0 dos Harris Tweed bleu ciel"},"content":{"rendered":"<p>D\u00e9couvrez votre nouveau sac Harris Tweed pr\u00e9f\u00e9r\u00e9 pour tous les jours\u00a0: un sac \u00e0 dos chic qui allie l\u2019\u00e9l\u00e9gance intemporelle du Harris Tweed \u00e0 des d\u00e9tails raffin\u00e9s. Gr\u00e2ce \u00e0 ses poches zipp\u00e9es astucieusement plac\u00e9es \u00e0 l\u2019int\u00e9rieur comme \u00e0 l\u2019ext\u00e9rieur, il vous permet de ranger vos essentiels avec style et d\u2019apporter une touche de charme \u00e9cossais \u00e0 votre quotidien. <\/p>\n<p>\u00c0 la fois \u00e9l\u00e9gante et incroyablement pratique, elle est pr\u00eate \u00e0 vous accompagner aussi bien dans vos trajets quotidiens que dans vos aventures du week-end. <\/p>\n<p>Dimensions : 27 cm x 30 cm x 11 cm<\/p>","protected":false},"excerpt":{"rendered":"<p>Sac \u00e0 dos Harris Tweed bleu ciel.<\/p>\n<p>D\u00e9couvrez votre nouveau sac pr\u00e9f\u00e9r\u00e9 au quotidien en Harris Tweed\u00a0: un sac \u00e0 dos chic qui associe le Harris Tweed intemporel \u00e0 des d\u00e9tails raffin\u00e9s. <\/p>","protected":false},"featured_media":543124,"template":"","meta":[],"product_brand":[],"product_cat":[1162,1138,901,808],"product_tag":[],"class_list":{"0":"post-543123","1":"product","2":"type-product","3":"status-publish","4":"has-post-thumbnail","6":"product_cat-harris-tweed-taschen","7":"product_cat-harris-tweed-tassen","8":"product_cat-taschen","9":"product_cat-tassen","10":"pa_merk-maccessori","12":"first","13":"instock","14":"taxable","15":"shipping-taxable","16":"purchasable","17":"product-type-simple"},"df_price":119.95,"df_sale_price":"","df_regular_price":119.95,"df_image_link":"https:\/\/harristweed-shop.be\/wp-content\/uploads\/2026\/02\/e4604a1c46e305f4f8a069a27eb2aa89_Harris_Tweed_Backpack_Sky_Blue-225x300.jpeg","_links":{"self":[{"href":"https:\/\/harristweed-shop.be\/fr\/wp-json\/wp\/v2\/product\/543123","targetHints":{"allow":["GET"]}}],"collection":[{"href":"https:\/\/harristweed-shop.be\/fr\/wp-json\/wp\/v2\/product"}],"about":[{"href":"https:\/\/harristweed-shop.be\/fr\/wp-json\/wp\/v2\/types\/product"}],"wp:featuredmedia":[{"embeddable":true,"href":"https:\/\/harristweed-shop.be\/fr\/wp-json\/wp\/v2\/media\/543124"}],"wp:attachment":[{"href":"https:\/\/harristweed-shop.be\/fr\/wp-json\/wp\/v2\/media?parent=543123"}],"wp:term":[{"taxonomy":"product_brand","embeddable":true,"href":"https:\/\/harristweed-shop.be\/fr\/wp-json\/wp\/v2\/product_brand?post=543123"},{"taxonomy":"product_cat","embeddable":true,"href":"https:\/\/harristweed-shop.be\/fr\/wp-json\/wp\/v2\/product_cat?post=543123"},{"taxonomy":"product_tag","embeddable":true,"href":"https:\/\/harristweed-shop.be\/fr\/wp-json\/wp\/v2\/product_tag?post=543123"}],"curies":[{"name":"wp","href":"https:\/\/api.w.org\/{rel}","templated":true}]}}