{"id":543104,"date":"2026-02-03T16:34:51","date_gmt":"2026-02-03T16:34:51","guid":{"rendered":"https:\/\/harristweed-shop.be\/product\/harris-tweed-the-laptop-satchel-black-grey-herringbone\/"},"modified":"2026-05-05T03:20:23","modified_gmt":"2026-05-05T03:20:23","slug":"harris-tweed-the-laptop-satchel-black-grey-herringbone","status":"publish","type":"product","link":"https:\/\/harristweed-shop.be\/fr\/produit\/sacoche-pour-ordinateur-portable-harris-tweed-noir-et-gris-a-chevrons\/","title":{"rendered":"Sacoche pour ordinateur portable Harris Tweed, motif chevrons noir et gris"},"content":{"rendered":"<p>D\u00e9couvrez le sac pour ordinateur portable. Confectionn\u00e9 en cuir microfibre r\u00e9sistant et dot\u00e9 d&#039;un couvercle en authentique Harris Tweed\u00ae, ce mod\u00e8le \u00e9l\u00e9gant est un incontournable de toute garde-robe. <\/p>\n<p>Sa grande capacit\u00e9 permet d&#039;accueillir des ordinateurs portables de 13 pouces et des documents A4, ce qui en fait le sac pour ordinateur portable id\u00e9al, aussi polyvalent que vous.\n<\/p>\n<p>L : 17 cm H : 39 cm P : 27 cm<\/p>","protected":false},"excerpt":{"rendered":"<p>Sacoche pour ordinateur portable Harris Tweed, motif chevrons noir et gris.<\/p>\n<p>D\u00e9couvrez le sac pour ordinateur portable. Confectionn\u00e9 en cuir microfibre r\u00e9sistant et dot\u00e9 d&#039;un couvercle en authentique Harris Tweed\u00ae, ce mod\u00e8le \u00e9l\u00e9gant est un incontournable de toute garde-robe.<\/p>","protected":false},"featured_media":543105,"template":"","meta":[],"product_brand":[],"product_cat":[899,638,1168,1141,1162,1138,1238,906,900,1221,901,808,898],"product_tag":[],"class_list":{"0":"post-543104","1":"product","2":"type-product","3":"status-publish","4":"has-post-thumbnail","6":"product_cat-geschenke","7":"product_cat-gifts","8":"product_cat-harris-tweed-laptoptaschen","9":"product_cat-harris-tweed-laptoptassen","10":"product_cat-harris-tweed-taschen","11":"product_cat-harris-tweed-tassen","12":"product_cat-islander","13":"product_cat-laptoptas","14":"product_cat-reisetaschen","15":"product_cat-tas-harris-tweed","16":"product_cat-taschen","17":"product_cat-tassen","18":"product_cat-tassen-gifts","19":"pa_merk-islander","21":"first","22":"instock","23":"taxable","24":"shipping-taxable","25":"purchasable","26":"product-type-simple"},"df_price":129.95,"df_sale_price":"","df_regular_price":129.95,"df_image_link":"https:\/\/harristweed-shop.be\/wp-content\/uploads\/2026\/02\/9174035f243641fb95fb74cd43534450_Harris_Tweed_The_Laptop_Satchel__Black_Grey_Herringbone-300x300.jpeg","_links":{"self":[{"href":"https:\/\/harristweed-shop.be\/fr\/wp-json\/wp\/v2\/product\/543104","targetHints":{"allow":["GET"]}}],"collection":[{"href":"https:\/\/harristweed-shop.be\/fr\/wp-json\/wp\/v2\/product"}],"about":[{"href":"https:\/\/harristweed-shop.be\/fr\/wp-json\/wp\/v2\/types\/product"}],"wp:featuredmedia":[{"embeddable":true,"href":"https:\/\/harristweed-shop.be\/fr\/wp-json\/wp\/v2\/media\/543105"}],"wp:attachment":[{"href":"https:\/\/harristweed-shop.be\/fr\/wp-json\/wp\/v2\/media?parent=543104"}],"wp:term":[{"taxonomy":"product_brand","embeddable":true,"href":"https:\/\/harristweed-shop.be\/fr\/wp-json\/wp\/v2\/product_brand?post=543104"},{"taxonomy":"product_cat","embeddable":true,"href":"https:\/\/harristweed-shop.be\/fr\/wp-json\/wp\/v2\/product_cat?post=543104"},{"taxonomy":"product_tag","embeddable":true,"href":"https:\/\/harristweed-shop.be\/fr\/wp-json\/wp\/v2\/product_tag?post=543104"}],"curies":[{"name":"wp","href":"https:\/\/api.w.org\/{rel}","templated":true}]}}