{"id":543058,"date":"2026-02-03T16:32:38","date_gmt":"2026-02-03T16:32:38","guid":{"rendered":"https:\/\/harristweed-shop.be\/product\/harris-tweed-leather-glasses-case-dark-green-herringbone\/"},"modified":"2026-05-05T03:20:28","modified_gmt":"2026-05-05T03:20:28","slug":"harris-tweed-leather-glasses-case-dark-green-herringbone","status":"publish","type":"product","link":"https:\/\/harristweed-shop.be\/fr\/produit\/etui-a-lunettes-en-cuir-tweed-harris-motif-chevrons-vert-fonce\/","title":{"rendered":"\u00c9tui \u00e0 lunettes en cuir Harris Tweed vert fonc\u00e9 \u00e0 chevrons"},"content":{"rendered":"<p>Notre nouvel \u00e9tui \u00e0 lunettes en cuir est livr\u00e9 avec une bo\u00eete cadeau et un sac anti-poussi\u00e8re !<\/p>","protected":false},"excerpt":{"rendered":"<p>\u00c9tui \u00e0 lunettes en cuir Harris Tweed vert fonc\u00e9 \u00e0 chevrons.<\/p>\n<p>Notre nouvel \u00e9tui \u00e0 lunettes en cuir est livr\u00e9 avec une bo\u00eete cadeau et un sac anti-poussi\u00e8re !<\/p>","protected":false},"featured_media":543059,"template":"","meta":[],"product_brand":[],"product_cat":[1229,1230,1162,1138,1238,1221,808],"product_tag":[],"class_list":{"0":"post-543058","1":"product","2":"type-product","3":"status-publish","4":"has-post-thumbnail","6":"product_cat-harris-tweed-brillen-etui","7":"product_cat-harris-tweed-brillenetui","8":"product_cat-harris-tweed-taschen","9":"product_cat-harris-tweed-tassen","10":"product_cat-islander","11":"product_cat-tas-harris-tweed","12":"product_cat-tassen","13":"pa_merk-islander","15":"first","16":"instock","17":"taxable","18":"shipping-taxable","19":"purchasable","20":"product-type-simple"},"df_price":39.95,"df_sale_price":"","df_regular_price":39.95,"df_image_link":"https:\/\/harristweed-shop.be\/wp-content\/uploads\/2026\/02\/67d02e8518d1bb6cbb1ea663cfcb9379_Harris_Tweed_Leather_Glasses_Case_Dark_Green_Herringbone-300x300.jpeg","_links":{"self":[{"href":"https:\/\/harristweed-shop.be\/fr\/wp-json\/wp\/v2\/product\/543058","targetHints":{"allow":["GET"]}}],"collection":[{"href":"https:\/\/harristweed-shop.be\/fr\/wp-json\/wp\/v2\/product"}],"about":[{"href":"https:\/\/harristweed-shop.be\/fr\/wp-json\/wp\/v2\/types\/product"}],"wp:featuredmedia":[{"embeddable":true,"href":"https:\/\/harristweed-shop.be\/fr\/wp-json\/wp\/v2\/media\/543059"}],"wp:attachment":[{"href":"https:\/\/harristweed-shop.be\/fr\/wp-json\/wp\/v2\/media?parent=543058"}],"wp:term":[{"taxonomy":"product_brand","embeddable":true,"href":"https:\/\/harristweed-shop.be\/fr\/wp-json\/wp\/v2\/product_brand?post=543058"},{"taxonomy":"product_cat","embeddable":true,"href":"https:\/\/harristweed-shop.be\/fr\/wp-json\/wp\/v2\/product_cat?post=543058"},{"taxonomy":"product_tag","embeddable":true,"href":"https:\/\/harristweed-shop.be\/fr\/wp-json\/wp\/v2\/product_tag?post=543058"}],"curies":[{"name":"wp","href":"https:\/\/api.w.org\/{rel}","templated":true}]}}