{"id":543035,"date":"2026-02-03T16:26:08","date_gmt":"2026-02-03T16:26:08","guid":{"rendered":"https:\/\/harristweed-shop.be\/product\/harris-tweed-clutch-the-eilidh-islander-navy-over-check\/"},"modified":"2026-05-05T03:20:28","modified_gmt":"2026-05-05T03:20:28","slug":"harris-tweed-clutch-the-eilidh-islander-navy-over-check","status":"publish","type":"product","link":"https:\/\/harristweed-shop.be\/fr\/produit\/pochette-harris-tweed-modele-eilidh-islander-bleu-marine-a-carreaux\/","title":{"rendered":"Pochette en tweed Harris, mod\u00e8le Eilidh, Islander, \u00e0 carreaux marine"},"content":{"rendered":"<p>Le sac Eilidh apporte une touche de charme \u00e9cossais \u00e0 vos aventures quotidiennes. Confectionn\u00e9 en authentique Harris Tweed\u00ae et en cuir v\u00e9ritable, ce magnifique sac est dot\u00e9 d&#039;une fermeture magn\u00e9tique astucieuse et d&#039;un cordon de serrage pour maintenir vos affaires en place en toute s\u00e9curit\u00e9 et sans effort.\n<\/p>\n<p>\nGr\u00e2ce \u00e0 sa bandouli\u00e8re ajustable, ce sac s&#039;adapte \u00e0 votre quotidien, que vous soyez en vadrouille en ville ou en train de vous d\u00e9tendre chez vous le soir. Il allie \u00e0 la perfection le savoir-faire artisanal traditionnel des \u00eeles et un design pratique.\n<\/p>\n<p>\n18 cm x 8 cm x 20 cm<\/p>","protected":false},"excerpt":{"rendered":"<p>Pochette Harris Tweed, mod\u00e8le Eilidh, Islander, \u00e0 carreaux marine.<\/p>\n<p>Le sac Eilidh apporte une touche de charme \u00e9cossais \u00e0 vos aventures quotidiennes. Confectionn\u00e9 en authentique Harris Tweed\u00ae et en cuir v\u00e9ritable, ce magnifique sac est dot\u00e9 d&#039;une fermeture magn\u00e9tique astucieuse et d&#039;un cordon de serrage pour maintenir vos affaires en place en toute s\u00e9curit\u00e9 et sans effort.<\/p>","protected":false},"featured_media":543036,"template":"","meta":[],"product_brand":[],"product_cat":[899,638,903,904,1163,1139,1162,1138,1238,900,1221,901,808,898],"product_tag":[],"class_list":{"0":"post-543035","1":"product","2":"type-product","3":"status-publish","4":"has-post-thumbnail","6":"product_cat-geschenke","7":"product_cat-gifts","8":"product_cat-handtas","9":"product_cat-handtaschen","10":"product_cat-harris-tweed-handtasche","11":"product_cat-harris-tweed-handtassen","12":"product_cat-harris-tweed-taschen","13":"product_cat-harris-tweed-tassen","14":"product_cat-islander","15":"product_cat-reisetaschen","16":"product_cat-tas-harris-tweed","17":"product_cat-taschen","18":"product_cat-tassen","19":"product_cat-tassen-gifts","20":"pa_merk-islander","22":"first","23":"instock","24":"taxable","25":"shipping-taxable","26":"purchasable","27":"product-type-simple"},"df_price":119.95,"df_sale_price":"","df_regular_price":119.95,"df_image_link":"https:\/\/harristweed-shop.be\/wp-content\/uploads\/2026\/02\/2be4ef0ed49f46f4e01df3889bc6a2ba_Harris_Tweed_Clutch__The_Eilidh__Islander__Navy_Over_Check-300x300.jpeg","_links":{"self":[{"href":"https:\/\/harristweed-shop.be\/fr\/wp-json\/wp\/v2\/product\/543035","targetHints":{"allow":["GET"]}}],"collection":[{"href":"https:\/\/harristweed-shop.be\/fr\/wp-json\/wp\/v2\/product"}],"about":[{"href":"https:\/\/harristweed-shop.be\/fr\/wp-json\/wp\/v2\/types\/product"}],"wp:featuredmedia":[{"embeddable":true,"href":"https:\/\/harristweed-shop.be\/fr\/wp-json\/wp\/v2\/media\/543036"}],"wp:attachment":[{"href":"https:\/\/harristweed-shop.be\/fr\/wp-json\/wp\/v2\/media?parent=543035"}],"wp:term":[{"taxonomy":"product_brand","embeddable":true,"href":"https:\/\/harristweed-shop.be\/fr\/wp-json\/wp\/v2\/product_brand?post=543035"},{"taxonomy":"product_cat","embeddable":true,"href":"https:\/\/harristweed-shop.be\/fr\/wp-json\/wp\/v2\/product_cat?post=543035"},{"taxonomy":"product_tag","embeddable":true,"href":"https:\/\/harristweed-shop.be\/fr\/wp-json\/wp\/v2\/product_tag?post=543035"}],"curies":[{"name":"wp","href":"https:\/\/api.w.org\/{rel}","templated":true}]}}