{"id":543001,"date":"2026-02-03T16:25:16","date_gmt":"2026-02-03T16:25:16","guid":{"rendered":"https:\/\/harristweed-shop.be\/product\/harris-tweed-clutch-the-leather-mini-satchel-islander-chestnut-blue-tartan\/"},"modified":"2026-05-05T03:21:49","modified_gmt":"2026-05-05T03:21:49","slug":"harris-tweed-clutch-the-leather-mini-satchel-islander-chestnut-blue-tartan","status":"publish","type":"product","link":"https:\/\/harristweed-shop.be\/fr\/produit\/pochette-en-tweed-harris-mini-sacoche-en-cuir-tartan-bleu-chataigne-islander\/","title":{"rendered":"Pochette en tweed Harris, Mini sacoche en cuir, Islander, tartan bleu ch\u00e2taigne"},"content":{"rendered":"<p>D\u00e9couvrez votre sac \u00e0 main classique pr\u00e9f\u00e9r\u00e9, d\u00e9sormais magnifiquement revisit\u00e9 en cuir v\u00e9ritable haut de gamme, une alternative \u00e9l\u00e9gante \u00e0 notre version en cuir v\u00e9g\u00e9talien tr\u00e8s pris\u00e9e.<\/p>\n<p>Confectionn\u00e9 en cuir de premi\u00e8re qualit\u00e9 et en tissu Harris Tweed\u00ae, ce mini sac \u00e0 main se ferme gr\u00e2ce \u00e0 un fermoir m\u00e9tallique pivotant. <\/p>\n<p>Avec sa bandouli\u00e8re ajustable et ses nombreux compartiments, ce mini sac \u00e0 main en cuir allie praticit\u00e9 et style dans un format compact et adorable. Apportez une touche \u00e9cossaise et joyeuse \u00e0 votre tenue\u00a0!\n<\/p>\n<p>\n20 cm x 6 cm x 14 cm<\/p>","protected":false},"excerpt":{"rendered":"<p>Pochette en tweed Harris, Mini sacoche en cuir, Islander, tartan bleu ch\u00e2taigne.<\/p>\n<p>D\u00e9couvrez votre sac \u00e0 main classique pr\u00e9f\u00e9r\u00e9, d\u00e9sormais magnifiquement revisit\u00e9 en cuir v\u00e9ritable haut de gamme, une alternative \u00e9l\u00e9gante \u00e0 notre version en cuir v\u00e9g\u00e9talien tr\u00e8s pris\u00e9e.<\/p>","protected":false},"featured_media":543002,"template":"","meta":[],"product_brand":[],"product_cat":[899,638,903,904,1163,1139,1162,1138,1238,900,1221,901,808,898],"product_tag":[],"class_list":{"0":"post-543001","1":"product","2":"type-product","3":"status-publish","4":"has-post-thumbnail","6":"product_cat-geschenke","7":"product_cat-gifts","8":"product_cat-handtas","9":"product_cat-handtaschen","10":"product_cat-harris-tweed-handtasche","11":"product_cat-harris-tweed-handtassen","12":"product_cat-harris-tweed-taschen","13":"product_cat-harris-tweed-tassen","14":"product_cat-islander","15":"product_cat-reisetaschen","16":"product_cat-tas-harris-tweed","17":"product_cat-taschen","18":"product_cat-tassen","19":"product_cat-tassen-gifts","20":"pa_merk-islander","22":"first","23":"instock","24":"taxable","25":"shipping-taxable","26":"purchasable","27":"product-type-simple"},"df_price":119.95,"df_sale_price":"","df_regular_price":119.95,"df_image_link":"https:\/\/harristweed-shop.be\/wp-content\/uploads\/2026\/02\/6ed15a11458ff70c2552ef8914444b43_Harris_Tweed_Clutch__The_Leather_Mini_Satchel__Islander__Chestnut_Blue_Tartan-300x300.jpeg","_links":{"self":[{"href":"https:\/\/harristweed-shop.be\/fr\/wp-json\/wp\/v2\/product\/543001","targetHints":{"allow":["GET"]}}],"collection":[{"href":"https:\/\/harristweed-shop.be\/fr\/wp-json\/wp\/v2\/product"}],"about":[{"href":"https:\/\/harristweed-shop.be\/fr\/wp-json\/wp\/v2\/types\/product"}],"wp:featuredmedia":[{"embeddable":true,"href":"https:\/\/harristweed-shop.be\/fr\/wp-json\/wp\/v2\/media\/543002"}],"wp:attachment":[{"href":"https:\/\/harristweed-shop.be\/fr\/wp-json\/wp\/v2\/media?parent=543001"}],"wp:term":[{"taxonomy":"product_brand","embeddable":true,"href":"https:\/\/harristweed-shop.be\/fr\/wp-json\/wp\/v2\/product_brand?post=543001"},{"taxonomy":"product_cat","embeddable":true,"href":"https:\/\/harristweed-shop.be\/fr\/wp-json\/wp\/v2\/product_cat?post=543001"},{"taxonomy":"product_tag","embeddable":true,"href":"https:\/\/harristweed-shop.be\/fr\/wp-json\/wp\/v2\/product_tag?post=543001"}],"curies":[{"name":"wp","href":"https:\/\/api.w.org\/{rel}","templated":true}]}}