{"id":542988,"date":"2026-02-03T16:25:04","date_gmt":"2026-02-03T16:25:04","guid":{"rendered":"https:\/\/harristweed-shop.be\/product\/harris-tweed-clutch-the-orlagh-islander-dark-green-herringbone\/"},"modified":"2026-04-07T11:40:24","modified_gmt":"2026-04-07T11:40:24","slug":"harris-tweed-clutch-the-orlagh-islander-dark-green-herringbone","status":"publish","type":"product","link":"https:\/\/harristweed-shop.be\/fr\/produit\/pochette-harris-tweed-a-chevrons-vert-fonce-modele-orlagh-islander\/","title":{"rendered":"Pochette Harris Tweed, mod\u00e8le Orlagh, Islander, motif chevrons vert fonc\u00e9"},"content":{"rendered":"<p>D\u00e9couvrez l&#039;Orlagh \u2013 votre nouveau sac pr\u00e9f\u00e9r\u00e9 ! Confectionn\u00e9 en authentique Harris Tweed\u00ae et en cuir souple, ce cabas seau est aussi robuste qu&#039;\u00e9l\u00e9gant.<\/p>\n<p>La poche int\u00e9rieure pratique \u00e0 pression permet de garder votre t\u00e9l\u00e9phone et autres objets essentiels en s\u00e9curit\u00e9 et bien organis\u00e9s, pour que vous n&#039;ayez plus jamais \u00e0 chercher vos cl\u00e9s.<\/p>\n<p>Parfait pour toutes les occasions, d&#039;une vir\u00e9e au march\u00e9 aux escapades du week-end, ce sac est aussi performant que vous, avec une touche de charme \u00e9cossais.<\/p>","protected":false},"excerpt":{"rendered":"<p>Pochette Harris Tweed, mod\u00e8le Orlagh, Islander, motif chevrons vert fonc\u00e9.<\/p>\n<p>D\u00e9couvrez l&#039;Orlagh \u2013 votre nouveau sac pr\u00e9f\u00e9r\u00e9 ! Confectionn\u00e9 en authentique Harris Tweed\u00ae et en cuir souple, ce cabas seau est aussi robuste qu&#039;\u00e9l\u00e9gant.<\/p>","protected":false},"featured_media":542989,"template":"","meta":[],"product_brand":[],"product_cat":[899,638,903,904,1163,1139,1162,1138,1238,900,1221,901,898,808],"product_tag":[],"class_list":{"0":"post-542988","1":"product","2":"type-product","3":"status-publish","4":"has-post-thumbnail","6":"product_cat-geschenke","7":"product_cat-gifts","8":"product_cat-handtas","9":"product_cat-handtaschen","10":"product_cat-harris-tweed-handtasche","11":"product_cat-harris-tweed-handtassen","12":"product_cat-harris-tweed-taschen","13":"product_cat-harris-tweed-tassen","14":"product_cat-islander","15":"product_cat-reisetaschen","16":"product_cat-tas-harris-tweed","17":"product_cat-taschen","18":"product_cat-tassen-gifts","19":"product_cat-tassen","20":"pa_merk-islander","22":"first","23":"instock","24":"taxable","25":"shipping-taxable","26":"purchasable","27":"product-type-simple"},"df_price":129.95,"df_sale_price":"","df_regular_price":129.95,"df_image_link":"https:\/\/harristweed-shop.be\/wp-content\/uploads\/2026\/02\/b88f7f9d40ea3e56b1e55cd86cb81800_Harris_Tweed_Clutch__The_Orlagh__Islander__Dark_Green_Herringbone_2-300x300.jpeg","_links":{"self":[{"href":"https:\/\/harristweed-shop.be\/fr\/wp-json\/wp\/v2\/product\/542988","targetHints":{"allow":["GET"]}}],"collection":[{"href":"https:\/\/harristweed-shop.be\/fr\/wp-json\/wp\/v2\/product"}],"about":[{"href":"https:\/\/harristweed-shop.be\/fr\/wp-json\/wp\/v2\/types\/product"}],"wp:featuredmedia":[{"embeddable":true,"href":"https:\/\/harristweed-shop.be\/fr\/wp-json\/wp\/v2\/media\/542989"}],"wp:attachment":[{"href":"https:\/\/harristweed-shop.be\/fr\/wp-json\/wp\/v2\/media?parent=542988"}],"wp:term":[{"taxonomy":"product_brand","embeddable":true,"href":"https:\/\/harristweed-shop.be\/fr\/wp-json\/wp\/v2\/product_brand?post=542988"},{"taxonomy":"product_cat","embeddable":true,"href":"https:\/\/harristweed-shop.be\/fr\/wp-json\/wp\/v2\/product_cat?post=542988"},{"taxonomy":"product_tag","embeddable":true,"href":"https:\/\/harristweed-shop.be\/fr\/wp-json\/wp\/v2\/product_tag?post=542988"}],"curies":[{"name":"wp","href":"https:\/\/api.w.org\/{rel}","templated":true}]}}