{"id":542962,"date":"2026-02-03T16:19:07","date_gmt":"2026-02-03T16:19:07","guid":{"rendered":"https:\/\/harristweed-shop.be\/product\/harris-tweed-the-huntsman-harris-tweed-classic-shoe-chestnut\/"},"modified":"2026-05-05T03:22:40","modified_gmt":"2026-05-05T03:22:40","slug":"harris-tweed-the-huntsman-harris-tweed-classic-shoe-chestnut","status":"publish","type":"product","link":"https:\/\/harristweed-shop.be\/fr\/produit\/harris-tweed-the-huntsman-chaussure-classique-harris-tweed-couleur-chataigne\/","title":{"rendered":"Harris Tweed Le Chasseur Harris Tweed Classique Chaussure Ch\u00e2taigne"},"content":{"rendered":"<p>De la campagne \u00e0 la ville, la botte Huntsman est un mod\u00e8le intemporel, confectionn\u00e9 en cuir r\u00e9sistant et en tissu Harris Tweed\u00ae d\u00e9perlant. Disponible en bleu marine, noir et bordeaux, elle est dot\u00e9e d&#039;une semelle \u00e9paisse en caoutchouc adapt\u00e9e \u00e0 toutes les conditions climatiques.<\/p>\n<p>UK8 \/ EU42 \/ US10<br \/>UK9 \/ EU43 \/ US11<br \/>UK10 \/ EU44 \/ US12<br \/>UK11 \/ EU45 \/ US13<\/p>","protected":false},"excerpt":{"rendered":"<p>Harris Tweed Le Chasseur Harris Tweed Chaussure Classique Ch\u00e2taigne.<\/p>\n<p>De la campagne \u00e0 la ville, la botte Huntsman est un mod\u00e8le intemporel, confectionn\u00e9 en cuir robuste et en tissu Harris Tweed\u00ae d\u00e9perlant.<\/p>","protected":false},"featured_media":542970,"template":"","meta":[],"product_brand":[],"product_cat":[1224,1226,1223,1225,1238],"product_tag":[],"class_list":{"0":"post-542962","1":"product","2":"type-product","3":"status-publish","4":"has-post-thumbnail","6":"product_cat-harris-tweed-herenschoenen","7":"product_cat-harris-tweed-herren-schuhe","8":"product_cat-harris-tweed-schoenen","9":"product_cat-harris-tweed-schuhe","10":"product_cat-islander","11":"pa_merk-islander","13":"first","14":"instock","15":"taxable","16":"shipping-taxable","17":"purchasable","18":"product-type-variable"},"df_price":199.95,"df_sale_price":"","df_regular_price":199.95,"df_image_link":"https:\/\/harristweed-shop.be\/wp-content\/uploads\/2026\/02\/3e2cda66602ca6e69e40b37a908f3e56_Harris_Tweed_The_Huntsman_Harris_Tweed_Classic_Shoe_Chestnut-300x300.jpeg","_links":{"self":[{"href":"https:\/\/harristweed-shop.be\/fr\/wp-json\/wp\/v2\/product\/542962","targetHints":{"allow":["GET"]}}],"collection":[{"href":"https:\/\/harristweed-shop.be\/fr\/wp-json\/wp\/v2\/product"}],"about":[{"href":"https:\/\/harristweed-shop.be\/fr\/wp-json\/wp\/v2\/types\/product"}],"wp:featuredmedia":[{"embeddable":true,"href":"https:\/\/harristweed-shop.be\/fr\/wp-json\/wp\/v2\/media\/542970"}],"wp:attachment":[{"href":"https:\/\/harristweed-shop.be\/fr\/wp-json\/wp\/v2\/media?parent=542962"}],"wp:term":[{"taxonomy":"product_brand","embeddable":true,"href":"https:\/\/harristweed-shop.be\/fr\/wp-json\/wp\/v2\/product_brand?post=542962"},{"taxonomy":"product_cat","embeddable":true,"href":"https:\/\/harristweed-shop.be\/fr\/wp-json\/wp\/v2\/product_cat?post=542962"},{"taxonomy":"product_tag","embeddable":true,"href":"https:\/\/harristweed-shop.be\/fr\/wp-json\/wp\/v2\/product_tag?post=542962"}],"curies":[{"name":"wp","href":"https:\/\/api.w.org\/{rel}","templated":true}]}}