{"id":542951,"date":"2026-02-03T16:15:27","date_gmt":"2026-02-03T16:15:27","guid":{"rendered":"https:\/\/harristweed-shop.be\/product\/harris-tweed-clutch-the-caithness-islander-chestnut-blue-tartan\/"},"modified":"2026-05-05T03:22:33","modified_gmt":"2026-05-05T03:22:33","slug":"harris-tweed-clutch-the-caithness-islander-chestnut-blue-tartan","status":"publish","type":"product","link":"https:\/\/harristweed-shop.be\/fr\/produit\/pochette-en-tweed-harris-tartan-bleu-chataigne-des-iles-caithness\/","title":{"rendered":"Pochette en tweed Harris, mod\u00e8le Caithness, Islander, tartan bleu ch\u00e2taigne"},"content":{"rendered":"<p>La pochette Caithness\u00ae de notre collection exclusive de maroquinerie de luxe \u2013 une combinaison intemporelle de savoir-faire traditionnel et d&#039;\u00e9l\u00e9gance moderne.\n<\/p>\n<p>\nCette pochette est fabriqu\u00e9e en cuir v\u00e9ritable 100% et en authentique Harris Tweed, tiss\u00e9 \u00e0 la main dans les H\u00e9brides ext\u00e9rieures. <\/p>\n<p>La pochette poss\u00e8de une base en cuir souple et de grande qualit\u00e9, recouverte d&#039;un tissu Harris Tweed\u00ae.\n<\/p>\n<p>Con\u00e7ue avec une fermeture s\u00e9curis\u00e9e et des compartiments spacieux et s\u00fbrs pour vos essentiels, la pochette Caithness est l&#039;accessoire parfait qui allie qualit\u00e9 et tradition.\n<\/p>\n<p>\n26 cm x 14 cm x 10 cm<\/p>","protected":false},"excerpt":{"rendered":"<p>Pochette en tweed Harris, mod\u00e8le Caithness, Islander, tartan bleu ch\u00e2taigne.<\/p>\n<p>La pochette Caithness\u00ae de notre collection exclusive de maroquinerie de luxe \u2013 une combinaison intemporelle de savoir-faire traditionnel et d&#039;\u00e9l\u00e9gance moderne.<\/p>","protected":false},"featured_media":545992,"template":"","meta":[],"product_brand":[],"product_cat":[899,638,903,904,1163,1139,1162,1138,1238,900,1221,901,808,898],"product_tag":[],"class_list":{"0":"post-542951","1":"product","2":"type-product","3":"status-publish","4":"has-post-thumbnail","6":"product_cat-geschenke","7":"product_cat-gifts","8":"product_cat-handtas","9":"product_cat-handtaschen","10":"product_cat-harris-tweed-handtasche","11":"product_cat-harris-tweed-handtassen","12":"product_cat-harris-tweed-taschen","13":"product_cat-harris-tweed-tassen","14":"product_cat-islander","15":"product_cat-reisetaschen","16":"product_cat-tas-harris-tweed","17":"product_cat-taschen","18":"product_cat-tassen","19":"product_cat-tassen-gifts","20":"pa_merk-islander","22":"first","23":"instock","24":"taxable","25":"shipping-taxable","26":"purchasable","27":"product-type-simple"},"df_price":149.95,"df_sale_price":"","df_regular_price":149.95,"df_image_link":"https:\/\/harristweed-shop.be\/wp-content\/uploads\/2026\/02\/b63f11ff9881520904be3614d8797646_Harris_Tweed_Clutch__The_Caithness__Islander__Chestnut_Blue_Tartan_1-300x300.jpeg","_links":{"self":[{"href":"https:\/\/harristweed-shop.be\/fr\/wp-json\/wp\/v2\/product\/542951","targetHints":{"allow":["GET"]}}],"collection":[{"href":"https:\/\/harristweed-shop.be\/fr\/wp-json\/wp\/v2\/product"}],"about":[{"href":"https:\/\/harristweed-shop.be\/fr\/wp-json\/wp\/v2\/types\/product"}],"wp:featuredmedia":[{"embeddable":true,"href":"https:\/\/harristweed-shop.be\/fr\/wp-json\/wp\/v2\/media\/545992"}],"wp:attachment":[{"href":"https:\/\/harristweed-shop.be\/fr\/wp-json\/wp\/v2\/media?parent=542951"}],"wp:term":[{"taxonomy":"product_brand","embeddable":true,"href":"https:\/\/harristweed-shop.be\/fr\/wp-json\/wp\/v2\/product_brand?post=542951"},{"taxonomy":"product_cat","embeddable":true,"href":"https:\/\/harristweed-shop.be\/fr\/wp-json\/wp\/v2\/product_cat?post=542951"},{"taxonomy":"product_tag","embeddable":true,"href":"https:\/\/harristweed-shop.be\/fr\/wp-json\/wp\/v2\/product_tag?post=542951"}],"curies":[{"name":"wp","href":"https:\/\/api.w.org\/{rel}","templated":true}]}}