{"id":542945,"date":"2026-02-03T16:15:16","date_gmt":"2026-02-03T16:15:16","guid":{"rendered":"https:\/\/harristweed-shop.be\/product\/harris-tweed-shoulder-bag-the-ellon-islandernavy-over-check\/"},"modified":"2026-05-05T03:22:33","modified_gmt":"2026-05-05T03:22:33","slug":"harris-tweed-shoulder-bag-the-ellon-islandernavy-over-check","status":"publish","type":"product","link":"https:\/\/harristweed-shop.be\/fr\/produit\/sac-bandouliere-harris-en-tweed-modele-ellon-islander-bleu-marine-a-carreaux\/","title":{"rendered":"Sac bandouli\u00e8re Harris Tweed, mod\u00e8le Ellon, Islander, \u00e0 carreaux marine"},"content":{"rendered":"<p>D\u00e9couvrez l&#039;Ellon. Ce sac bandouli\u00e8re id\u00e9al est dot\u00e9 d&#039;une bandouli\u00e8re r\u00e9glable pour un confort optimal et d&#039;une fermeture \u00e9clair fiable pour un acc\u00e8s facile.\n<\/p>\n<p>\nConfectionn\u00e9 en cuir v\u00e9ritable de haute qualit\u00e9 et en authentique Harris Tweed, c&#039;est l&#039;accessoire parfait pour toutes les tenues !\n<\/p>\n<p>\n26 cm x 7 cm x 16 cm<\/p>","protected":false},"excerpt":{"rendered":"<p>Sac bandouli\u00e8re Harris Tweed, mod\u00e8le Ellon, Islander, motif \u00e0 carreaux marine.<\/p>\n<p>D\u00e9couvrez l&#039;Ellon. Ce sac bandouli\u00e8re id\u00e9al est dot\u00e9 d&#039;une bandouli\u00e8re r\u00e9glable pour un confort optimal et d&#039;une fermeture \u00e9clair fiable pour un acc\u00e8s facile.<\/p>","protected":false},"featured_media":542946,"template":"","meta":[],"product_brand":[],"product_cat":[899,638,903,904,1163,1139,1162,1138,1238,900,1221,901,808,898],"product_tag":[],"class_list":{"0":"post-542945","1":"product","2":"type-product","3":"status-publish","4":"has-post-thumbnail","6":"product_cat-geschenke","7":"product_cat-gifts","8":"product_cat-handtas","9":"product_cat-handtaschen","10":"product_cat-harris-tweed-handtasche","11":"product_cat-harris-tweed-handtassen","12":"product_cat-harris-tweed-taschen","13":"product_cat-harris-tweed-tassen","14":"product_cat-islander","15":"product_cat-reisetaschen","16":"product_cat-tas-harris-tweed","17":"product_cat-taschen","18":"product_cat-tassen","19":"product_cat-tassen-gifts","20":"pa_merk-islander","22":"first","23":"instock","24":"taxable","25":"shipping-taxable","26":"purchasable","27":"product-type-simple"},"df_price":129.95,"df_sale_price":"","df_regular_price":129.95,"df_image_link":"https:\/\/harristweed-shop.be\/wp-content\/uploads\/2026\/02\/d63f797fda152dbfe653877f06da4673_Harris_Tweed_Shoulder_Bag__The_Ellon__Islander_Navy_Over_Check_2-300x300.jpeg","_links":{"self":[{"href":"https:\/\/harristweed-shop.be\/fr\/wp-json\/wp\/v2\/product\/542945","targetHints":{"allow":["GET"]}}],"collection":[{"href":"https:\/\/harristweed-shop.be\/fr\/wp-json\/wp\/v2\/product"}],"about":[{"href":"https:\/\/harristweed-shop.be\/fr\/wp-json\/wp\/v2\/types\/product"}],"wp:featuredmedia":[{"embeddable":true,"href":"https:\/\/harristweed-shop.be\/fr\/wp-json\/wp\/v2\/media\/542946"}],"wp:attachment":[{"href":"https:\/\/harristweed-shop.be\/fr\/wp-json\/wp\/v2\/media?parent=542945"}],"wp:term":[{"taxonomy":"product_brand","embeddable":true,"href":"https:\/\/harristweed-shop.be\/fr\/wp-json\/wp\/v2\/product_brand?post=542945"},{"taxonomy":"product_cat","embeddable":true,"href":"https:\/\/harristweed-shop.be\/fr\/wp-json\/wp\/v2\/product_cat?post=542945"},{"taxonomy":"product_tag","embeddable":true,"href":"https:\/\/harristweed-shop.be\/fr\/wp-json\/wp\/v2\/product_tag?post=542945"}],"curies":[{"name":"wp","href":"https:\/\/api.w.org\/{rel}","templated":true}]}}