{"id":542822,"date":"2026-01-30T12:04:23","date_gmt":"2026-01-30T12:04:23","guid":{"rendered":"https:\/\/harristweed-shop.be\/product\/jeans-club-of-comfort-licht-blauw\/"},"modified":"2026-04-14T17:06:23","modified_gmt":"2026-04-14T17:06:23","slug":"jeans-club-of-comfort-licht-blauw","status":"publish","type":"product","link":"https:\/\/harristweed-shop.be\/fr\/produit\/jeans-club-of-comfort-bleu-clair\/","title":{"rendered":"Jeans Club of Comfort, bleu clair"},"content":{"rendered":"<p>V\u00e9ritable jean cinq poches avec ceinture \u00e9lastique confortable, en denim l\u00e9ger et robuste ultra-extensible. Ce mod\u00e8le co\u00fbte un peu moins de 200 \u20ac.<br \/>\nLe denim d&#039;\u00e9t\u00e9, d&#039;un poids plume, est ultra-l\u00e9ger et donc id\u00e9al pour les chaudes journ\u00e9es d&#039;\u00e9t\u00e9. Gr\u00e2ce \u00e0 un m\u00e9lange de fibres PBT haute technologie, ce pantalon offre une durabilit\u00e9 exceptionnelle. C&#039;est pr\u00e9cis\u00e9ment ce qui le rend si unique.<br \/>\nDes indispensables l\u00e9gers pour l&#039;\u00e9t\u00e9, gage d&#039;une qualit\u00e9 premium. De plus, gr\u00e2ce \u00e0 leur conception ultra-\u00e9lastique et extensible, ces pantalons \u00e9pousent tous vos mouvements.<br \/>\ndes jambes, sans aucune r\u00e9sistance. Ce mod\u00e8le a une taille normale et une jambe tr\u00e8s fine avec un pied \u00e9troit. Le point fort\u00a0: dans le<br \/>\nLa poche avant droite comporte une poche intelligente s\u00e9par\u00e9e o\u00f9 vous pouvez ranger votre smartphone en toute s\u00e9curit\u00e9 et l&#039;avoir toujours \u00e0 port\u00e9e de main.<\/p>","protected":false},"excerpt":{"rendered":"<p>Echte five-pocket met elastische comfortband in robuuste light denim met super elastische HIGH-stretch. Deze maar iets minder dan 200 gram wegende summer denim is superlicht en dus ideaal voor warme zomerdagen. Dankzij een bijmenging van hightech PBT-vezels zijn deze broeken uniek in stevigheid. Dat is juist bij lichte zomerkwaliteiten onmisbaar en het kenmerk van echte [&hellip;]<\/p>\n","protected":false},"featured_media":546182,"template":"","meta":[],"product_brand":[],"product_cat":[513,602,1206,843],"product_tag":[],"class_list":{"0":"post-542822","1":"product","2":"type-product","3":"status-publish","4":"has-post-thumbnail","6":"product_cat-broeken","7":"product_cat-hosen","8":"product_cat-jeans-hosen","9":"product_cat-jeans-en-five-pochet","10":"pa_merk-clubofcomfort","12":"first","13":"instock","14":"taxable","15":"shipping-taxable","16":"purchasable","17":"product-type-variable"},"df_price":119.95,"df_sale_price":"","df_regular_price":119.95,"df_image_link":"https:\/\/harristweed-shop.be\/wp-content\/uploads\/2026\/01\/cce3267bffffe2721dddee9b3e9d078d_Jeans_Club_of_Comfort__Licht_Blauw_1-225x300.jpeg","_links":{"self":[{"href":"https:\/\/harristweed-shop.be\/fr\/wp-json\/wp\/v2\/product\/542822","targetHints":{"allow":["GET"]}}],"collection":[{"href":"https:\/\/harristweed-shop.be\/fr\/wp-json\/wp\/v2\/product"}],"about":[{"href":"https:\/\/harristweed-shop.be\/fr\/wp-json\/wp\/v2\/types\/product"}],"wp:featuredmedia":[{"embeddable":true,"href":"https:\/\/harristweed-shop.be\/fr\/wp-json\/wp\/v2\/media\/546182"}],"wp:attachment":[{"href":"https:\/\/harristweed-shop.be\/fr\/wp-json\/wp\/v2\/media?parent=542822"}],"wp:term":[{"taxonomy":"product_brand","embeddable":true,"href":"https:\/\/harristweed-shop.be\/fr\/wp-json\/wp\/v2\/product_brand?post=542822"},{"taxonomy":"product_cat","embeddable":true,"href":"https:\/\/harristweed-shop.be\/fr\/wp-json\/wp\/v2\/product_cat?post=542822"},{"taxonomy":"product_tag","embeddable":true,"href":"https:\/\/harristweed-shop.be\/fr\/wp-json\/wp\/v2\/product_tag?post=542822"}],"curies":[{"name":"wp","href":"https:\/\/api.w.org\/{rel}","templated":true}]}}