{"id":542800,"date":"2026-01-30T11:48:53","date_gmt":"2026-01-30T11:48:53","guid":{"rendered":"https:\/\/harristweed-shop.be\/product\/jeans-club-of-comfort-middenblauw-used\/"},"modified":"2026-04-07T11:35:26","modified_gmt":"2026-04-07T11:35:26","slug":"jeans-club-of-comfort-middenblauw-used","status":"publish","type":"product","link":"https:\/\/harristweed-shop.be\/fr\/produit\/jeans-club-ou-comfort-bleu-moyen-doccasion\/","title":{"rendered":"Jeans Club of Comfort, bleu moyen, d&#039;occasion"},"content":{"rendered":"<p>Un v\u00e9ritable pantalon d&#039;\u00e9t\u00e9 cinq poches \u00e0 taille \u00e9lastiqu\u00e9e. Dot\u00e9 d&#039;une poche pour smartphone, ce mod\u00e8le ultra-extensible \u00e9pouse tous vos mouvements. Coupe droite et jambes fusel\u00e9es. Denim ultra-extensible.<\/p>\n<p>\u2013 Jean \u00e0 cinq poches<br \/>\n\u2013 SLIMFIT (coupe ajust\u00e9e)<br \/>\n\u2013 tissu denim l\u00e9ger (420 grammes)<br \/>\n\u2013 Poche pour smartphone<br \/>\n\u2013 Poches arri\u00e8res poches jeans<br \/>\n\u2013 Les pantalons sont \u00e9quip\u00e9s, entre autres, d&#039;une chemise double et d&#039;un stoppeur de chemise !<br \/>\n\u2013 Disponible en plusieurs couleurs<\/p>\n<p>Composition : 89% coton, 8% polyester et 3% \u00e9lasthanne <\/p>\n<p>Les tailles INCH sont disponibles en 3 longueurs diff\u00e9rentes : 30, 32 et 34.<\/p>","protected":false},"excerpt":{"rendered":"<p>Echte zomerse Five-pocket met elastische comfortband. Deze pantalon met smartphone pocket is een echt HIGH-stretch product die al uw bewegingen volgt. Dit model heeft een normale taillehoogte en een slanke beenwijdte. Highstretch Denim-stof &#8211; Five Pocket Denim &#8211; SLIMFIT (slanke pasvorm) &#8211; lichte Denim-stof (420 gram) &#8211; Smartphone pocket &#8211; Achterzakken jeans-pockets &#8211; Broek is [&hellip;]<\/p>\n","protected":false},"featured_media":542804,"template":"","meta":[],"product_brand":[],"product_cat":[513,602,1206,843],"product_tag":[],"class_list":{"0":"post-542800","1":"product","2":"type-product","3":"status-publish","4":"has-post-thumbnail","6":"product_cat-broeken","7":"product_cat-hosen","8":"product_cat-jeans-hosen","9":"product_cat-jeans-en-five-pochet","10":"pa_merk-clubofcomfort","12":"first","13":"instock","14":"taxable","15":"shipping-taxable","16":"purchasable","17":"product-type-variable"},"df_price":119.95,"df_sale_price":"","df_regular_price":119.95,"df_image_link":"https:\/\/harristweed-shop.be\/wp-content\/uploads\/2026\/01\/555cbf67807a248980866a316cf10517_5812Jeans_Club_of_Comfort__Middenblauw-200x300.jpg","_links":{"self":[{"href":"https:\/\/harristweed-shop.be\/fr\/wp-json\/wp\/v2\/product\/542800","targetHints":{"allow":["GET"]}}],"collection":[{"href":"https:\/\/harristweed-shop.be\/fr\/wp-json\/wp\/v2\/product"}],"about":[{"href":"https:\/\/harristweed-shop.be\/fr\/wp-json\/wp\/v2\/types\/product"}],"wp:featuredmedia":[{"embeddable":true,"href":"https:\/\/harristweed-shop.be\/fr\/wp-json\/wp\/v2\/media\/542804"}],"wp:attachment":[{"href":"https:\/\/harristweed-shop.be\/fr\/wp-json\/wp\/v2\/media?parent=542800"}],"wp:term":[{"taxonomy":"product_brand","embeddable":true,"href":"https:\/\/harristweed-shop.be\/fr\/wp-json\/wp\/v2\/product_brand?post=542800"},{"taxonomy":"product_cat","embeddable":true,"href":"https:\/\/harristweed-shop.be\/fr\/wp-json\/wp\/v2\/product_cat?post=542800"},{"taxonomy":"product_tag","embeddable":true,"href":"https:\/\/harristweed-shop.be\/fr\/wp-json\/wp\/v2\/product_tag?post=542800"}],"curies":[{"name":"wp","href":"https:\/\/api.w.org\/{rel}","templated":true}]}}