{"id":542667,"date":"2026-01-15T10:08:33","date_gmt":"2026-01-15T10:08:33","guid":{"rendered":"https:\/\/harristweed-shop.be\/product\/schoenen-melik-azurro-suede-2\/"},"modified":"2026-05-05T15:38:18","modified_gmt":"2026-05-05T15:38:18","slug":"schoenen-melik-azurro-suede-2","status":"publish","type":"product","link":"https:\/\/harristweed-shop.be\/fr\/produit\/chaussures-melik-azurro-daim-2\/","title":{"rendered":"Chaussures Melik Marizo Marine"},"content":{"rendered":"<p>Cette chaussure Melik Shoes est un incontournable pour tout homme. Confectionn\u00e9e en cuir fonc\u00e9 lisse et magnifiquement poli, elle s&#039;accorde parfaitement avec toutes les tenues. Sa semelle ultra-l\u00e9g\u00e8re est r\u00e9sistante et garde vos pieds au sec m\u00eame sous la pluie.<br \/>\nMelik Shoes, c&#039;est bien plus qu&#039;une simple chaussure confortable pour marcher. On pourrait la d\u00e9crire comme Melik Shoes, qui fait bouger les gens.<br \/>\nVous recherchez des chaussures en cuir vraiment uniques, confortables et parfaitement adapt\u00e9es \u00e0 votre personnalit\u00e9 et \u00e0 votre tenue\u00a0? Alors choisissez Melik Shoes\u00a0!<\/p>","protected":false},"excerpt":{"rendered":"<p>\u2013 Num\u00e9ro d&#039;article : 7674-02<br \/>\n\u2013 Couleur : Bleu<br \/>\n\u2013 Mati\u00e8re : Cuir<br \/>\n\u2013 Doublure : cuir de veau<br \/>\n\u2013 Type de semelle\u00a0: Microlight<br \/>\n\u2013 Derni\u00e8re\/largeur\u00a0: G \u2013 Pointure normale<br \/>\n\u2013 Courroie correspondante\u00a0: 7674-02-R<\/p>","protected":false},"featured_media":542675,"template":"","meta":[],"product_brand":[],"product_cat":[641,85,519],"product_tag":[],"class_list":{"0":"post-542667","1":"product","2":"type-product","3":"status-publish","4":"has-post-thumbnail","6":"product_cat-heren-schoenen","7":"product_cat-schoenen","8":"product_cat-schuhe","9":"pa_merk-melik","11":"first","12":"instock","13":"taxable","14":"shipping-taxable","15":"purchasable","16":"product-type-variable"},"df_price":219.95,"df_sale_price":"","df_regular_price":219.95,"df_image_link":"https:\/\/harristweed-shop.be\/wp-content\/uploads\/2026\/01\/6c94bacda66e39ba0dcc8186105d1edc_Schoenen_Melik_Marizo_Navy-300x300.jpeg","_links":{"self":[{"href":"https:\/\/harristweed-shop.be\/fr\/wp-json\/wp\/v2\/product\/542667","targetHints":{"allow":["GET"]}}],"collection":[{"href":"https:\/\/harristweed-shop.be\/fr\/wp-json\/wp\/v2\/product"}],"about":[{"href":"https:\/\/harristweed-shop.be\/fr\/wp-json\/wp\/v2\/types\/product"}],"wp:featuredmedia":[{"embeddable":true,"href":"https:\/\/harristweed-shop.be\/fr\/wp-json\/wp\/v2\/media\/542675"}],"wp:attachment":[{"href":"https:\/\/harristweed-shop.be\/fr\/wp-json\/wp\/v2\/media?parent=542667"}],"wp:term":[{"taxonomy":"product_brand","embeddable":true,"href":"https:\/\/harristweed-shop.be\/fr\/wp-json\/wp\/v2\/product_brand?post=542667"},{"taxonomy":"product_cat","embeddable":true,"href":"https:\/\/harristweed-shop.be\/fr\/wp-json\/wp\/v2\/product_cat?post=542667"},{"taxonomy":"product_tag","embeddable":true,"href":"https:\/\/harristweed-shop.be\/fr\/wp-json\/wp\/v2\/product_tag?post=542667"}],"curies":[{"name":"wp","href":"https:\/\/api.w.org\/{rel}","templated":true}]}}