{"id":542654,"date":"2026-01-15T10:03:05","date_gmt":"2026-01-15T10:03:05","guid":{"rendered":"https:\/\/harristweed-shop.be\/product\/schoenen-melik-azurro-suede\/"},"modified":"2026-05-05T03:24:50","modified_gmt":"2026-05-05T03:24:50","slug":"schoenen-melik-azurro-suede","status":"publish","type":"product","link":"https:\/\/harristweed-shop.be\/fr\/produit\/chaussures-melik-en-daim-azurro\/","title":{"rendered":"Chaussures Melik Azurro en daim"},"content":{"rendered":"<p>Le mod\u00e8le Gabbro, aux c\u00f4t\u00e9s de Just2Ofus, Ranzek, Wannio et Marizo, est la chaussure de mariage la plus vendue du moment\u00a0! Depuis des ann\u00e9es, Melik se sp\u00e9cialise dans les chaussures pour les grandes occasions. Notre collection de chaussures habill\u00e9es, d\u00e9clin\u00e9e dans des coloris doux et tendance, s&#039;accorde parfaitement avec les costumes de mariage l\u00e9gers et fluides des ann\u00e9es 1920, tr\u00e8s en vogue actuellement. Une chaussure confortable qui vous accompagnera avec \u00e9l\u00e9gance tout au long du plus beau jour de votre vie. Les chaussures de mariage Melik offrent un confort optimal, sont confectionn\u00e9es en daim de qualit\u00e9 et arborent des imprim\u00e9s originaux qui vous feront assur\u00e9ment briller\u00a0! Une ceinture assortie compl\u00e8te votre tenue. Qui pourrait r\u00e9sister \u00e0 une telle proposition\u00a0?<\/p>","protected":false},"excerpt":{"rendered":"<p>Num\u00e9ro d&#039;article : 36500 29<br \/>\nCouleur : Beige<br \/>\nMati\u00e8re : Cuir su\u00e9d\u00e9<br \/>\nDoublure : cuir de veau<br \/>\nType de semelle : Semelle en caoutchouc<br \/>\nDerni\u00e8re\/largeur\u00a0: G - Pointure normale<br \/>\nSemelle int\u00e9rieure amovible\u00a0: Non<\/p>","protected":false},"featured_media":542662,"template":"","meta":[],"product_brand":[],"product_cat":[641,85,519],"product_tag":[],"class_list":{"0":"post-542654","1":"product","2":"type-product","3":"status-publish","4":"has-post-thumbnail","6":"product_cat-heren-schoenen","7":"product_cat-schoenen","8":"product_cat-schuhe","9":"pa_merk-melik","11":"first","12":"instock","13":"taxable","14":"shipping-taxable","15":"purchasable","16":"product-type-variable"},"df_price":219.95,"df_sale_price":"","df_regular_price":219.95,"df_image_link":"https:\/\/harristweed-shop.be\/wp-content\/uploads\/2026\/01\/df0f8374974565c2796559ff3d209a8d_Schoenen_Melik_Azurro_Su_de-300x300.jpeg","_links":{"self":[{"href":"https:\/\/harristweed-shop.be\/fr\/wp-json\/wp\/v2\/product\/542654","targetHints":{"allow":["GET"]}}],"collection":[{"href":"https:\/\/harristweed-shop.be\/fr\/wp-json\/wp\/v2\/product"}],"about":[{"href":"https:\/\/harristweed-shop.be\/fr\/wp-json\/wp\/v2\/types\/product"}],"wp:featuredmedia":[{"embeddable":true,"href":"https:\/\/harristweed-shop.be\/fr\/wp-json\/wp\/v2\/media\/542662"}],"wp:attachment":[{"href":"https:\/\/harristweed-shop.be\/fr\/wp-json\/wp\/v2\/media?parent=542654"}],"wp:term":[{"taxonomy":"product_brand","embeddable":true,"href":"https:\/\/harristweed-shop.be\/fr\/wp-json\/wp\/v2\/product_brand?post=542654"},{"taxonomy":"product_cat","embeddable":true,"href":"https:\/\/harristweed-shop.be\/fr\/wp-json\/wp\/v2\/product_cat?post=542654"},{"taxonomy":"product_tag","embeddable":true,"href":"https:\/\/harristweed-shop.be\/fr\/wp-json\/wp\/v2\/product_tag?post=542654"}],"curies":[{"name":"wp","href":"https:\/\/api.w.org\/{rel}","templated":true}]}}