{"id":542635,"date":"2026-01-13T16:43:21","date_gmt":"2026-01-13T16:43:21","guid":{"rendered":"https:\/\/harristweed-shop.be\/product\/magee-tweed-dames-blazer-ladiesclub-in-multicolor-check\/"},"modified":"2026-04-21T15:52:58","modified_gmt":"2026-04-21T15:52:58","slug":"magee-tweed-dames-blazer-ladiesclub-in-multicolor-check","status":"publish","type":"product","link":"https:\/\/harristweed-shop.be\/fr\/produit\/blazer-en-tweed-magee-pour-femme-modele-ladies-club-a-carreaux-multicolores\/","title":{"rendered":"Blazer pour femme Magee Tweed \u201c Ladies Club \u201d \u00e0 carreaux multicolores"},"content":{"rendered":"<p>\u201c Ladiesclub \u201d \u00e0 motif losanges multicolores \u2013 Un blazer pour femme plein de charme, de caract\u00e8re et d&#039;\u00e9l\u00e9gance irlandaise<\/p>\n<p>Tradition et innovation en parfaite harmonie\u00a0: le blazer pour femme \u201c\u00a0Ladiesclub\u00a0\u201d s\u00e9duit par son motif \u00e0 carreaux multicolores \u00e9clatants, tiss\u00e9 \u00e0 la main en pure laine vierge par Magee, une manufacture irlandaise traditionnelle forte de plus de 150\u00a0ans d\u2019histoire. Inspir\u00e9 par les paysages sauvages du Donegal, ce tissu color\u00e9 offre non seulement un style \u00e9l\u00e9gant, mais aussi les bienfaits naturels de la pure laine vierge\u00a0: thermor\u00e9gulatrice, respirante et r\u00e9sistante, elle est id\u00e9ale en toute saison.<\/p>\n<p>Sa coupe l\u00e9g\u00e8rement cintr\u00e9e et moderne, associ\u00e9e \u00e0 une longueur courte, conf\u00e8re au blazer une allure f\u00e9minine. Dot\u00e9 d&#039;\u00e9l\u00e9gants boutons en corne, de deux poches \u00e0 rabat, d&#039;une poche passepoil\u00e9e poitrine, d&#039;une poche int\u00e9rieure pratique et de deux fentes au dos, il allie style et fonctionnalit\u00e9. Un d\u00e9tail raffin\u00e9\u00a0: le col est doubl\u00e9 de polaire de laine contrastante, gage de qualit\u00e9 et de design.<\/p>\n<p>Port\u00e9 avec un cardigan assorti, une jupe ou un jean, le blazer \u201c Ladies&#039; Club \u201d est polyvalent et apporte une touche d&#039;\u00e9l\u00e9gance irlandaise \u00e0 toutes vos tenues. Un blazer de caract\u00e8re, pour les femmes qui appr\u00e9cient la qualit\u00e9, le style et la personnalit\u00e9.<\/p>\n<p>\u2013 100% pure laine vierge<br \/>\u2013 Blazer \u00e0 trois boutons<br \/>\u2013 Une poche passepoil\u00e9e sur la poitrine<br \/>\u2013 Une poche int\u00e9rieure<br \/>- Enti\u00e8rement doubl\u00e9<br \/>\u2013 Dessous de col en feutre de laine contrastant<br \/>\u2013 Deux poches \u00e0 rabat<br \/>\u2013 Deux fentes au dos<\/p>\n<p>Mensurations du mannequin\u00a0: Le mannequin mesure 176\u00a0cm et porte une taille\u00a036.<br \/>Coupe : L\u00e9g\u00e8rement ajust\u00e9e, style plus court<br \/>Mesures du v\u00eatement\u00a0: Pour la taille 36, les mesures sont les suivantes\u00a0: Longueur dos\u00a0: 60,8\u00a0cm \u2013 Longueur des manches depuis la poitrine\u00a0: 61,7\u00a0cm \u2013 Demi-tour de poitrine\u00a0: 49\u00a0cm \u2013 Demi-tour de taille\u00a0: 44\u00a0cm<\/p>\n<p>Tissu ext\u00e9rieur : pure laine vierge 100%<br \/>Doublure : viscose 100%<br \/>Doublure des manches : viscose 100%<\/p>","protected":false},"excerpt":{"rendered":"<p>Blazer pour femme Magee Tweed \u201c Ladies Club \u201d \u00e0 carreaux multicolores 192.<\/p>\n<p>Tradition et innovation en parfaite harmonie : le blazer pour femme \u201c Ladiesclub \u201d impressionne par son motif losanges multicolore vibrant en laine vierge tiss\u00e9e \u00e0 la main \u2013 confectionn\u00e9 par Magee, une manufacture de tissage irlandaise traditionnelle forte de plus de 150 ans d&#039;histoire.<\/p>","protected":false},"featured_media":542646,"template":"","meta":[],"product_brand":[],"product_cat":[1159,592,353,1084,15,478],"product_tag":[],"class_list":{"0":"post-542635","1":"product","2":"type-product","3":"status-publish","4":"has-post-thumbnail","6":"product_cat-harris-tweed-blazer-damen","7":"product_cat-harris-tweed-blazer-fur-damen","8":"product_cat-harris-tweed-dames-jasjes","9":"product_cat-harris-tweed-jasjes-dames","10":"product_cat-harris-tweed-colberts","11":"product_cat-tweed-sakkos","12":"pa_merk-harristweed","14":"first","15":"instock","16":"taxable","17":"shipping-taxable","18":"purchasable","19":"product-type-variable"},"df_price":379.95,"df_sale_price":"","df_regular_price":379.95,"df_image_link":"https:\/\/harristweed-shop.be\/wp-content\/uploads\/2026\/01\/826ddadcc3219a5f25773ae5322ff49e_Magee_Tweed_Dames_Blazer__Ladiesclub__In_Multicolor_Check-225x300.jpeg","_links":{"self":[{"href":"https:\/\/harristweed-shop.be\/fr\/wp-json\/wp\/v2\/product\/542635","targetHints":{"allow":["GET"]}}],"collection":[{"href":"https:\/\/harristweed-shop.be\/fr\/wp-json\/wp\/v2\/product"}],"about":[{"href":"https:\/\/harristweed-shop.be\/fr\/wp-json\/wp\/v2\/types\/product"}],"wp:featuredmedia":[{"embeddable":true,"href":"https:\/\/harristweed-shop.be\/fr\/wp-json\/wp\/v2\/media\/542646"}],"wp:attachment":[{"href":"https:\/\/harristweed-shop.be\/fr\/wp-json\/wp\/v2\/media?parent=542635"}],"wp:term":[{"taxonomy":"product_brand","embeddable":true,"href":"https:\/\/harristweed-shop.be\/fr\/wp-json\/wp\/v2\/product_brand?post=542635"},{"taxonomy":"product_cat","embeddable":true,"href":"https:\/\/harristweed-shop.be\/fr\/wp-json\/wp\/v2\/product_cat?post=542635"},{"taxonomy":"product_tag","embeddable":true,"href":"https:\/\/harristweed-shop.be\/fr\/wp-json\/wp\/v2\/product_tag?post=542635"}],"curies":[{"name":"wp","href":"https:\/\/api.w.org\/{rel}","templated":true}]}}