{"id":542528,"date":"2026-01-07T10:33:12","date_gmt":"2026-01-07T10:33:12","guid":{"rendered":"https:\/\/harristweed-shop.be\/product\/new-zealand-vintage-polo\/"},"modified":"2026-04-07T12:25:47","modified_gmt":"2026-04-07T12:25:47","slug":"new-zealand-vintage-polo","status":"publish","type":"product","link":"https:\/\/harristweed-shop.be\/fr\/produit\/polo-vintage-de-nouvelle-zelande\/","title":{"rendered":"Polo vintage de Nouvelle-Z\u00e9lande"},"content":{"rendered":"<p>Pr\u00e9sentation du maillot de rugby r\u00e9tro n\u00e9o-z\u00e9landais<\/p>\n<p>Le polo de rugby r\u00e9tro n\u00e9o-z\u00e9landais s&#039;inspire des l\u00e9gendaires All Blacks. Cliff Porter mena l&#039;\u00e9quipe de rugby n\u00e9o-z\u00e9landaise lors de sa tourn\u00e9e de 1924-1925. Surnomm\u00e9e \u2018\u00a0Les Invincibles\u00a0\u2019 pour ses victoires en autant de matchs, l&#039;\u00e9quipe des All Blacks effectua une tourn\u00e9e au Royaume-Uni, en Irlande, en France et au Canada. Elle remporta ses 32 rencontres et inscrivit un total de 838 points, n&#039;en conc\u00e9dant que 116.<\/p>\n<p>N\u00e9 \u00e0 \u00c9dimbourg, Cliff Porter s&#039;est fait un nom en jouant au rugby pour Wellington au poste de troisi\u00e8me ligne arri\u00e8re robuste. Il a remplac\u00e9 l&#039;ancien capitaine des All Blacks, Ces Badeley, pour cette tourn\u00e9e.<\/p>\n<p>Parmi les touristes figuraient d&#039;excellents joueurs de rugby, notamment les fr\u00e8res Maurice et Cyril Brownlie. Ces deux fr\u00e8res \u00e9voluaient \u00e9galement au poste de troisi\u00e8me ligne et jouaient au niveau provincial pour Hawke&#039;s Bay. Ils avaient un autre fr\u00e8re, Laurie Brownlie, qui avait jou\u00e9 pour l&#039;\u00e9quipe nationale n\u00e9o-z\u00e9landaise de rugby contre la Nouvelle-Galles du Sud en 1921. Cependant, il n&#039;avait pas \u00e9t\u00e9 retenu pour la tourn\u00e9e.<\/p>\n<p>En savoir plus<\/p>\n<p>Il ne faisait aucun doute que George Nepia \u00e9tait la v\u00e9ritable attraction de l&#039;\u00e9quipe. Joueur exceptionnel et l&#039;un des plus c\u00e9l\u00e8bres joueurs de rugby maoris, il rejoignit en 1922 l&#039;\u00e9quipe de Hawkes Bay, qui comptait alors parmi les meilleures du pays. Lors de la tourn\u00e9e, Nepia marqua 77 points et participa aux 32 matchs. Arri\u00e8re de grande qualit\u00e9, il d\u00e9veloppa \u00e9galement un jeu au pied pr\u00e9cis et se montra tr\u00e8s \u00e0 l&#039;aise sous les ballons hauts. Il menait \u00e9galement le haka avant chaque rencontre.<\/p>\n<p>En 1928, lors de la tourn\u00e9e des All Blacks en Afrique du Sud, Nepia fut exclu de l&#039;\u00e9quipe pour des raisons raciales. En 1935, il signa un contrat avec le Streatham and Mitcham Rugby League Club de Londres pour 500 \u00a3. Il rejoignit ensuite le Halifax Rugby League Club. \u00c0 son retour en Nouvelle-Z\u00e9lande en 1937, il joua au rugby \u00e0 XIII pour Manukau, les New Zealand M\u0101ori et l&#039;\u00e9quipe nationale n\u00e9o-z\u00e9landaise, les Kiwis. Il fut intronis\u00e9 au Temple de la renomm\u00e9e du sport n\u00e9o-z\u00e9landais en 1990.<\/p>\n<p>Lors de la tourn\u00e9e de 1924-1925, l&#039;\u00e9quipe \u00e9cossaise a battu l&#039;Irlande 6-0 \u00e0 Dublin, le Pays de Galles 19-0 \u00e0 Cardiff, l&#039;Angleterre 17-11 \u00e0 Twickenham et la France 30-6 \u00e0 Toulouse. L&#039;\u00c9cosse a refus\u00e9 d&#039;affronter les All Blacks car la tourn\u00e9e \u00e9tait organis\u00e9e par la RFU et non par l&#039;IRFB.<\/p>","protected":false},"excerpt":{"rendered":"<p>Le polo de rugby r\u00e9tro n\u00e9o-z\u00e9landais s&#039;inspire des l\u00e9gendaires All Blacks. Lors de la tourn\u00e9e de 1924-1925 de l&#039;\u00e9quipe de rugby de Nouvelle-Z\u00e9lande, men\u00e9e par Cliff Porter, les All Blacks, surnomm\u00e9s les \u2018\u00a0Invincibles\u00a0\u2019 pour leurs 32 victoires cons\u00e9cutives, ont parcouru le Royaume-Uni, l&#039;Irlande, la France et le Canada. Ils ont ainsi remport\u00e9 leurs 32 matchs et inscrit un total de 838 points, n&#039;en conc\u00e9dant que 116.<\/p>","protected":false},"featured_media":542529,"template":"","meta":[],"product_brand":[],"product_cat":[1011,1024,556,406,1000,394,955,555],"product_tag":[],"class_list":{"0":"post-542528","1":"product","2":"type-product","3":"status-publish","4":"has-post-thumbnail","6":"product_cat-all-blacks-new-zealand","7":"product_cat-ellis-rugby-polos","8":"product_cat-international-vintage-rugby-shirts","9":"product_cat-polos","10":"product_cat-poloshirts","11":"product_cat-rugby-shirts-2","12":"product_cat-shop-by-country-club","13":"product_cat-vintage-rugby-shirts","14":"pa_merk-ellis-rugby","16":"first","17":"instock","18":"taxable","19":"shipping-taxable","20":"purchasable","21":"product-type-variable"},"df_price":69.95,"df_sale_price":"","df_regular_price":69.95,"df_image_link":"https:\/\/harristweed-shop.be\/wp-content\/uploads\/2026\/01\/c6c8222ec80f5b9c8ae9502a544a64c6_New_Zealand_Vintage_Polo-300x300.jpg","_links":{"self":[{"href":"https:\/\/harristweed-shop.be\/fr\/wp-json\/wp\/v2\/product\/542528","targetHints":{"allow":["GET"]}}],"collection":[{"href":"https:\/\/harristweed-shop.be\/fr\/wp-json\/wp\/v2\/product"}],"about":[{"href":"https:\/\/harristweed-shop.be\/fr\/wp-json\/wp\/v2\/types\/product"}],"wp:featuredmedia":[{"embeddable":true,"href":"https:\/\/harristweed-shop.be\/fr\/wp-json\/wp\/v2\/media\/542529"}],"wp:attachment":[{"href":"https:\/\/harristweed-shop.be\/fr\/wp-json\/wp\/v2\/media?parent=542528"}],"wp:term":[{"taxonomy":"product_brand","embeddable":true,"href":"https:\/\/harristweed-shop.be\/fr\/wp-json\/wp\/v2\/product_brand?post=542528"},{"taxonomy":"product_cat","embeddable":true,"href":"https:\/\/harristweed-shop.be\/fr\/wp-json\/wp\/v2\/product_cat?post=542528"},{"taxonomy":"product_tag","embeddable":true,"href":"https:\/\/harristweed-shop.be\/fr\/wp-json\/wp\/v2\/product_tag?post=542528"}],"curies":[{"name":"wp","href":"https:\/\/api.w.org\/{rel}","templated":true}]}}