{"id":542446,"date":"2025-12-27T13:06:53","date_gmt":"2025-12-27T13:06:53","guid":{"rendered":"https:\/\/harristweed-shop.be\/product\/harris-tweed-dames-jasje-ami-in-colorful-tartan\/"},"modified":"2026-04-07T12:25:47","modified_gmt":"2026-04-07T12:25:47","slug":"harris-tweed-dames-jasje-ami-in-colorful-tartan","status":"publish","type":"product","link":"https:\/\/harristweed-shop.be\/fr\/produit\/veste-pour-femme-en-tweed-harris-ami-a-carreaux-colores\/","title":{"rendered":"Veste pour femme en tweed Harris Ami \u00e0 carreaux color\u00e9s"},"content":{"rendered":"<p>Tradition et innovation se conjuguent dans cet \u00e9l\u00e9gant blazer en Harris Tweed, \u201c\u00a0Ami\u00a0\u201d, t\u00e9moignant d&#039;un savoir-faire exceptionnel. La laine s\u00e9lectionn\u00e9e, tiss\u00e9e \u00e0 la main dans les H\u00e9brides ext\u00e9rieures en \u00c9cosse, offre une chaleur confortable et une allure raffin\u00e9e. Ce blazer \u00e0 deux boutons pr\u00e9sente une silhouette f\u00e9minine et cintr\u00e9e, ainsi qu&#039;une coupe moderne, avec un revers crant\u00e9, deux coutures poitrine, une fente au dos et une doublure jaune. Parmi ses d\u00e9tails charmants, on retrouve le dessous de col doubl\u00e9 de polaire turquoise et les boutons effet corne. Classique, intemporel et pourtant contemporain, ce magnifique blazer se marie avec style \u00e0 des cardigans, des jupes, des jeans ou des pantalons en laine.<\/p>\n<p>\u2013 une poche int\u00e9rieure<br \/>\u2013 enti\u00e8rement doubl\u00e9<br \/>\u2013 Harris Tweed \u2013 tiss\u00e9 \u00e0 la main en \u00c9cosse<br \/>\u2013 blazer court<br \/>\u2013 sous-col doubl\u00e9 en polaire<br \/>\u2013 \u00e9tiquette nominative<br \/>\u2013 deux poches \u00e0 rabat<\/p>\n<p>Mensurations du mannequin\u00a0: Le mannequin mesure 174\u00a0cm et porte une taille\u00a036 sur la photo.<br \/>Coupe : Mod\u00e8le court l\u00e9g\u00e8rement ajust\u00e9.<br \/>Mesures du produit\u00a0: Pour la taille 36, les mesures sont les suivantes\u00a0: Longueur dos\u00a0: 61,5\u00a0cm \u2013 Longueur des manches depuis la poitrine\u00a0: 62,5\u00a0cm \u2013 Demi-tour de poitrine\u00a0: 50,5\u00a0cm \u2013 Demi-tour de taille\u00a0: 44\u00a0cm<\/p>\n<p>Tissu ext\u00e9rieur : laine vierge 100%<br \/>Doublure : 55% polyester, 45% viscose<br \/>Doublure des manches : viscose 100%<\/p>","protected":false},"excerpt":{"rendered":"<p>Veste pour femme en tweed Harris Ami en tartan color\u00e9 568.<\/p>\n<p>Tradition et innovation se conjuguent dans cet \u00e9l\u00e9gant blazer en Harris Tweed, \u201c\u00a0Ami\u00a0\u201d, t\u00e9moignant d&#039;un savoir-faire exceptionnel. La laine s\u00e9lectionn\u00e9e, tiss\u00e9e \u00e0 la main dans les H\u00e9brides ext\u00e9rieures en \u00c9cosse, offre une chaleur confortable et une allure raffin\u00e9e.<\/p>","protected":false},"featured_media":542457,"template":"","meta":[],"product_brand":[],"product_cat":[1159,592,353,1084,15,478],"product_tag":[],"class_list":{"0":"post-542446","1":"product","2":"type-product","3":"status-publish","4":"has-post-thumbnail","6":"product_cat-harris-tweed-blazer-damen","7":"product_cat-harris-tweed-blazer-fur-damen","8":"product_cat-harris-tweed-dames-jasjes","9":"product_cat-harris-tweed-jasjes-dames","10":"product_cat-harris-tweed-colberts","11":"product_cat-tweed-sakkos","12":"pa_merk-harristweed","14":"first","15":"instock","16":"taxable","17":"shipping-taxable","18":"purchasable","19":"product-type-variable"},"df_price":379.95,"df_sale_price":"","df_regular_price":379.95,"df_image_link":"https:\/\/harristweed-shop.be\/wp-content\/uploads\/2025\/12\/6e0dd4faba3a970ebd9b6c9619bb8a26_Harris_tweed_Dames_Jasje_Ami_In_Colorful_Tartan-225x300.jpeg","_links":{"self":[{"href":"https:\/\/harristweed-shop.be\/fr\/wp-json\/wp\/v2\/product\/542446","targetHints":{"allow":["GET"]}}],"collection":[{"href":"https:\/\/harristweed-shop.be\/fr\/wp-json\/wp\/v2\/product"}],"about":[{"href":"https:\/\/harristweed-shop.be\/fr\/wp-json\/wp\/v2\/types\/product"}],"wp:featuredmedia":[{"embeddable":true,"href":"https:\/\/harristweed-shop.be\/fr\/wp-json\/wp\/v2\/media\/542457"}],"wp:attachment":[{"href":"https:\/\/harristweed-shop.be\/fr\/wp-json\/wp\/v2\/media?parent=542446"}],"wp:term":[{"taxonomy":"product_brand","embeddable":true,"href":"https:\/\/harristweed-shop.be\/fr\/wp-json\/wp\/v2\/product_brand?post=542446"},{"taxonomy":"product_cat","embeddable":true,"href":"https:\/\/harristweed-shop.be\/fr\/wp-json\/wp\/v2\/product_cat?post=542446"},{"taxonomy":"product_tag","embeddable":true,"href":"https:\/\/harristweed-shop.be\/fr\/wp-json\/wp\/v2\/product_tag?post=542446"}],"curies":[{"name":"wp","href":"https:\/\/api.w.org\/{rel}","templated":true}]}}