{"id":542431,"date":"2025-12-27T11:34:53","date_gmt":"2025-12-27T11:34:53","guid":{"rendered":"https:\/\/harristweed-shop.be\/product\/harris-tweed-dames-blazer-ladiesclub-in-pink\/"},"modified":"2026-04-07T12:25:47","modified_gmt":"2026-04-07T12:25:47","slug":"harris-tweed-dames-blazer-ladiesclub-in-pink","status":"publish","type":"product","link":"https:\/\/harristweed-shop.be\/fr\/produit\/blazer-en-tweed-harris-pour-femme-modele-ladies-club-rose\/","title":{"rendered":"Blazer Harris Tweed pour femme, LadiesClub, rose"},"content":{"rendered":"<p>Tradition et innovation se conjuguent dans cet \u00e9l\u00e9gant blazer en Harris Tweed, \u201c Ladiesclub \u201d, qui se distingue par son savoir-faire exceptionnel. La laine soigneusement s\u00e9lectionn\u00e9e est tiss\u00e9e \u00e0 la main dans les H\u00e9brides ext\u00e9rieures d&#039;\u00c9cosse, offrant une chaleur confortable et une allure raffin\u00e9e. Ce blazer \u00e0 trois boutons pr\u00e9sente une silhouette f\u00e9minine et cintr\u00e9e, une coupe l\u00e9g\u00e8rement plus courte, un col \u00e0 revers, une pince poitrine et deux fentes au dos. Parmi ses d\u00e9tails charmants, on note la doublure en polaire de laine contrastante sous le col et les boutons imitation corne. Classique, intemporel et pourtant contemporain\u00a0: ce magnifique blazer se marie avec style \u00e0 merveille avec des cardigans, des jupes, des jeans ou des pantalons en laine.<\/p>\n<p>\u2013 Fabriqu\u00e9 en Harris Tweed 100% authentique<br \/>\u2013 Une poche passepoil\u00e9e sur la poitrine<br \/>\u2013 Une poche int\u00e9rieure<br \/>- Enti\u00e8rement doubl\u00e9<br \/>\u2013 Blazer court<br \/>\u2013 Revers \u00e0 encoche<br \/>\u2013 Dessous de col en feutre de laine contrastant<br \/>\u2013 Deux poches \u00e0 rabat<br \/>\u2013 Deux fentes au dos<\/p>\n<p>Mensurations du mannequin\u00a0: Le mannequin mesure 176\u00a0cm et porte une taille 36<br \/>Coupe : l\u00e9g\u00e8rement ajust\u00e9e, mod\u00e8le court<br \/>Mesures du v\u00eatement\u00a0: pour la taille 36\u00a0: longueur dos\u00a0: 60,8\u00a0cm \u2013 longueur des manches depuis la poitrine\u00a0: 61,7\u00a0cm \u2013 demi-tour de poitrine\u00a0: 49\u00a0cm \u2013 demi-tour de taille\u00a0: 44\u00a0cm<\/p>\n<p>Tissu ext\u00e9rieur : pure laine vierge 100%<br \/>Doublure : 55% polyester, 45% viscose<br \/>Doublure des manches : 55% polyester, 45% viscose<\/p>","protected":false},"excerpt":{"rendered":"<p>Veste pour femme en tweed Harris LadiesClub rose 540.<\/p>\n<p>Tradition et innovation se conjuguent dans cet \u00e9l\u00e9gant blazer en Harris Tweed, \u201c Ladiesclub \u201d, qui excelle par son savoir-faire. La laine soigneusement s\u00e9lectionn\u00e9e est tiss\u00e9e \u00e0 la main dans les H\u00e9brides ext\u00e9rieures d&#039;\u00c9cosse et offre une chaleur confortable et une allure raffin\u00e9e.<\/p>","protected":false},"featured_media":542442,"template":"","meta":[],"product_brand":[],"product_cat":[1159,592,353,1084,15,478],"product_tag":[],"class_list":{"0":"post-542431","1":"product","2":"type-product","3":"status-publish","4":"has-post-thumbnail","6":"product_cat-harris-tweed-blazer-damen","7":"product_cat-harris-tweed-blazer-fur-damen","8":"product_cat-harris-tweed-dames-jasjes","9":"product_cat-harris-tweed-jasjes-dames","10":"product_cat-harris-tweed-colberts","11":"product_cat-tweed-sakkos","12":"pa_merk-harristweed","14":"first","15":"instock","16":"taxable","17":"shipping-taxable","18":"purchasable","19":"product-type-variable"},"df_price":379.95,"df_sale_price":"","df_regular_price":379.95,"df_image_link":"https:\/\/harristweed-shop.be\/wp-content\/uploads\/2025\/12\/60b84784cc974a7ce920e42fdf4271e7_Harris_tweed_Dames_Blazer_LadiesClub_In_Pink-225x300.jpeg","_links":{"self":[{"href":"https:\/\/harristweed-shop.be\/fr\/wp-json\/wp\/v2\/product\/542431","targetHints":{"allow":["GET"]}}],"collection":[{"href":"https:\/\/harristweed-shop.be\/fr\/wp-json\/wp\/v2\/product"}],"about":[{"href":"https:\/\/harristweed-shop.be\/fr\/wp-json\/wp\/v2\/types\/product"}],"wp:featuredmedia":[{"embeddable":true,"href":"https:\/\/harristweed-shop.be\/fr\/wp-json\/wp\/v2\/media\/542442"}],"wp:attachment":[{"href":"https:\/\/harristweed-shop.be\/fr\/wp-json\/wp\/v2\/media?parent=542431"}],"wp:term":[{"taxonomy":"product_brand","embeddable":true,"href":"https:\/\/harristweed-shop.be\/fr\/wp-json\/wp\/v2\/product_brand?post=542431"},{"taxonomy":"product_cat","embeddable":true,"href":"https:\/\/harristweed-shop.be\/fr\/wp-json\/wp\/v2\/product_cat?post=542431"},{"taxonomy":"product_tag","embeddable":true,"href":"https:\/\/harristweed-shop.be\/fr\/wp-json\/wp\/v2\/product_tag?post=542431"}],"curies":[{"name":"wp","href":"https:\/\/api.w.org\/{rel}","templated":true}]}}