{"id":542413,"date":"2025-12-24T12:23:31","date_gmt":"2025-12-24T12:23:31","guid":{"rendered":"https:\/\/harristweed-shop.be\/product\/chunky-crew-ladies-neck-sweater-with-harris-tweed-patches-derby-tweed\/"},"modified":"2026-04-07T12:40:40","modified_gmt":"2026-04-07T12:40:40","slug":"chunky-crew-ladies-neck-sweater-with-harris-tweed-patches-derby-tweed","status":"publish","type":"product","link":"https:\/\/harristweed-shop.be\/fr\/produit\/pull-a-col-rond-epais-pour-femme-avec-empiecements-en-tweed-harris-et-style-derby-tweed\/","title":{"rendered":"Pull \u00e0 col rond \u00e9pais pour femme avec empi\u00e8cements en tweed Harris Derby"},"content":{"rendered":"<p>D\u00e9couvrez un univers d&#039;\u00e9l\u00e9gance intemporelle et de charme rustique avec le pull Gamekeeper Chunky \u00e0 col rond, un hommage au savoir-faire traditionnel et \u00e0 la fonctionnalit\u00e9 moderne. Ce magnifique pull allie un style robuste \u00e0 des d\u00e9tails luxueux. Confectionn\u00e9 en laine britannique 100%, il est con\u00e7u pour celles et ceux qui privil\u00e9gient la qualit\u00e9 et la durabilit\u00e9.<\/p>\n<p>Confectionn\u00e9 avec un souci du d\u00e9tail exceptionnel, ce pull en grosse maille allie r\u00e9sistance et chaleur, assurant un confort optimal lors de vos aventures en plein air par temps frais ou de vos sorties d\u00e9contract\u00e9es. Les empi\u00e8cements embl\u00e9matiques en Harris Tweed ajoutent une touche d&#039;\u00e9l\u00e9gance traditionnelle et rehaussent le style classique du v\u00eatement.<\/p>\n<p>Orn\u00e9 d&#039;authentiques \u00e9cussons en Harris Tweed, r\u00e9put\u00e9 pour son h\u00e9ritage de tissage \u00e0 la main et sa qualit\u00e9 exceptionnelle, ce pull respire non seulement l&#039;\u00e9l\u00e9gance, mais c\u00e9l\u00e8bre \u00e9galement la riche histoire de l&#039;artisanat.<\/p>\n<p>Ce v\u00eatement est disponible en plusieurs tailles, du S au 2XL, et sa coupe ajust\u00e9e flatte diff\u00e9rentes morphologies. Son encolure ronde cr\u00e9e une silhouette \u00e0 la fois classique et moderne, id\u00e9ale \u00e0 porter par-dessus une chemise ou avec votre veste pr\u00e9f\u00e9r\u00e9e.<\/p>\n<p>Sublimez votre garde-robe avec le pull Gamekeeper \u00e0 col rond \u00e9pais, un mod\u00e8le de style, de confort et de qualit\u00e9 durable. Adoptez la fusion du savoir-faire traditionnel et de l&#039;\u00e9l\u00e9gance contemporaine et affirmez votre style en toute occasion.<\/p>","protected":false},"excerpt":{"rendered":"<p>Pull \u00e0 col rond \u00e9pais pour femme avec empi\u00e8cements en tweed Harris Derby.<\/p>\n<p>\u2013 Pull classique en laine britannique<br \/>\n\u2013 Pi\u00e8ces d&#039;\u00e9paule en Harris Tweed<br \/>\n- Enti\u00e8rement termin\u00e9<br \/>\n\u2013 Col rond<br \/>\n\u2013 Manches raglan<\/p>","protected":false},"featured_media":542423,"template":"","meta":[],"product_brand":[],"product_cat":[470,1189,486,1188,84,392,566,442,487],"product_tag":[],"class_list":{"0":"post-542413","1":"product","2":"type-product","3":"status-publish","4":"has-post-thumbnail","6":"product_cat-pull-over","7":"product_cat-pullover-mit-harris-tweed","8":"product_cat-pullover-und-westen","9":"product_cat-pullovers-met-harris-tweed-details","10":"product_cat-truien-en-pullovers","11":"product_cat-vesten","12":"product_cat-westen","13":"product_cat-wollen-truien","14":"product_cat-wollpullover","15":"pa_merk-niffi-ecosse-harris-tweed","17":"first","18":"instock","19":"taxable","20":"shipping-taxable","21":"purchasable","22":"product-type-variable"},"df_price":159.95,"df_sale_price":"","df_regular_price":159.95,"df_image_link":"https:\/\/harristweed-shop.be\/wp-content\/uploads\/2025\/12\/debb0cd604e67727caae1526efb5c4de_Chunky_Crew_Ladies_Neck_Sweater_With_Harris_Tweed_Patches_Derby_Tweed-225x300.jpeg","_links":{"self":[{"href":"https:\/\/harristweed-shop.be\/fr\/wp-json\/wp\/v2\/product\/542413","targetHints":{"allow":["GET"]}}],"collection":[{"href":"https:\/\/harristweed-shop.be\/fr\/wp-json\/wp\/v2\/product"}],"about":[{"href":"https:\/\/harristweed-shop.be\/fr\/wp-json\/wp\/v2\/types\/product"}],"wp:featuredmedia":[{"embeddable":true,"href":"https:\/\/harristweed-shop.be\/fr\/wp-json\/wp\/v2\/media\/542423"}],"wp:attachment":[{"href":"https:\/\/harristweed-shop.be\/fr\/wp-json\/wp\/v2\/media?parent=542413"}],"wp:term":[{"taxonomy":"product_brand","embeddable":true,"href":"https:\/\/harristweed-shop.be\/fr\/wp-json\/wp\/v2\/product_brand?post=542413"},{"taxonomy":"product_cat","embeddable":true,"href":"https:\/\/harristweed-shop.be\/fr\/wp-json\/wp\/v2\/product_cat?post=542413"},{"taxonomy":"product_tag","embeddable":true,"href":"https:\/\/harristweed-shop.be\/fr\/wp-json\/wp\/v2\/product_tag?post=542413"}],"curies":[{"name":"wp","href":"https:\/\/api.w.org\/{rel}","templated":true}]}}