{"id":542308,"date":"2025-12-23T16:36:42","date_gmt":"2025-12-23T16:36:42","guid":{"rendered":"https:\/\/harristweed-shop.be\/product\/shetlander-full-zip-cardigan-with-harris-tweed-shoulder-patches-denim\/"},"modified":"2026-04-07T12:40:41","modified_gmt":"2026-04-07T12:40:41","slug":"shetlander-full-zip-cardigan-with-harris-tweed-shoulder-patches-denim","status":"publish","type":"product","link":"https:\/\/harristweed-shop.be\/fr\/produit\/gilet-shetlander-a-fermeture-eclair-integrale-avec-empiecements-depaule-en-tweed-harris-et-denim\/","title":{"rendered":"Gilet Shetlander \u00e0 fermeture \u00e9clair int\u00e9grale avec empi\u00e8cements d&#039;\u00e9paule en Harris Tweed et denim"},"content":{"rendered":"<p>D\u00e9couvrez notre cardigan Shetland \u00e0 fermeture \u00e9clair int\u00e9grale\u00a0: l\u2019alliance parfaite du style classique et du confort moderne. Confectionn\u00e9 avec pr\u00e9cision et soin, ce cardigan unique est con\u00e7u pour sublimer votre garde-robe gr\u00e2ce \u00e0 ses caract\u00e9ristiques uniques et ses mati\u00e8res haut de gamme.<\/p>\n<p>Notre cardigan Shetland \u00e0 fermeture \u00e9clair int\u00e9grale est confectionn\u00e9 exclusivement en laine britannique 100%, gage de chaleur et de durabilit\u00e9. Son tricot \u00e9pais de calibre 5 offre une isolation optimale m\u00eame par grand froid, ce qui en fait le v\u00eatement id\u00e9al pour affronter l&#039;hiver.<\/p>\n<p>Ce gilet en \u00e9dition sp\u00e9ciale repousse les limites du raffinement gr\u00e2ce \u00e0 ses \u00e9paulettes en tweed Harris Black Watch. L&#039;\u00e9l\u00e9gance intemporelle du tweed Harris apporte une touche d&#039;authenticit\u00e9 et de raffinement, faisant de ce gilet une v\u00e9ritable pi\u00e8ce ma\u00eetresse de la mode.<\/p>\n<p>Fonctionnel et \u00e9l\u00e9gant, ce cardigan poss\u00e8de deux poches, alliant praticit\u00e9 et esth\u00e9tique. Que ce soit pour aller au bureau, une sortie d\u00e9contract\u00e9e ou une escapade de week-end, ce cardigan s&#039;adapte \u00e0 toutes les occasions.<\/p>\n<p>Rehaussez votre garde-robe d&#039;hiver avec le cardigan Shetland \u00e0 fermeture \u00e9clair int\u00e9grale\u00a0: l&#039;alliance parfaite du savoir-faire traditionnel et du design contemporain. Appr\u00e9ciez la chaleur, le style et le raffinement qui caract\u00e9risent ce v\u00eatement unique, confectionn\u00e9 dans les plus belles laines britanniques et en Harris Tweed.<\/p>","protected":false},"excerpt":{"rendered":"<p>Gilet Shetlander \u00e0 fermeture \u00e9clair int\u00e9grale avec empi\u00e8cements d&#039;\u00e9paule en tweed Harris et denim.<\/p>\n<p>\u2013 Laine britannique 100%<br \/>\n\u2013 Tissu tricot\u00e9 \u00e9pais (calibre 5)<br \/>\n\u2013 Tweed Harris Black Watch<br \/>\n\u2013 Harris Tweed sur les \u00e9paules et le col<br \/>\n\u2013 Fermeture \u00e9clair int\u00e9grale sur le devant<br \/>\n\u2013 Deux poches<\/p>","protected":false},"featured_media":542317,"template":"","meta":[],"product_brand":[],"product_cat":[470,1189,486,1188,84,392,1126,566,442,487],"product_tag":[],"class_list":{"0":"post-542308","1":"product","2":"type-product","3":"status-publish","4":"has-post-thumbnail","6":"product_cat-pull-over","7":"product_cat-pullover-mit-harris-tweed","8":"product_cat-pullover-und-westen","9":"product_cat-pullovers-met-harris-tweed-details","10":"product_cat-truien-en-pullovers","11":"product_cat-vesten","12":"product_cat-vesten-met-harris-tweed-details","13":"product_cat-westen","14":"product_cat-wollen-truien","15":"product_cat-wollpullover","16":"pa_merk-niffi-ecosse-harris-tweed","18":"first","19":"instock","20":"taxable","21":"shipping-taxable","22":"purchasable","23":"product-type-variable"},"df_price":159.95,"df_sale_price":"","df_regular_price":159.95,"df_image_link":"https:\/\/harristweed-shop.be\/wp-content\/uploads\/2025\/12\/ee48cce6951d9e7c7b5839662b741bc7_Shetlander_Full_Zip_Cardigan_with_Harris_Tweed_Shoulder_patches-225x300.jpeg","_links":{"self":[{"href":"https:\/\/harristweed-shop.be\/fr\/wp-json\/wp\/v2\/product\/542308","targetHints":{"allow":["GET"]}}],"collection":[{"href":"https:\/\/harristweed-shop.be\/fr\/wp-json\/wp\/v2\/product"}],"about":[{"href":"https:\/\/harristweed-shop.be\/fr\/wp-json\/wp\/v2\/types\/product"}],"wp:featuredmedia":[{"embeddable":true,"href":"https:\/\/harristweed-shop.be\/fr\/wp-json\/wp\/v2\/media\/542317"}],"wp:attachment":[{"href":"https:\/\/harristweed-shop.be\/fr\/wp-json\/wp\/v2\/media?parent=542308"}],"wp:term":[{"taxonomy":"product_brand","embeddable":true,"href":"https:\/\/harristweed-shop.be\/fr\/wp-json\/wp\/v2\/product_brand?post=542308"},{"taxonomy":"product_cat","embeddable":true,"href":"https:\/\/harristweed-shop.be\/fr\/wp-json\/wp\/v2\/product_cat?post=542308"},{"taxonomy":"product_tag","embeddable":true,"href":"https:\/\/harristweed-shop.be\/fr\/wp-json\/wp\/v2\/product_tag?post=542308"}],"curies":[{"name":"wp","href":"https:\/\/api.w.org\/{rel}","templated":true}]}}