{"id":542284,"date":"2025-12-23T16:06:36","date_gmt":"2025-12-23T16:06:36","guid":{"rendered":"https:\/\/harristweed-shop.be\/product\/chunky-knit-traditional-cardigan-with-harris-tweed-patches-charcoal\/"},"modified":"2026-04-07T12:40:41","modified_gmt":"2026-04-07T12:40:41","slug":"chunky-knit-traditional-cardigan-with-harris-tweed-patches-charcoal","status":"publish","type":"product","link":"https:\/\/harristweed-shop.be\/fr\/produit\/gilet-traditionnel-en-grosse-maille-avec-empiecements-en-tweed-harris-anthracite\/","title":{"rendered":"Gilet traditionnel en grosse maille avec empi\u00e8cements en tweed Harris Derby"},"content":{"rendered":"<p>Le cardigan traditionnel en grosse maille Laird, symbole d&#039;\u00e9l\u00e9gance intemporelle et de savoir-faire exceptionnel. Soigneusement con\u00e7u et confectionn\u00e9 en laine britannique 100%, ce cardigan incarne le raffinement, la durabilit\u00e9 et un style classique qui transcende les modes.<\/p>\n<p>Ce cardigan en grosse maille allie harmonieusement tradition et raffinement contemporain. Ses d\u00e9tails embl\u00e9matiques incluent des empi\u00e8cements et des poches en authentique Harris Tweed, tiss\u00e9s avec soin pour sublimer la riche texture de la laine britannique. Appr\u00e9ci\u00e9s pour leur durabilit\u00e9 et leur authenticit\u00e9, ces \u00e9l\u00e9ments rehaussent le cardigan et lui conf\u00e8rent une \u00e9l\u00e9gance raffin\u00e9e.<\/p>\n<p>Le gilet Laird est confectionn\u00e9 avec soin et fini avec des boutons en cuir v\u00e9ritable, un gage de qualit\u00e9 et d&#039;authenticit\u00e9. Ses manches raglan bien form\u00e9es et ses deux poches plaqu\u00e9es spacieuses contribuent \u00e0 sa fonctionnalit\u00e9 et \u00e0 son style classique.<\/p>\n<p>Sa maille \u00e9paisse et r\u00e9sistante garantit sa solidit\u00e9 et sa durabilit\u00e9. Toutes les coutures sont r\u00e9alis\u00e9es \u00e0 la main selon des m\u00e9thodes traditionnelles, assurant ainsi une grande robustesse et une finition soign\u00e9e qui r\u00e9sistera \u00e0 l&#039;\u00e9preuve du temps.<\/p>\n<p>Disponible en trois coloris \u00e9l\u00e9gants\u00a0:<\/p>\n<p>Derby Tweed\u00a0: Un m\u00e9lange harmonieux de couleurs naturelles et champ\u00eatres qui d\u00e9gage un charme rustique et raffin\u00e9. Agr\u00e9ment\u00e9 d\u2019empi\u00e8cements classiques en Harris Tweed, ce coloris incarne l\u2019essence m\u00eame de l\u2019\u00e9l\u00e9gance campagnarde.<\/p>\n<p>Gris clair gallois\u00a0: une teinte subtile et \u00e9l\u00e9gante, inspir\u00e9e de la toison naturelle des moutons de montagne gallois. L\u2019ajout de pi\u00e8ces en Harris Tweed conf\u00e8re une touche d\u2019authenticit\u00e9 \u00e0 cette beaut\u00e9 discr\u00e8te.<\/p>\n<p>Gris anthracite\u00a0: une teinte intemporelle et polyvalente qui respire l\u2019\u00e9l\u00e9gance et s\u2019accorde sans effort avec de nombreuses tenues. Rehauss\u00e9e de d\u00e9tails en Harris Tweed, cette couleur revisite avec modernit\u00e9 une silhouette classique.<\/p>\n<p>Le cardigan traditionnel en grosse maille Laird est bien plus qu&#039;un simple v\u00eatement\u00a0: il t\u00e9moigne d&#039;un savoir-faire exceptionnel et d&#039;un style intemporel. L&#039;alliance d&#039;\u00e9l\u00e9ments traditionnels et d&#039;un design contemporain en fait une pi\u00e8ce essentielle de toute garde-robe, alliant raffinement et fonctionnalit\u00e9. Sublimez votre garde-robe d&#039;hiver avec le cardigan Laird, v\u00e9ritable incarnation d&#039;h\u00e9ritage, de savoir-faire et d&#039;\u00e9l\u00e9gance intemporelle.<\/p>","protected":false},"excerpt":{"rendered":"<p>Gilet traditionnel en grosse maille avec empi\u00e8cements en tweed Harris, style Derby.<\/p>\n<p>\u2013 Gilet en grosse maille<br \/>\n\u2013 Empi\u00e8cements d&#039;\u00e9paule et poches en Harris Tweed<br \/>\n\u2013 Laine britannique 100%<br \/>\n\u2013 2 poches sur les hanches<br \/>\n\u2013 Boutons en cuir v\u00e9ritable<\/p>","protected":false},"featured_media":542293,"template":"","meta":[],"product_brand":[],"product_cat":[470,1189,486,1188,84,392,1126,566,442,487],"product_tag":[],"class_list":{"0":"post-542284","1":"product","2":"type-product","3":"status-publish","4":"has-post-thumbnail","6":"product_cat-pull-over","7":"product_cat-pullover-mit-harris-tweed","8":"product_cat-pullover-und-westen","9":"product_cat-pullovers-met-harris-tweed-details","10":"product_cat-truien-en-pullovers","11":"product_cat-vesten","12":"product_cat-vesten-met-harris-tweed-details","13":"product_cat-westen","14":"product_cat-wollen-truien","15":"product_cat-wollpullover","16":"pa_merk-niffi-ecosse-harris-tweed","18":"first","19":"instock","20":"taxable","21":"shipping-taxable","22":"purchasable","23":"product-type-variable"},"df_price":219.95,"df_sale_price":"","df_regular_price":219.95,"df_image_link":"https:\/\/harristweed-shop.be\/wp-content\/uploads\/2025\/12\/19fa24bd98eb27e8abfe40f6723e2f64_Chunky_Knit_Traditional_Cardigan_With_Harris_Tweed_Patches_Charcoal-225x300.jpeg","_links":{"self":[{"href":"https:\/\/harristweed-shop.be\/fr\/wp-json\/wp\/v2\/product\/542284","targetHints":{"allow":["GET"]}}],"collection":[{"href":"https:\/\/harristweed-shop.be\/fr\/wp-json\/wp\/v2\/product"}],"about":[{"href":"https:\/\/harristweed-shop.be\/fr\/wp-json\/wp\/v2\/types\/product"}],"wp:featuredmedia":[{"embeddable":true,"href":"https:\/\/harristweed-shop.be\/fr\/wp-json\/wp\/v2\/media\/542293"}],"wp:attachment":[{"href":"https:\/\/harristweed-shop.be\/fr\/wp-json\/wp\/v2\/media?parent=542284"}],"wp:term":[{"taxonomy":"product_brand","embeddable":true,"href":"https:\/\/harristweed-shop.be\/fr\/wp-json\/wp\/v2\/product_brand?post=542284"},{"taxonomy":"product_cat","embeddable":true,"href":"https:\/\/harristweed-shop.be\/fr\/wp-json\/wp\/v2\/product_cat?post=542284"},{"taxonomy":"product_tag","embeddable":true,"href":"https:\/\/harristweed-shop.be\/fr\/wp-json\/wp\/v2\/product_tag?post=542284"}],"curies":[{"name":"wp","href":"https:\/\/api.w.org\/{rel}","templated":true}]}}