{"id":542206,"date":"2025-12-20T13:23:10","date_gmt":"2025-12-20T13:23:10","guid":{"rendered":"https:\/\/harristweed-shop.be\/product\/gents-black-leather-harris-tweed-gloves-boxed-in-black-white-hb\/"},"modified":"2026-05-05T03:26:36","modified_gmt":"2026-05-05T03:26:36","slug":"gents-black-leather-harris-tweed-gloves-boxed-in-black-white-hb","status":"publish","type":"product","link":"https:\/\/harristweed-shop.be\/fr\/produit\/gants-harris-en-cuir-noir-pour-homme-en-tweed-noir-et-blanc-dans-une-boite-hb\/","title":{"rendered":"Gants pour homme en cuir noir et tweed Harris, pr\u00e9sent\u00e9s dans une bo\u00eete \u00e0 chevrons noirs et blancs."},"content":{"rendered":"<p>D\u00e9couvrez l&#039;alliance parfaite de l&#039;\u00e9l\u00e9gance classique, des mat\u00e9riaux haut de gamme et du savoir-faire traditionnel avec les gants pour femme Glen Appin, confectionn\u00e9s en authentique laine Harris Tweed. Ces gants sont un accessoire \u00e0 la fois \u00e9l\u00e9gant et pratique, indispensable pour les mois les plus froids.<\/p>\n<p>Les gants pour homme Glen Appin Harris Tweed sont confectionn\u00e9s en laine Harris Tweed 100%, tiss\u00e9e \u00e0 la main dans les H\u00e9brides ext\u00e9rieures \u00e9cossaises selon une tradition s\u00e9culaire. Le r\u00e9sultat\u00a0? Une paire de gants \u00e0 la texture riche, offrant une isolation thermique optimale et un style unique. Gr\u00e2ce au tissage naturel du tweed, chaque paire est unique et poss\u00e8de son propre caract\u00e8re.<\/p>\n<p>Caract\u00e9ristiques:<br \/>\n\u2013 Mat\u00e9riaux de haute qualit\u00e9\u00a0: Laine Harris Tweed authentique avec label de qualit\u00e9 officiel Harris Tweed<br \/>\n\u2013 Chaud et confortable : Id\u00e9al pour les journ\u00e9es froides gr\u00e2ce \u00e0 ses excellentes propri\u00e9t\u00e9s isolantes<br \/>\n\u2013 Design \u00e9l\u00e9gant\u00a0: Un style tweed classique qui apporte une touche d\u2019\u00e9l\u00e9gance \u00e0 toutes vos tenues d\u2019hiver ou d\u2019automne.<br \/>\n\u2013 Bonne coupe : Coupe ergonomique pour une libert\u00e9 de mouvement optimale et un confort de port maximal<br \/>\n\u2013 Durable et intemporel : des fibres de laine r\u00e9sistantes qui conservent leur beaut\u00e9 longtemps.<br \/>\n\u2013 Facile \u00e0 associer : se marie \u00e0 merveille avec les manteaux, les \u00e9charpes et autres accessoires en laine ou en cuir.<\/p>\n<p>Ces gants allient \u00e0 la perfection le savoir-faire \u00e9cossais traditionnel et la fonctionnalit\u00e9 moderne. Confortables et chauds, ils rehaussent instantan\u00e9ment votre tenue hivernale. Id\u00e9aux au quotidien, pour les promenades en ville ou les aventures hivernales en plein air.<\/p>\n<p>Id\u00e9al pour :<br \/>\n\u2714 Journ\u00e9es froides d&#039;hiver<br \/>\n\u2714 Des tenues \u00e9l\u00e9gantes pour tous les jours<br \/>\n\u2714 Id\u00e9e cadeau pour les amateurs de design classique et de qualit\u00e9<\/p>","protected":false},"excerpt":{"rendered":"<p>Gants pour homme en cuir noir et tweed Harris, pr\u00e9sent\u00e9s dans une bo\u00eete \u00e0 chevrons noirs et blancs COL004.<\/p>\n<p>D\u00e9couvrez l&#039;alliance parfaite entre \u00e9l\u00e9gance classique, mat\u00e9riaux haut de gamme et savoir-faire traditionnel avec les gants pour femmes Glen Appin, confectionn\u00e9s en authentique laine Harris Tweed.<\/p>","protected":false},"featured_media":542211,"template":"","meta":[],"product_brand":[],"product_cat":[869,926,886,1136,1172,105],"product_tag":[],"class_list":{"0":"post-542206","1":"product","2":"type-product","3":"status-publish","4":"has-post-thumbnail","6":"product_cat-handschoenen","7":"product_cat-handschoenen-shawls-shawls","8":"product_cat-handschuhe","9":"product_cat-harris-tweed-handschoenen","10":"product_cat-harris-tweed-handschuhe","11":"product_cat-shawls","12":"pa_merk-harristweed","14":"first","15":"instock","16":"taxable","17":"shipping-taxable","18":"purchasable","19":"product-type-variable"},"df_price":59.95,"df_sale_price":"","df_regular_price":59.95,"df_image_link":"https:\/\/harristweed-shop.be\/wp-content\/uploads\/2025\/12\/35324c87585a6ac18689604e424f0273_Gents_Black_Leather___Harris_Tweed_Gloves_Boxed_in_Black_White_HB-300x300.jpeg","_links":{"self":[{"href":"https:\/\/harristweed-shop.be\/fr\/wp-json\/wp\/v2\/product\/542206","targetHints":{"allow":["GET"]}}],"collection":[{"href":"https:\/\/harristweed-shop.be\/fr\/wp-json\/wp\/v2\/product"}],"about":[{"href":"https:\/\/harristweed-shop.be\/fr\/wp-json\/wp\/v2\/types\/product"}],"wp:featuredmedia":[{"embeddable":true,"href":"https:\/\/harristweed-shop.be\/fr\/wp-json\/wp\/v2\/media\/542211"}],"wp:attachment":[{"href":"https:\/\/harristweed-shop.be\/fr\/wp-json\/wp\/v2\/media?parent=542206"}],"wp:term":[{"taxonomy":"product_brand","embeddable":true,"href":"https:\/\/harristweed-shop.be\/fr\/wp-json\/wp\/v2\/product_brand?post=542206"},{"taxonomy":"product_cat","embeddable":true,"href":"https:\/\/harristweed-shop.be\/fr\/wp-json\/wp\/v2\/product_cat?post=542206"},{"taxonomy":"product_tag","embeddable":true,"href":"https:\/\/harristweed-shop.be\/fr\/wp-json\/wp\/v2\/product_tag?post=542206"}],"curies":[{"name":"wp","href":"https:\/\/api.w.org\/{rel}","templated":true}]}}