{"id":542175,"date":"2025-12-18T10:06:03","date_gmt":"2025-12-18T10:06:03","guid":{"rendered":"https:\/\/harristweed-shop.be\/product\/harris-tweed-duckbill-6-piece-cap-mallaig-forest\/"},"modified":"2026-04-07T13:10:23","modified_gmt":"2026-04-07T13:10:23","slug":"harris-tweed-duckbill-6-piece-cap-mallaig-forest","status":"publish","type":"product","link":"https:\/\/harristweed-shop.be\/fr\/produit\/casquette-harris-tweed-duckbill-6-pieces-mallaig-forest\/","title":{"rendered":"Harris tweed Duckbill 6 pi\u00e8ces Cap Mallaig Forest"},"content":{"rendered":"<p>Casquette bec de canard en authentique Harris Tweed, con\u00e7ue pour s&#039;adapter parfaitement \u00e0 la plupart des formes de t\u00eate. Calotte en six parties avec bouton sur le dessus. Doublure en serg\u00e9 de coton. La casquette id\u00e9ale \u00e0 porter toute l&#039;ann\u00e9e, par tous les temps. Son ajustement pr\u00e9cis et s\u00fbr garantit que cette casquette de haute qualit\u00e9 conserve sa forme.<\/p>","protected":false},"excerpt":{"rendered":"<p>Harris tweed Duckbill 6 pi\u00e8ces Cap Mallaig Forest.<\/p>\n<p>Casquette \u00e0 bec de canard en v\u00e9ritable Harris Tweed, con\u00e7ue pour s&#039;adapter parfaitement \u00e0 la plupart des formes de t\u00eate. Calotte en six parties avec un bouton sur le dessus. <\/p>","protected":false},"featured_media":542181,"template":"","meta":[],"product_brand":[],"product_cat":[1166,1120,1119,1164,433,547,542,83],"product_tag":[],"class_list":{"0":"post-542175","1":"product","2":"type-product","3":"status-publish","4":"has-post-thumbnail","6":"product_cat-harris-tweed-caps-schiebermutze","7":"product_cat-harris-tweed-flat-caps-harris-tweed-hoeden-petten-en-caps","8":"product_cat-harris-tweed-hoeden-petten-en-caps","9":"product_cat-harris-tweed-mutzen-und-hute","10":"product_cat-harris-tweed-petten","11":"product_cat-harris-tweed-mutzen","12":"product_cat-hute-und-caps","13":"product_cat-petten-en-caps","14":"pa_merk-harristweed","16":"first","17":"instock","18":"taxable","19":"shipping-taxable","20":"purchasable","21":"product-type-variable"},"df_price":59.95,"df_sale_price":"","df_regular_price":59.95,"df_image_link":"https:\/\/harristweed-shop.be\/wp-content\/uploads\/2025\/12\/95540c3e8b400d0f88c7928a4f9ffbb5_Harris_tweed_Duckbill_6_piece_Cap_Mallaig_Forest-300x300.jpeg","_links":{"self":[{"href":"https:\/\/harristweed-shop.be\/fr\/wp-json\/wp\/v2\/product\/542175","targetHints":{"allow":["GET"]}}],"collection":[{"href":"https:\/\/harristweed-shop.be\/fr\/wp-json\/wp\/v2\/product"}],"about":[{"href":"https:\/\/harristweed-shop.be\/fr\/wp-json\/wp\/v2\/types\/product"}],"wp:featuredmedia":[{"embeddable":true,"href":"https:\/\/harristweed-shop.be\/fr\/wp-json\/wp\/v2\/media\/542181"}],"wp:attachment":[{"href":"https:\/\/harristweed-shop.be\/fr\/wp-json\/wp\/v2\/media?parent=542175"}],"wp:term":[{"taxonomy":"product_brand","embeddable":true,"href":"https:\/\/harristweed-shop.be\/fr\/wp-json\/wp\/v2\/product_brand?post=542175"},{"taxonomy":"product_cat","embeddable":true,"href":"https:\/\/harristweed-shop.be\/fr\/wp-json\/wp\/v2\/product_cat?post=542175"},{"taxonomy":"product_tag","embeddable":true,"href":"https:\/\/harristweed-shop.be\/fr\/wp-json\/wp\/v2\/product_tag?post=542175"}],"curies":[{"name":"wp","href":"https:\/\/api.w.org\/{rel}","templated":true}]}}