{"id":542159,"date":"2025-12-18T10:05:56","date_gmt":"2025-12-18T10:05:56","guid":{"rendered":"https:\/\/harristweed-shop.be\/product\/harris-tweed-ladies-baker-boy-cap-rosalie-sand-navy-check\/"},"modified":"2026-04-07T13:10:22","modified_gmt":"2026-04-07T13:10:22","slug":"harris-tweed-ladies-baker-boy-cap-rosalie-sand-navy-check","status":"publish","type":"product","link":"https:\/\/harristweed-shop.be\/fr\/produit\/casquette-gavroche-femme-harris-tweed-rosalie-sable-a-carreaux-marine\/","title":{"rendered":"Casquette gavroche pour femme en tweed Harris, mod\u00e8le Rosalie Sand \u00e0 carreaux marine"},"content":{"rendered":"<p>Notre casquette gavroche classique pour femme, un best-seller, est confectionn\u00e9e en authentique Harris Tweed et disponible dans une vari\u00e9t\u00e9 de motifs traditionnels et de carreaux modernes et \u00e9clatants. Elle est dot\u00e9e d&#039;une doublure en satin matelass\u00e9 ton sur ton et d&#039;un bandeau \u00e9lastique \u00e0 l&#039;arri\u00e8re, ce qui la rend adapt\u00e9e \u00e0 la plupart des tours de t\u00eate.<\/p>","protected":false},"excerpt":{"rendered":"<p>Casquette gavroche Harris Tweed pour femme, mod\u00e8le Rosalie \u00e0 carreaux sable et marine.<\/p>\n<p>Notre casquette gavroche classique pour femme, un best-seller, confectionn\u00e9e en authentique Harris Tweed et disponible dans une vari\u00e9t\u00e9 de motifs traditionnels et de carreaux modernes et \u00e9clatants. <\/p>","protected":false},"featured_media":542160,"template":"","meta":[],"product_brand":[],"product_cat":[1062,1125,1119,1164,1173,433,542,83],"product_tag":[],"class_list":{"0":"post-542159","1":"product","2":"type-product","3":"status-publish","4":"has-post-thumbnail","6":"product_cat-damen-caps","7":"product_cat-harris-tweed-dames-petten-harris-tweed-hoeden-petten-en-caps","8":"product_cat-harris-tweed-hoeden-petten-en-caps","9":"product_cat-harris-tweed-mutzen-und-hute","10":"product_cat-harris-tweed-mutzen-und-hute-fur-damen","11":"product_cat-harris-tweed-petten","12":"product_cat-hute-und-caps","13":"product_cat-petten-en-caps","14":"pa_merk-harristweed","16":"first","17":"instock","18":"taxable","19":"shipping-taxable","20":"purchasable","21":"product-type-simple"},"df_price":59.95,"df_sale_price":"","df_regular_price":59.95,"df_image_link":"https:\/\/harristweed-shop.be\/wp-content\/uploads\/2025\/12\/58d54d3478103ea004b531e981889fea_Harris_tweed_Ladies_Baker_Boy_Cap_Rosalie_Sand_Navy_Check-300x300.jpeg","_links":{"self":[{"href":"https:\/\/harristweed-shop.be\/fr\/wp-json\/wp\/v2\/product\/542159","targetHints":{"allow":["GET"]}}],"collection":[{"href":"https:\/\/harristweed-shop.be\/fr\/wp-json\/wp\/v2\/product"}],"about":[{"href":"https:\/\/harristweed-shop.be\/fr\/wp-json\/wp\/v2\/types\/product"}],"wp:featuredmedia":[{"embeddable":true,"href":"https:\/\/harristweed-shop.be\/fr\/wp-json\/wp\/v2\/media\/542160"}],"wp:attachment":[{"href":"https:\/\/harristweed-shop.be\/fr\/wp-json\/wp\/v2\/media?parent=542159"}],"wp:term":[{"taxonomy":"product_brand","embeddable":true,"href":"https:\/\/harristweed-shop.be\/fr\/wp-json\/wp\/v2\/product_brand?post=542159"},{"taxonomy":"product_cat","embeddable":true,"href":"https:\/\/harristweed-shop.be\/fr\/wp-json\/wp\/v2\/product_cat?post=542159"},{"taxonomy":"product_tag","embeddable":true,"href":"https:\/\/harristweed-shop.be\/fr\/wp-json\/wp\/v2\/product_tag?post=542159"}],"curies":[{"name":"wp","href":"https:\/\/api.w.org\/{rel}","templated":true}]}}