{"id":542128,"date":"2025-12-16T16:49:09","date_gmt":"2025-12-16T16:49:09","guid":{"rendered":"https:\/\/harristweed-shop.be\/product\/harris-tweed-ailsa-tote-bag-green-check\/"},"modified":"2026-05-05T03:27:58","modified_gmt":"2026-05-05T03:27:58","slug":"harris-tweed-ailsa-tote-bag-green-check","status":"publish","type":"product","link":"https:\/\/harristweed-shop.be\/fr\/produit\/sac-cabas-harris-tweed-ailsa-a-carreaux-verts\/","title":{"rendered":"Sac cabas Ailsa en tweed Harris vert \u00e0 carreaux"},"content":{"rendered":"<p>Sac cabas classique en tweed Harris, \u00e0 la fois pratique et \u00e9l\u00e9gant. <\/p>\n<p>Confectionn\u00e9 en cuir v\u00e9ritable, avec une fermeture \u00e9clair sur le dessus donnant acc\u00e8s au grand compartiment principal enti\u00e8rement doubl\u00e9 et dot\u00e9 de poches int\u00e9rieures. <\/p>\n<p>Dimensions : environ 25 cm de large x 30 cm de haut x 12 cm de profondeur.<\/p>","protected":false},"excerpt":{"rendered":"<p>Sac cabas Ailsa en tweed Harris vert \u00e0 carreaux.<\/p>\n<p>Sac cabas classique en tweed Harris, \u00e0 la fois pratique et \u00e9l\u00e9gant.<\/p>","protected":false},"featured_media":542129,"template":"","meta":[],"product_brand":[],"product_cat":[899,638,904,1139,1167,1140,1162,1138,900,901,808,898],"product_tag":[],"class_list":{"0":"post-542128","1":"product","2":"type-product","3":"status-publish","4":"has-post-thumbnail","6":"product_cat-geschenke","7":"product_cat-gifts","8":"product_cat-handtaschen","9":"product_cat-harris-tweed-handtassen","10":"product_cat-harris-tweed-reisetaschen","11":"product_cat-harris-tweed-reistassen","12":"product_cat-harris-tweed-taschen","13":"product_cat-harris-tweed-tassen","14":"product_cat-reisetaschen","15":"product_cat-taschen","16":"product_cat-tassen","17":"product_cat-tassen-gifts","18":"pa_merk-harristweed","20":"first","21":"instock","22":"taxable","23":"shipping-taxable","24":"purchasable","25":"product-type-simple"},"df_price":119,"df_sale_price":"","df_regular_price":119,"df_image_link":"https:\/\/harristweed-shop.be\/wp-content\/uploads\/2025\/12\/0ead407a62fea007bd8b8c8466380b81_Harris_Tweed_Ailsa_Tote_Bag_Green_Check-300x300.jpeg","_links":{"self":[{"href":"https:\/\/harristweed-shop.be\/fr\/wp-json\/wp\/v2\/product\/542128","targetHints":{"allow":["GET"]}}],"collection":[{"href":"https:\/\/harristweed-shop.be\/fr\/wp-json\/wp\/v2\/product"}],"about":[{"href":"https:\/\/harristweed-shop.be\/fr\/wp-json\/wp\/v2\/types\/product"}],"wp:featuredmedia":[{"embeddable":true,"href":"https:\/\/harristweed-shop.be\/fr\/wp-json\/wp\/v2\/media\/542129"}],"wp:attachment":[{"href":"https:\/\/harristweed-shop.be\/fr\/wp-json\/wp\/v2\/media?parent=542128"}],"wp:term":[{"taxonomy":"product_brand","embeddable":true,"href":"https:\/\/harristweed-shop.be\/fr\/wp-json\/wp\/v2\/product_brand?post=542128"},{"taxonomy":"product_cat","embeddable":true,"href":"https:\/\/harristweed-shop.be\/fr\/wp-json\/wp\/v2\/product_cat?post=542128"},{"taxonomy":"product_tag","embeddable":true,"href":"https:\/\/harristweed-shop.be\/fr\/wp-json\/wp\/v2\/product_tag?post=542128"}],"curies":[{"name":"wp","href":"https:\/\/api.w.org\/{rel}","templated":true}]}}