{"id":542120,"date":"2025-12-16T16:49:05","date_gmt":"2025-12-16T16:49:05","guid":{"rendered":"https:\/\/harristweed-shop.be\/product\/harris-tweed-rowan-saddle-bag-black-watch\/"},"modified":"2026-05-05T03:28:21","modified_gmt":"2026-05-05T03:28:21","slug":"harris-tweed-rowan-saddle-bag-black-watch","status":"publish","type":"product","link":"https:\/\/harristweed-shop.be\/fr\/produit\/sacoche-de-selle-harris-tweed-rowan-noire\/","title":{"rendered":"Sacoche de selle Harris Tweed Rowan Black Watch"},"content":{"rendered":"<p>Sacoche \u00e9l\u00e9gante et pratique pour femme en Harris Tweed, disponible dans une vari\u00e9t\u00e9 de couleurs, parfaite pour la ville comme pour la campagne et s&#039;accordant avec toutes les tenues. <\/p>\n<p>Confectionn\u00e9 en cuir v\u00e9ritable, dot\u00e9 d&#039;une bandouli\u00e8re r\u00e9glable et enti\u00e8rement doubl\u00e9. <\/p>\n<p>Poches int\u00e9rieures et fermeture \u00e0 bouton sur le devant. <\/p>\n<p>Dimensions : environ 23 cm de large x 20 cm de haut x 9 cm de profondeur.<\/p>","protected":false},"excerpt":{"rendered":"<p>Sacoche de selle Harris Tweed Rowan Black Watch.<\/p>\n<p>Sacoche \u00e9l\u00e9gante et pratique pour femme, confectionn\u00e9e en Harris Tweed.<\/p>","protected":false},"featured_media":542121,"template":"","meta":[],"product_brand":[],"product_cat":[899,638,904,1139,1167,1140,1162,1138,900,901,808,898],"product_tag":[],"class_list":{"0":"post-542120","1":"product","2":"type-product","3":"status-publish","4":"has-post-thumbnail","6":"product_cat-geschenke","7":"product_cat-gifts","8":"product_cat-handtaschen","9":"product_cat-harris-tweed-handtassen","10":"product_cat-harris-tweed-reisetaschen","11":"product_cat-harris-tweed-reistassen","12":"product_cat-harris-tweed-taschen","13":"product_cat-harris-tweed-tassen","14":"product_cat-reisetaschen","15":"product_cat-taschen","16":"product_cat-tassen","17":"product_cat-tassen-gifts","18":"pa_merk-harristweed","20":"first","21":"instock","22":"taxable","23":"shipping-taxable","24":"purchasable","25":"product-type-simple"},"df_price":159,"df_sale_price":"","df_regular_price":159,"df_image_link":"https:\/\/harristweed-shop.be\/wp-content\/uploads\/2025\/12\/322a273366de569e1b48ef68756160d8_Harris_Tweed_Rowan_Saddle_Bag_Black_Watch-300x300.jpeg","_links":{"self":[{"href":"https:\/\/harristweed-shop.be\/fr\/wp-json\/wp\/v2\/product\/542120","targetHints":{"allow":["GET"]}}],"collection":[{"href":"https:\/\/harristweed-shop.be\/fr\/wp-json\/wp\/v2\/product"}],"about":[{"href":"https:\/\/harristweed-shop.be\/fr\/wp-json\/wp\/v2\/types\/product"}],"wp:featuredmedia":[{"embeddable":true,"href":"https:\/\/harristweed-shop.be\/fr\/wp-json\/wp\/v2\/media\/542121"}],"wp:attachment":[{"href":"https:\/\/harristweed-shop.be\/fr\/wp-json\/wp\/v2\/media?parent=542120"}],"wp:term":[{"taxonomy":"product_brand","embeddable":true,"href":"https:\/\/harristweed-shop.be\/fr\/wp-json\/wp\/v2\/product_brand?post=542120"},{"taxonomy":"product_cat","embeddable":true,"href":"https:\/\/harristweed-shop.be\/fr\/wp-json\/wp\/v2\/product_cat?post=542120"},{"taxonomy":"product_tag","embeddable":true,"href":"https:\/\/harristweed-shop.be\/fr\/wp-json\/wp\/v2\/product_tag?post=542120"}],"curies":[{"name":"wp","href":"https:\/\/api.w.org\/{rel}","templated":true}]}}