{"id":541949,"date":"2025-12-03T15:37:27","date_gmt":"2025-12-03T15:37:27","guid":{"rendered":"https:\/\/harristweed-shop.be\/product\/harris-tweed-cassley-classic-handbag-in-blue-and-purple-steward-tartan\/"},"modified":"2026-05-05T03:28:30","modified_gmt":"2026-05-05T03:28:30","slug":"harris-tweed-cassley-classic-handbag-in-blue-and-purple-steward-tartan","status":"publish","type":"product","link":"https:\/\/harristweed-shop.be\/fr\/produit\/sac-a-main-classique-harris-tweed-cassley-en-tartan-steward-bleu-et-violet\/","title":{"rendered":"Sac \u00e0 main classique Harris Tweed \u2018 Cassley \u2019 en tartan Steward bleu et violet"},"content":{"rendered":"<p data-start=\"231\" data-end=\"579\">Ce magnifique sac est fabriqu\u00e9 en&nbsp;<strong data-start=\"374\" data-end=\"406\">100% authentique Harris Tweed<\/strong>, Harris Tweed, la laine tiss\u00e9e \u00e0 la main mondialement connue des H\u00e9brides ext\u00e9rieures \u00e9cossaises, est un gage de qualit\u00e9. Chaque sac porte le poin\u00e7on officiel Harris Tweed, lui conf\u00e9rant une texture et un aspect uniques.<\/p>\n<p><strong data-start=\"585\" data-end=\"598\">Caract\u00e9ristiques<\/strong><\/p>\n<ul data-start=\"599\" data-end=\"1123\">\n<li data-start=\"599\" data-end=\"664\"><strong data-start=\"601\" data-end=\"615\">Mat\u00e9riel:<\/strong>&nbsp;100% Laine Harris Tweed avec accents en PU r\u00e9sistant<\/li>\n<li data-start=\"665\" data-end=\"795\"><strong data-start=\"667\" data-end=\"680\">Mise en page:<\/strong>&nbsp;Grand compartiment central zipp\u00e9 et poches lat\u00e9rales \u00e0 fermeture pression.<\/li>\n<li data-start=\"796\" data-end=\"847\"><strong data-start=\"798\" data-end=\"811\">Fermeture:<\/strong>&nbsp;Fermeture \u00e9clair robuste pour un rangement s\u00fbr<\/li>\n<li data-start=\"848\" data-end=\"908\"><strong data-start=\"850\" data-end=\"867\">Confort de port :&nbsp;<\/strong>Peut se porter sur l&#039;\u00e9paule.<\/li>\n<li data-start=\"909\" data-end=\"982\"><strong data-start=\"911\" data-end=\"923\">Garniture:<\/strong>&nbsp;Doublure int\u00e9rieure douce et r\u00e9sistante qui reste belle longtemps<\/li>\n<li data-start=\"983\" data-end=\"1123\"><strong data-start=\"985\" data-end=\"1002\">Design unique :<\/strong>&nbsp;Disponible dans diff\u00e9rents motifs tartan et coloris \u2013 chaque sac est l\u00e9g\u00e8rement diff\u00e9rent en raison du tissage naturel.<\/li>\n<\/ul>\n<p><strong data-start=\"1129\" data-end=\"1171\">Pourquoi choisir le sac \u00e0 main Cassley ?<\/strong><\/p>\n<p data-start=\"1172\" data-end=\"1441\">Le Cassley est un&nbsp;<strong data-start=\"1190\" data-end=\"1237\">sac \u00e0 main \u00e9l\u00e9gant et pratique pour tous les jours<\/strong>&nbsp;Elle s&#039;accorde aussi bien avec des tenues d\u00e9contract\u00e9es qu&#039;\u00e9l\u00e9gantes. Gr\u00e2ce \u00e0 ses mat\u00e9riaux de haute qualit\u00e9 et \u00e0 son design intemporel, ce sac vous accompagnera pendant des ann\u00e9es et apportera une touche d&#039;\u00e9l\u00e9gance \u00e9cossaise \u00e0 toutes vos tenues.<\/p>\n<p><strong data-start=\"1447\" data-end=\"1464\">Id\u00e9al pour :<\/strong><\/p>\n<p data-start=\"1465\" data-end=\"1606\">\u2714 Utilisation quotidienne<br data-start=\"1484\" data-end=\"1487\">\u2714 Sorties \u00e9l\u00e9gantes<br data-start=\"1510\" data-end=\"1513\">\u2714 Cadeau id\u00e9al pour les passionn\u00e9s d&#039;artisanat et de design<br data-start=\"1560\" data-end=\"1563\">\u2714 Amateurs de Harris Tweed ou d&#039;h\u00e9ritage \u00e9cossais<\/p>\n<p>25 cm x 38 cm x 11 cm.<\/p>","protected":false},"excerpt":{"rendered":"<p>Sac \u00e0 main classique Harris Tweed \u2018 Cassley \u2019 en tartan Steward bleu et violet.<\/p>\n<p>Ce magnifique sac est confectionn\u00e9 en Harris Tweed 100% authentique, la c\u00e9l\u00e8bre laine tiss\u00e9e \u00e0 la main originaire des H\u00e9brides ext\u00e9rieures d&#039;\u00c9cosse. Chaque sac porte le poin\u00e7on officiel Harris Tweed, lui conf\u00e9rant une texture et un aspect uniques.<\/p>","protected":false},"featured_media":541950,"template":"","meta":[],"product_brand":[],"product_cat":[899,638,903,904,1163,1139,1162,1138,901,808,898],"product_tag":[],"class_list":{"0":"post-541949","1":"product","2":"type-product","3":"status-publish","4":"has-post-thumbnail","6":"product_cat-geschenke","7":"product_cat-gifts","8":"product_cat-handtas","9":"product_cat-handtaschen","10":"product_cat-harris-tweed-handtasche","11":"product_cat-harris-tweed-handtassen","12":"product_cat-harris-tweed-taschen","13":"product_cat-harris-tweed-tassen","14":"product_cat-taschen","15":"product_cat-tassen","16":"product_cat-tassen-gifts","17":"pa_merk-harristweed","19":"first","20":"instock","21":"taxable","22":"shipping-taxable","23":"purchasable","24":"product-type-simple"},"df_price":89.95,"df_sale_price":"","df_regular_price":89.95,"df_image_link":"https:\/\/harristweed-shop.be\/wp-content\/uploads\/2025\/12\/82f0f7541d2bfa4135f0fcf645d30baf_Harris_Tweed__Cassley__Classic_Handbag_in_Blue_and_Purple_Steward_Tartan-300x300.jpeg","_links":{"self":[{"href":"https:\/\/harristweed-shop.be\/fr\/wp-json\/wp\/v2\/product\/541949","targetHints":{"allow":["GET"]}}],"collection":[{"href":"https:\/\/harristweed-shop.be\/fr\/wp-json\/wp\/v2\/product"}],"about":[{"href":"https:\/\/harristweed-shop.be\/fr\/wp-json\/wp\/v2\/types\/product"}],"wp:featuredmedia":[{"embeddable":true,"href":"https:\/\/harristweed-shop.be\/fr\/wp-json\/wp\/v2\/media\/541950"}],"wp:attachment":[{"href":"https:\/\/harristweed-shop.be\/fr\/wp-json\/wp\/v2\/media?parent=541949"}],"wp:term":[{"taxonomy":"product_brand","embeddable":true,"href":"https:\/\/harristweed-shop.be\/fr\/wp-json\/wp\/v2\/product_brand?post=541949"},{"taxonomy":"product_cat","embeddable":true,"href":"https:\/\/harristweed-shop.be\/fr\/wp-json\/wp\/v2\/product_cat?post=541949"},{"taxonomy":"product_tag","embeddable":true,"href":"https:\/\/harristweed-shop.be\/fr\/wp-json\/wp\/v2\/product_tag?post=541949"}],"curies":[{"name":"wp","href":"https:\/\/api.w.org\/{rel}","templated":true}]}}