{"id":541733,"date":"2025-11-25T17:08:37","date_gmt":"2025-11-25T17:08:37","guid":{"rendered":"https:\/\/harristweed-shop.be\/product\/harris-tweed-clyde-weekend-bag-in-mink-with-black-overcheck\/"},"modified":"2026-04-21T17:05:10","modified_gmt":"2026-04-21T17:05:10","slug":"harris-tweed-clyde-weekend-bag-in-mink-with-black-overcheck","status":"publish","type":"product","link":"https:\/\/harristweed-shop.be\/fr\/produit\/sac-week-end-harris-tweed-clyde-en-vison-a-carreaux-noirs\/","title":{"rendered":"Sac week-end \u2018\u00a0Clyde\u00a0\u2019 en Harris Tweed couleur vison avec surpiq\u00fbres noires"},"content":{"rendered":"<p data-start=\"208\" data-end=\"532\">Transformez chaque week-end en une escapade \u00e9l\u00e9gante avec&nbsp;<strong data-start=\"256\" data-end=\"276\">Sac de week-end Clyde<\/strong>&nbsp;par Glen Appin \u2014 un sac luxueux fabriqu\u00e9 \u00e0 partir de&nbsp;<strong data-start=\"323\" data-end=\"350\">authentique Harris Tweed<\/strong>, la laine \u00e9cossaise tiss\u00e9e \u00e0 la main, mondialement connue. Ce sac combine&nbsp;<strong data-start=\"415\" data-end=\"443\">durabilit\u00e9 et caract\u00e8re<\/strong>&nbsp;avec un style \u00e9l\u00e9gant, parfait pour les escapades citadines comme pour les courts s\u00e9jours.<\/p>\n<ul data-start=\"559\" data-end=\"1192\">\n<li data-start=\"559\" data-end=\"647\"><strong data-start=\"561\" data-end=\"586\">Mat\u00e9riel authentique :<\/strong>&nbsp;Laine Harris Tweed 100%, avec la marque de qualit\u00e9 officielle Harris Tweed<\/li>\n<li data-start=\"648\" data-end=\"739\"><strong data-start=\"650\" data-end=\"677\">Finition de haute qualit\u00e9 :<\/strong>&nbsp;Renforts robustes en polyur\u00e9thane et doublure durable et d\u00e9perlante<\/li>\n<li data-start=\"740\" data-end=\"835\"><strong data-start=\"742\" data-end=\"761\">Int\u00e9rieur spacieux :<\/strong>&nbsp;Grand compartiment principal pour les v\u00eatements, les articles de toilette, les chaussures et les objets essentiels.<\/li>\n<li data-start=\"836\" data-end=\"909\"><strong data-start=\"838\" data-end=\"858\">D\u00e9tails utiles\u00a0:<\/strong>&nbsp;Poche int\u00e9rieure zipp\u00e9e avec compartiments de rangement suppl\u00e9mentaires, sac \u00e9tonnamment l\u00e9ger et de grande taille<\/li>\n<li data-start=\"910\" data-end=\"970\"><strong data-start=\"912\" data-end=\"925\">Fermeture:<\/strong>&nbsp;Fermeture \u00e9clair robuste sur toute la largeur<\/li>\n<li data-start=\"971\" data-end=\"1091\"><strong data-start=\"973\" data-end=\"999\">Confortable \u00e0 porter :<\/strong>&nbsp;Poign\u00e9es robustes et bandouli\u00e8re r\u00e9glable en option pour un transport confortable<\/li>\n<li data-start=\"1092\" data-end=\"1192\"><strong data-start=\"1094\" data-end=\"1111\">Design unique :<\/strong>&nbsp;Chaque sac pr\u00e9sente un motif tweed unique, une authentique pi\u00e8ce d&#039;art textile \u00e9cossais.<\/li>\n<\/ul>\n<p data-start=\"1237\" data-end=\"1607\">Le&nbsp;<strong data-start=\"1240\" data-end=\"1249\">Clyde<\/strong>&nbsp;Ce sac est con\u00e7u pour celles et ceux qui souhaitent allier style et fonctionnalit\u00e9. L&#039;utilisation du Harris Tweed rend ce sac week-end non seulement esth\u00e9tique, mais aussi&nbsp;<strong data-start=\"1410\" data-end=\"1465\">durable, robuste et adapt\u00e9 \u00e0 une utilisation intensive<\/strong>. Son design classique et intemporel fait de ce sac un compagnon polyvalent, id\u00e9al pour les voyages en ville, les \u00e9v\u00e9nements sportifs, le bureau ou les escapades de week-end.<\/p>\n<p><strong data-start=\"1613\" data-end=\"1630\">Id\u00e9al pour :<\/strong><\/p>\n<p data-start=\"1631\" data-end=\"1781\">\u2714 Escapades de fin de semaine et courts s\u00e9jours<br data-start=\"1664\" data-end=\"1667\">\u2714 Voyagez avec style<br data-start=\"1691\" data-end=\"1694\">\u2714 Amateurs de loisirs cr\u00e9atifs et passionn\u00e9s de design classique<br data-start=\"1750\" data-end=\"1753\">\u2714 Id\u00e9e cadeau pour les voyageurs<\/p>\n<p>33cm x 52cm x 30cm.<\/p>","protected":false},"excerpt":{"rendered":"<p>Sac week-end Harris Tweed &#039;Clyde&#039; couleur vison avec sur-carreaux noirs COL031.<\/p>\n<p>Transformez chaque week-end en une escapade \u00e9l\u00e9gante avec le sac week-end Glen Appin Clyde \u2014 un sac luxueux confectionn\u00e9 en authentique Harris Tweed, la laine \u00e9cossaise tiss\u00e9e \u00e0 la main mondialement connue.<\/p>","protected":false},"featured_media":541734,"template":"","meta":[],"product_brand":[],"product_cat":[899,638,904,1167,1140,1162,1138,900,809,901,898,808],"product_tag":[],"class_list":{"0":"post-541733","1":"product","2":"type-product","3":"status-publish","4":"has-post-thumbnail","6":"product_cat-geschenke","7":"product_cat-gifts","8":"product_cat-handtaschen","9":"product_cat-harris-tweed-reisetaschen","10":"product_cat-harris-tweed-reistassen","11":"product_cat-harris-tweed-taschen","12":"product_cat-harris-tweed-tassen","13":"product_cat-reisetaschen","14":"product_cat-reistas","15":"product_cat-taschen","16":"product_cat-tassen-gifts","17":"product_cat-tassen","18":"pa_merk-harristweed","20":"first","21":"instock","22":"taxable","23":"shipping-taxable","24":"purchasable","25":"product-type-simple"},"df_price":198.95,"df_sale_price":"","df_regular_price":198.95,"df_image_link":"https:\/\/harristweed-shop.be\/wp-content\/uploads\/2025\/11\/001222bd013b805c8cd52643cb4ec206_Harris_Tweed__Clyde__Weekend_Bag_in_Mink_with_Black_Overcheck-300x300.jpeg","_links":{"self":[{"href":"https:\/\/harristweed-shop.be\/fr\/wp-json\/wp\/v2\/product\/541733","targetHints":{"allow":["GET"]}}],"collection":[{"href":"https:\/\/harristweed-shop.be\/fr\/wp-json\/wp\/v2\/product"}],"about":[{"href":"https:\/\/harristweed-shop.be\/fr\/wp-json\/wp\/v2\/types\/product"}],"wp:featuredmedia":[{"embeddable":true,"href":"https:\/\/harristweed-shop.be\/fr\/wp-json\/wp\/v2\/media\/541734"}],"wp:attachment":[{"href":"https:\/\/harristweed-shop.be\/fr\/wp-json\/wp\/v2\/media?parent=541733"}],"wp:term":[{"taxonomy":"product_brand","embeddable":true,"href":"https:\/\/harristweed-shop.be\/fr\/wp-json\/wp\/v2\/product_brand?post=541733"},{"taxonomy":"product_cat","embeddable":true,"href":"https:\/\/harristweed-shop.be\/fr\/wp-json\/wp\/v2\/product_cat?post=541733"},{"taxonomy":"product_tag","embeddable":true,"href":"https:\/\/harristweed-shop.be\/fr\/wp-json\/wp\/v2\/product_tag?post=541733"}],"curies":[{"name":"wp","href":"https:\/\/api.w.org\/{rel}","templated":true}]}}