{"id":541724,"date":"2025-11-25T16:37:56","date_gmt":"2025-11-25T16:37:56","guid":{"rendered":"https:\/\/harristweed-shop.be\/product\/harris-tweed-kilbride-mini-bowling-bag-in-grey-with-rust-overcheck\/"},"modified":"2026-05-05T03:30:26","modified_gmt":"2026-05-05T03:30:26","slug":"harris-tweed-kilbride-mini-bowling-bag-in-grey-with-rust-overcheck","status":"publish","type":"product","link":"https:\/\/harristweed-shop.be\/fr\/produit\/sac-bowling-mini-kilbride-en-tweed-harris-gris-a-carreaux-rouille\/","title":{"rendered":"Sac de bowling miniature Harris Tweed \u2018 Kilbride \u2019 gris \u00e0 carreaux rouille"},"content":{"rendered":"<p data-start=\"243\" data-end=\"653\">Ajoutez une touche unique et \u00e9l\u00e9gante \u00e0 votre tenue avec le&nbsp;<strong data-start=\"304\" data-end=\"359\">Sac de bowling miniature Glen Appin Harris Tweed \u201c Kilbride \u201d<\/strong>&nbsp;\u2014 un sac compact et plein de caract\u00e8re, orn\u00e9 de l&#039;embl\u00e9matique&nbsp;<strong data-start=\"416\" data-end=\"440\">Tissu Harris Tweed<\/strong>&nbsp;attire imm\u00e9diatement l&#039;attention. Ce mini sac de bowling combine&nbsp;<strong data-start=\"500\" data-end=\"552\">Un savoir-faire classique alli\u00e9 \u00e0 une fonctionnalit\u00e9 moderne<\/strong>&nbsp;et convient parfaitement \u00e0 un usage quotidien ou \u00e0 des occasions sp\u00e9ciales.<\/p>\n<p data-start=\"683\" data-end=\"1064\">Ce charmant mini sac de bowling est confectionn\u00e9 avec&nbsp;<strong data-start=\"734\" data-end=\"789\">100% authentique laine Harris Tweed \u00e0 l&#039;ext\u00e9rieur<\/strong>, tiss\u00e9 \u00e0 la main selon la tradition \u00e9cossaise. Le sac a une forme ronde et souple avec deux anses et un&nbsp;<strong data-start=\"898\" data-end=\"940\">bandouli\u00e8re amovible et r\u00e9glable<\/strong>, Vous pouvez donc le porter de fa\u00e7on classique \u00e0 la main ou confortablement sur l&#039;\u00e9paule.&nbsp;<span data-state=\"closed\"><span data-testid=\"webpage-citation-pill\"><a href=\"https:\/\/glenappin.shop\/product\/harris-tweed-kilbride-mini-bowling-bag\/?utm_source=chatgpt.com\" target=\"_blank\"><\/a><\/span><\/span><\/p>\n<p><strong data-start=\"1070\" data-end=\"1083\">Caract\u00e9ristiques<\/strong><\/p>\n<ul data-start=\"1084\" data-end=\"1827\">\n<li data-start=\"1084\" data-end=\"1197\"><strong data-start=\"1086\" data-end=\"1100\">Mat\u00e9riel:<\/strong>&nbsp;100% Laine Harris Tweed avec finitions en PU pour une r\u00e9sistance accrue&nbsp;<span data-state=\"closed\"><span data-testid=\"webpage-citation-pill\"><a href=\"https:\/\/glenappin.shop\/product\/harris-tweed-kilbride-mini-bowling-bag\/?utm_source=chatgpt.com\" target=\"_blank\"><\/a><\/span><\/span><\/li>\n<li data-start=\"1198\" data-end=\"1282\"><strong data-start=\"1200\" data-end=\"1212\">Garniture:<\/strong>&nbsp;int\u00e9rieur en polyester r\u00e9sistant&nbsp;<span data-state=\"closed\"><span data-testid=\"webpage-citation-pill\"><a href=\"https:\/\/glenappin.shop\/product\/harris-tweed-kilbride-mini-bowling-bag\/?utm_source=chatgpt.com\" target=\"_blank\"><\/a><\/span><\/span><\/li>\n<li data-start=\"1283\" data-end=\"1394\"><strong data-start=\"1285\" data-end=\"1298\">Fermeture:<\/strong>&nbsp;Fermeture \u00e9clair sur le dessus pour une s\u00e9curit\u00e9 optimale&nbsp;<span data-state=\"closed\"><span data-testid=\"webpage-citation-pill\"><a href=\"https:\/\/glenappin.shop\/product\/harris-tweed-kilbride-mini-bowling-bag\/?utm_source=chatgpt.com\" target=\"_blank\"><\/a><\/span><\/span><\/li>\n<li data-start=\"1395\" data-end=\"1516\"><strong data-start=\"1397\" data-end=\"1413\">Options de transport :<\/strong>&nbsp;Deux poign\u00e9es robustes + bandouli\u00e8re r\u00e9glable et amovible&nbsp;<span data-state=\"closed\"><span data-testid=\"webpage-citation-pill\"><a href=\"https:\/\/thehatcompany.com\/products\/glen-appin-harris-tweed-kilbride-mini-bowling-bag-turquoise-tartan?utm_source=chatgpt.com\" target=\"_blank\"><\/a><\/span><\/span><\/li>\n<li data-start=\"1517\" data-end=\"1678\"><strong data-start=\"1519\" data-end=\"1539\">Format compact :<\/strong>&nbsp;\u00c0 propos&nbsp;<strong data-start=\"1546\" data-end=\"1565\">17 x 20 x 11 cm<\/strong>, id\u00e9al pour les objets essentiels tels que portefeuille, t\u00e9l\u00e9phone, cl\u00e9s et maquillage&nbsp;<span data-state=\"closed\"><span data-testid=\"webpage-citation-pill\"><a href=\"https:\/\/glenappin.shop\/product\/harris-tweed-kilbride-mini-bowling-bag\/?utm_source=chatgpt.com\" target=\"_blank\"><\/a><\/span><\/span><\/li>\n<li data-start=\"1679\" data-end=\"1827\"><strong data-start=\"1681\" data-end=\"1699\">Motif unique :<\/strong>&nbsp;Chaque sac pr\u00e9sente un motif tartan diff\u00e9rent gr\u00e2ce au proc\u00e9d\u00e9 de tissage naturel du Harris Tweed.&nbsp;<\/li>\n<\/ul>\n<p data-start=\"1867\" data-end=\"2252\">Le&nbsp;<strong data-start=\"1870\" data-end=\"1899\">Sac de bowling Kilbride Mini<\/strong>&nbsp;est id\u00e9al pour ceux qui aiment&nbsp;<strong data-start=\"1929\" data-end=\"1966\">Un minimalisme \u00e9l\u00e9gant avec du caract\u00e8re<\/strong>. Les tartans \u00e9cossais classiques et les mat\u00e9riaux de haute qualit\u00e9 conf\u00e8rent \u00e0 ce sac une \u00e9l\u00e9gance intemporelle, id\u00e9ale pour les journ\u00e9es d\u00e9contract\u00e9es comme pour les soir\u00e9es plus intimes. Son agencement pratique et ses diff\u00e9rentes options de port\u00e9 en font un indispensable du quotidien.&nbsp;<span data-state=\"closed\"><span data-testid=\"webpage-citation-pill\"><a href=\"https:\/\/glenappin.shop\/harris-tweed-bags\/?utm_source=chatgpt.com\" target=\"_blank\"><\/a><\/span><\/span><\/p>\n<p><strong data-start=\"2258\" data-end=\"2275\">Id\u00e9al pour :<\/strong><br \/>\u2714 Usage quotidien et escapades de fin de semaine<br data-start=\"2316\" data-end=\"2319\">\u2714 Un ajout \u00e9l\u00e9gant aux tenues d&#039;automne et d&#039;hiver<br data-start=\"2370\" data-end=\"2373\">\u2714 Les passionn\u00e9s d&#039;histoires authentiques de Harris Tweed<br data-start=\"2416\" data-end=\"2419\">\u2714 Id\u00e9e cadeau originale<\/p>","protected":false},"excerpt":{"rendered":"<p>Sac de bowling miniature Harris Tweed &#039;Kilbride&#039; gris avec sur-carreaux rouille COL127.<\/p>\n<p>Ce charmant mini sac bowling est confectionn\u00e9 en authentique laine Harris Tweed 100%, tiss\u00e9e \u00e0 la main selon la tradition \u00e9cossaise. De forme douce et arrondie, il est dot\u00e9 de deux anses et d&#039;une bandouli\u00e8re amovible et r\u00e9glable, permettant un port\u00e9 main ou \u00e9paule confortable.<\/p>","protected":false},"featured_media":541725,"template":"","meta":[],"product_brand":[],"product_cat":[899,638,903,904,1163,1139,1162,1138,901,898,808],"product_tag":[],"class_list":{"0":"post-541724","1":"product","2":"type-product","3":"status-publish","4":"has-post-thumbnail","6":"product_cat-geschenke","7":"product_cat-gifts","8":"product_cat-handtas","9":"product_cat-handtaschen","10":"product_cat-harris-tweed-handtasche","11":"product_cat-harris-tweed-handtassen","12":"product_cat-harris-tweed-taschen","13":"product_cat-harris-tweed-tassen","14":"product_cat-taschen","15":"product_cat-tassen-gifts","16":"product_cat-tassen","17":"pa_merk-harristweed","19":"first","20":"instock","21":"taxable","22":"shipping-taxable","23":"purchasable","24":"product-type-simple"},"df_price":69.95,"df_sale_price":"","df_regular_price":69.95,"df_image_link":"https:\/\/harristweed-shop.be\/wp-content\/uploads\/2025\/11\/0bcd5fb9bcfc3a540d00b5276c443407_Harris_Tweed__Kilbride__Mini_Bowling_Bag_in_Grey_with_Rust_Overcheck-300x300.jpeg","_links":{"self":[{"href":"https:\/\/harristweed-shop.be\/fr\/wp-json\/wp\/v2\/product\/541724","targetHints":{"allow":["GET"]}}],"collection":[{"href":"https:\/\/harristweed-shop.be\/fr\/wp-json\/wp\/v2\/product"}],"about":[{"href":"https:\/\/harristweed-shop.be\/fr\/wp-json\/wp\/v2\/types\/product"}],"wp:featuredmedia":[{"embeddable":true,"href":"https:\/\/harristweed-shop.be\/fr\/wp-json\/wp\/v2\/media\/541725"}],"wp:attachment":[{"href":"https:\/\/harristweed-shop.be\/fr\/wp-json\/wp\/v2\/media?parent=541724"}],"wp:term":[{"taxonomy":"product_brand","embeddable":true,"href":"https:\/\/harristweed-shop.be\/fr\/wp-json\/wp\/v2\/product_brand?post=541724"},{"taxonomy":"product_cat","embeddable":true,"href":"https:\/\/harristweed-shop.be\/fr\/wp-json\/wp\/v2\/product_cat?post=541724"},{"taxonomy":"product_tag","embeddable":true,"href":"https:\/\/harristweed-shop.be\/fr\/wp-json\/wp\/v2\/product_tag?post=541724"}],"curies":[{"name":"wp","href":"https:\/\/api.w.org\/{rel}","templated":true}]}}