{"id":541714,"date":"2025-11-25T16:37:51","date_gmt":"2025-11-25T16:37:51","guid":{"rendered":"https:\/\/harristweed-shop.be\/product\/ladies-brown-leather-harris-tweed-gloves-boxed-in-soft-pink-buchanan\/"},"modified":"2026-05-05T03:31:32","modified_gmt":"2026-05-05T03:31:32","slug":"ladies-brown-leather-harris-tweed-gloves-boxed-in-soft-pink-buchanan","status":"publish","type":"product","link":"https:\/\/harristweed-shop.be\/fr\/produit\/gants-en-cuir-marron-harris-tweed-pour-femme-presentes-dans-une-boite-rose-pale-buchanan\/","title":{"rendered":"Gants pour femmes en cuir marron et tweed Harris, pr\u00e9sent\u00e9s dans une bo\u00eete rose p\u00e2le Buchanan"},"content":{"rendered":"<p>D\u00e9couvrez l&#039;alliance parfaite de l&#039;\u00e9l\u00e9gance classique, des mat\u00e9riaux haut de gamme et du savoir-faire traditionnel avec les gants pour femme Glen Appin, confectionn\u00e9s en authentique laine Harris Tweed. Ces gants sont un accessoire \u00e0 la fois \u00e9l\u00e9gant et pratique, indispensable pour les mois les plus froids.<\/p>\n<p>Les gants pour femmes Glen Appin Harris Tweed sont confectionn\u00e9s en laine Harris Tweed 100%, tiss\u00e9e \u00e0 la main dans les H\u00e9brides ext\u00e9rieures d&#039;\u00c9cosse selon une tradition s\u00e9culaire. Le r\u00e9sultat\u00a0? Une paire de gants \u00e0 la texture riche, offrant une isolation thermique optimale et un style unique. Gr\u00e2ce au tissage naturel du tweed, chaque paire est unique et poss\u00e8de son propre caract\u00e8re.<br \/>\nCaract\u00e9ristiques<br \/>\nMat\u00e9riaux de haute qualit\u00e9\u00a0: laine Harris Tweed authentique portant le label de qualit\u00e9 officiel Harris Tweed.<br \/>\nChaud et confortable : id\u00e9al pour les journ\u00e9es froides gr\u00e2ce \u00e0 ses excellentes propri\u00e9t\u00e9s isolantes<br \/>\nDesign \u00e9l\u00e9gant : Un look tweed classique qui ajoute une touche d&#039;\u00e9l\u00e9gance \u00e0 toutes vos tenues d&#039;hiver ou d&#039;automne.<br \/>\nCoupe parfaite : Coupe ergonomique pour une libert\u00e9 de mouvement optimale et un confort de port maximal.<br \/>\nDurable et intemporel : des fibres de laine r\u00e9sistantes qui conservent leur beaut\u00e9 longtemps.<br \/>\nPolyvalent et facile \u00e0 assortir : se marie \u00e0 merveille avec les manteaux, les \u00e9charpes et autres accessoires en laine ou en cuir.<\/p>\n<p>Ces gants allient \u00e0 la perfection le savoir-faire \u00e9cossais traditionnel et la fonctionnalit\u00e9 moderne. Confortables et chauds, ils rehaussent instantan\u00e9ment votre tenue hivernale. Id\u00e9aux au quotidien, pour les promenades en ville ou les aventures hivernales en plein air.<br \/>\nId\u00e9al pour :<br \/>\n\u2714 Journ\u00e9es froides d&#039;hiver<br \/>\n\u2714 Des tenues \u00e9l\u00e9gantes pour tous les jours<br \/>\n\u2714 Id\u00e9e cadeau pour les amateurs de design classique et de qualit\u00e9<\/p>","protected":false},"excerpt":{"rendered":"<p>Gants pour femmes en cuir marron et tweed Harris, pr\u00e9sent\u00e9s dans une bo\u00eete rose p\u00e2le Buchanan COL134.<\/p>\n<p>D\u00e9couvrez l&#039;alliance parfaite de l&#039;\u00e9l\u00e9gance classique, des mati\u00e8res nobles et du savoir-faire traditionnel avec les gants pour femme Glen Appin, confectionn\u00e9s en authentique laine Harris Tweed. \u00c9l\u00e9gants et fonctionnels, ces gants sont un indispensable pour l&#039;hiver. Pr\u00e9sent\u00e9s dans un coffret cadeau.<\/p>","protected":false},"featured_media":541719,"template":"","meta":[],"product_brand":[],"product_cat":[869,926,886,1136,1172,105],"product_tag":[],"class_list":{"0":"post-541714","1":"product","2":"type-product","3":"status-publish","4":"has-post-thumbnail","6":"product_cat-handschoenen","7":"product_cat-handschoenen-shawls-shawls","8":"product_cat-handschuhe","9":"product_cat-harris-tweed-handschoenen","10":"product_cat-harris-tweed-handschuhe","11":"product_cat-shawls","12":"pa_merk-harristweed","14":"first","15":"instock","16":"taxable","17":"shipping-taxable","18":"purchasable","19":"product-type-variable"},"df_price":59.95,"df_sale_price":"","df_regular_price":59.95,"df_image_link":"https:\/\/harristweed-shop.be\/wp-content\/uploads\/2025\/11\/94a8d57c7a270d5032ea7c5e8ef4c1e6_Ladies_Brown_Leather___Harris_Tweed_Gloves_Boxed_in_Soft_Pink_Buchanan-300x300.jpeg","_links":{"self":[{"href":"https:\/\/harristweed-shop.be\/fr\/wp-json\/wp\/v2\/product\/541714","targetHints":{"allow":["GET"]}}],"collection":[{"href":"https:\/\/harristweed-shop.be\/fr\/wp-json\/wp\/v2\/product"}],"about":[{"href":"https:\/\/harristweed-shop.be\/fr\/wp-json\/wp\/v2\/types\/product"}],"wp:featuredmedia":[{"embeddable":true,"href":"https:\/\/harristweed-shop.be\/fr\/wp-json\/wp\/v2\/media\/541719"}],"wp:attachment":[{"href":"https:\/\/harristweed-shop.be\/fr\/wp-json\/wp\/v2\/media?parent=541714"}],"wp:term":[{"taxonomy":"product_brand","embeddable":true,"href":"https:\/\/harristweed-shop.be\/fr\/wp-json\/wp\/v2\/product_brand?post=541714"},{"taxonomy":"product_cat","embeddable":true,"href":"https:\/\/harristweed-shop.be\/fr\/wp-json\/wp\/v2\/product_cat?post=541714"},{"taxonomy":"product_tag","embeddable":true,"href":"https:\/\/harristweed-shop.be\/fr\/wp-json\/wp\/v2\/product_tag?post=541714"}],"curies":[{"name":"wp","href":"https:\/\/api.w.org\/{rel}","templated":true}]}}