{"id":541698,"date":"2025-11-25T16:22:23","date_gmt":"2025-11-25T16:22:23","guid":{"rendered":"https:\/\/harristweed-shop.be\/product\/shooting-jacket-derby-tweed-hazelwood-shooting-jacket\/"},"modified":"2026-05-05T03:31:32","modified_gmt":"2026-05-05T03:31:32","slug":"shooting-jacket-derby-tweed-hazelwood-shooting-jacket","status":"publish","type":"product","link":"https:\/\/harristweed-shop.be\/fr\/produit\/veste-de-chasse-derby-en-tweed-hazelwood\/","title":{"rendered":"Veste de chasse Derby Tweed Hazelwood pour femme, couleur sauge fonc\u00e9e"},"content":{"rendered":"<p>Con\u00e7u pour prot\u00e9ger les amateurs de plein air dans un style tweed classique. Imperm\u00e9able, chaud et durable.\n<\/p>\n<p>\nQuelles que soient vos activit\u00e9s de plein air, votre veste Hazelwood vous prot\u00e9gera.<\/p>\n<p>Vous n&#039;avez plus \u00e0 vous soucier de la m\u00e9t\u00e9o\u00a0: gr\u00e2ce \u00e0 sa doublure et \u00e0 sa protection en T\u00e9flon, la veste Hazelwood vous prot\u00e8ge efficacement de la pluie. Ses poignets coupe-vent, son rabat de gorge amovible, ses poches chauffe-mains et son tissu \u00e9pais vous maintiennent bien au chaud et vous prot\u00e8gent du vent.\n<\/p>\n<p>\nBien que cette veste soit rembourr\u00e9e pour plus de chaleur, sa coupe ample offre une libert\u00e9 de mouvement optimale et permet de porter des couches de v\u00eatements en dessous.<\/p>\n<p>Votre veste Hazelwood poss\u00e8de des poches plaqu\u00e9es sur le devant pour garder vos affaires en s\u00e9curit\u00e9 \u2013 vous permettant ainsi de vous concentrer pleinement sur vos aventures en plein air !\n<\/p>\n<p>\nFabriqu\u00e9e en Grande-Bretagne \u00e0 partir d&#039;un tweed Derby de haute qualit\u00e9, notre veste est con\u00e7ue pour r\u00e9pondre aux plus hautes exigences. Fruit de plus de 20 ans de d\u00e9veloppement, elle est le fruit du savoir-faire de professionnels.<\/p>\n<p>Le tweed est tiss\u00e9 en serg\u00e9. Le serg\u00e9 est un textile o\u00f9 les fils sont tr\u00e8s serr\u00e9s, ce qui donne un tissage \u00e9pais et dense. Il en r\u00e9sulte un tissu r\u00e9sistant \u00e0 l&#039;usure. Le tweed est tiss\u00e9 avec du fil\u00e9, ce qui le rend plus doux et moins susceptible de se casser.<\/p>\n<p>Nous avons \u00e9galement appliqu\u00e9 un protecteur textile au Teflon sur le tweed. Ce produit forme une couche protectrice autour de chaque fibre, repoussant l&#039;eau, la salet\u00e9 et les taches sans alt\u00e9rer l&#039;\u00e9paisseur, l&#039;aspect, la texture, la couleur ni la respirabilit\u00e9 du tissu.<\/p>\n<p>Choisissez parmi une gamme de couleurs. Optez pour des teintes classiques et discr\u00e8tes ou un style plus dynamique avec nos motifs \u00e0 carreaux. Disponible en vert sauge clair, vert sauge fonc\u00e9, tweed beige, tweed marine, rayures rouges, rayures roses ou rayures violettes.<\/p>\n<p>Compl\u00e9tez votre tenue champ\u00eatre avec notre s\u00e9lection de v\u00eatements en tweed assortis. Chapeaux, gilets, jupes et vestes sans manches sont disponibles.<\/p>\n<p>Veuillez prendre vos mesures avec pr\u00e9cision et consulter notre tableau des tailles pour trouver la taille parfaite que vous attendez d&#039;un produit Walker &amp; Hawkes.\n<\/p>\n<p>\nFabriqu\u00e9 en Grande-Bretagne \u2013 Fabriqu\u00e9 au Royaume-Uni depuis plus de 20 ans.<br \/>\n<br \/>R\u00e9sistant \u2013 Le tweed est tiss\u00e9 extr\u00eamement serr\u00e9 et donc tr\u00e8s r\u00e9sistant. Il peut \u00eatre pli\u00e9 plus de 20\u00a0000 fois sans se rompre.<br \/>\n<br \/>Rev\u00eatement en t\u00e9flon \u2013 Rev\u00eatement anti-poussi\u00e8re en t\u00e9flon pour une qualit\u00e9 et une durabilit\u00e9 sup\u00e9rieures. Prot\u00e8ge contre la salet\u00e9, les taches et autres liquides.<br \/>\n<br \/>Imperm\u00e9able \u2013 Un protecteur de tissu en t\u00e9flon et une membrane int\u00e9rieure rendent ce v\u00eatement 100% imperm\u00e9able.<br \/>\n<br \/>Coupe-vent \u2013 des coutures robustes et une doublure matelass\u00e9e vous prot\u00e8gent des vents froids, pour que vous restiez au chaud.<br \/>\n<br \/>Respirante \u2013 la membrane respirante garde l&#039;int\u00e9rieur de la veste au sec.<br \/>\n<br \/>Fonctionnelle \u2013 poches multiples, poches chauffe-mains, fermeture \u00e0 pression pour un acc\u00e8s rapide aux poches avant, poignets coupe-vent et plus encore.<br \/>\n<br \/>Libert\u00e9 de mouvement \u2013 la coupe d\u00e9contract\u00e9e permet la superposition de v\u00eatements et une libert\u00e9 de mouvement totale lors de vos activit\u00e9s de plein air.<br \/>\n<br \/>Facile \u00e0 assortir, il se marie parfaitement avec nos autres articles en tweed. Gilets, vestes et chapeaux sont \u00e9galement disponibles.\n<\/p>\n<p>\nLes vestes arborent le logo bien connu de la marque Walker &amp; Hawkes \u00e0 l&#039;int\u00e9rieur et des boutons griff\u00e9s.<\/p>\n<p>Votre veste Hazelwood vous sera exp\u00e9di\u00e9e rapidement et en toute s\u00e9curit\u00e9.<\/p>\n<p>Adapt\u00e9 \u00e0 diverses applications, notamment : la chasse, la randonn\u00e9e, l&#039;\u00e9quitation, l&#039;agriculture, la mode, les v\u00eatements d&#039;ext\u00e9rieur, la promenade de chiens et bien plus encore !\n<\/p>\n<p>\nCaract\u00e9ristiques principales :&nbsp;<br \/>\u2013 Couche ext\u00e9rieure en laine 60%, polyester 25% et fibres mixtes 15%.<br \/>\n<br \/>\u2013 Doublure int\u00e9rieure en polyester 100%.<br \/>\n<br \/>\u2013 Doublure matelass\u00e9e en forme de losange.<br \/>\n<br \/>\u2013 Poignets coupe-vent.<br \/>\n<br \/>\u2013 2 poches chauffe-mains.<br \/>\n<br \/>\u2013 2 poches avant avec fermeture \u00e0 pression pour un acc\u00e8s rapide.<br \/>\n<br \/>\u2013 1 poche int\u00e9rieure zipp\u00e9e.<br \/>\n<br \/>\u2013 Fermeture \u00e9clair robuste \u00e0 double sens avec rabat anti-temp\u00eate \u00e0 pression.<br \/>\n<br \/>\u2013 Rabat de gorge amovible.<br \/>\n<br \/>\u2013 Bordure en moleskine autour du col et des poches.<br \/>\n<br \/>\u2013<br \/>\nBoutons de marque Walker et Hawkes.<br \/>\n<br \/>\u2013<br \/>\nCoutures renforc\u00e9es aux \u00e9paules.<br \/>\n<br \/>\u2013<br \/>\nFermetures \u00e0 pression lat\u00e9rales pour ajuster la taille.<br \/>\n<br \/>\u2013<br \/>\nGarniture de 70 g.<\/p>","protected":false},"excerpt":{"rendered":"<p>Veste de chasse Derby Tweed Hazelwood pour femme, couleur sauge fonc\u00e9e.<\/p>\n<p>Quelles que soient vos activit\u00e9s de plein air, votre veste Hazelwood vous prot\u00e9gera.<br \/>\nVous n&#039;avez plus \u00e0 vous soucier de la m\u00e9t\u00e9o\u00a0: gr\u00e2ce \u00e0 sa doublure et \u00e0 sa protection en T\u00e9flon, la veste Hazelwood vous prot\u00e8ge efficacement de la pluie. Ses poignets coupe-vent, son rabat de gorge amovible, ses poches chauffe-mains et son tissu \u00e9pais vous maintiennent bien au chaud et vous prot\u00e8gent du vent.<\/p>","protected":false},"featured_media":541707,"template":"","meta":[],"product_brand":[],"product_cat":[481,87,482,483,1070,1069],"product_tag":[],"class_list":{"0":"post-541698","1":"product","2":"type-product","3":"status-publish","4":"has-post-thumbnail","6":"product_cat-dames-jassen-en-jacks","7":"product_cat-jassen-en-jacks","8":"product_cat-mantel-und-jacken","9":"product_cat-mantel-und-jacken-fur-damen","10":"product_cat-shooting-field-coat","11":"product_cat-shooting-range","12":"pa_merk-dukes-forest","14":"first","15":"instock","16":"taxable","17":"shipping-taxable","18":"purchasable","19":"product-type-variable"},"df_price":198.95,"df_sale_price":"","df_regular_price":198.95,"df_image_link":"https:\/\/harristweed-shop.be\/wp-content\/uploads\/2025\/11\/459f160e9570a19f1f4daec213697a5c_Shooting_Jacket__Derby_Tweed_Hazelwood_Shooting_Jacket-225x300.jpeg","_links":{"self":[{"href":"https:\/\/harristweed-shop.be\/fr\/wp-json\/wp\/v2\/product\/541698","targetHints":{"allow":["GET"]}}],"collection":[{"href":"https:\/\/harristweed-shop.be\/fr\/wp-json\/wp\/v2\/product"}],"about":[{"href":"https:\/\/harristweed-shop.be\/fr\/wp-json\/wp\/v2\/types\/product"}],"wp:featuredmedia":[{"embeddable":true,"href":"https:\/\/harristweed-shop.be\/fr\/wp-json\/wp\/v2\/media\/541707"}],"wp:attachment":[{"href":"https:\/\/harristweed-shop.be\/fr\/wp-json\/wp\/v2\/media?parent=541698"}],"wp:term":[{"taxonomy":"product_brand","embeddable":true,"href":"https:\/\/harristweed-shop.be\/fr\/wp-json\/wp\/v2\/product_brand?post=541698"},{"taxonomy":"product_cat","embeddable":true,"href":"https:\/\/harristweed-shop.be\/fr\/wp-json\/wp\/v2\/product_cat?post=541698"},{"taxonomy":"product_tag","embeddable":true,"href":"https:\/\/harristweed-shop.be\/fr\/wp-json\/wp\/v2\/product_tag?post=541698"}],"curies":[{"name":"wp","href":"https:\/\/api.w.org\/{rel}","templated":true}]}}