{"id":541692,"date":"2025-11-25T16:17:18","date_gmt":"2025-11-25T16:17:18","guid":{"rendered":"https:\/\/harristweed-shop.be\/product\/harris-tweed-hip-flask-gift-set-in-rust-check\/"},"modified":"2026-04-14T13:04:51","modified_gmt":"2026-04-14T13:04:51","slug":"harris-tweed-hip-flask-gift-set-in-rust-check","status":"publish","type":"product","link":"https:\/\/harristweed-shop.be\/fr\/produit\/coffret-cadeau-flasque-en-tweed-harris-coloris-rest-check\/","title":{"rendered":"Coffret cadeau flasque en tweed Harris \u00e0 carreaux rouille"},"content":{"rendered":"<p data-start=\"297\" data-end=\"649\">Sublimez chaque occasion avec un cadeau \u00e9l\u00e9gant et attentionn\u00e9 :&nbsp;<strong data-start=\"367\" data-end=\"408\">Coffret cadeau flasque en tweed Harris<\/strong>&nbsp;de Glen Appin, en \u00c9cosse. Cet \u00e9l\u00e9gant ensemble combine&nbsp;<strong data-start=\"466\" data-end=\"499\">Authentique savoir-faire \u00e9cossais<\/strong>&nbsp;avec une fonctionnalit\u00e9 pratique \u2014 parfait pour les amateurs de whisky, de rhum, de bourbon ou d&#039;autres boissons favorites.&nbsp;<span data-state=\"closed\"><span data-testid=\"webpage-citation-pill\"><a href=\"https:\/\/scottishcreations.com\/products\/harris-tweed-hip-flask-gift-set?utm_source=chatgpt.com\" target=\"_blank\"><\/a><\/span><\/span><\/p>\n<p data-start=\"679\" data-end=\"1044\">Cette flasque de haute qualit\u00e9 est fabriqu\u00e9e avec un&nbsp;<strong data-start=\"730\" data-end=\"755\">base en acier inoxydable<\/strong>, recouvert de&nbsp;<strong data-start=\"769\" data-end=\"802\">tissu Harris Tweed authentique<\/strong>\u2014 Laine tiss\u00e9e \u00e0 la main provenant des H\u00e9brides ext\u00e9rieures d&#039;\u00c9cosse, r\u00e9put\u00e9e pour sa texture robuste et son style classique. Chaque flasque pr\u00e9sente un motif tweed unique qui lui conf\u00e8re une allure raffin\u00e9e et traditionnelle.&nbsp;<span data-state=\"closed\"><span data-testid=\"webpage-citation-pill\"><a href=\"https:\/\/scottishcreations.com\/products\/harris-tweed-hip-flask-gift-set?utm_source=chatgpt.com\" target=\"_blank\"><\/a><\/span><\/span><\/p>\n<p><strong data-start=\"1050\" data-end=\"1075\">Que contient le coffret ?<\/strong><\/p>\n<ul data-start=\"1076\" data-end=\"1392\">\n<li data-start=\"1076\" data-end=\"1150\"><strong data-start=\"1081\" data-end=\"1097\">1 flasque<\/strong>&nbsp;(Environ 177 ml \/ 6 oz) \u2014 format id\u00e9al pour les d\u00e9placements<\/li>\n<li data-start=\"1151\" data-end=\"1222\"><strong data-start=\"1156\" data-end=\"1178\">Emballage cadeau<\/strong>&nbsp;\u2014 magnifiquement pr\u00e9sent\u00e9 dans un \u00e9l\u00e9gant coffret<\/li>\n<li data-start=\"1223\" data-end=\"1392\"><strong data-start=\"1228\" data-end=\"1243\" style=\"font-size: 14px;font-family: Poppins, sans-serif\">Accessoires<\/strong><span style=\"font-size: 14px;font-family: Poppins, sans-serif\">&nbsp;(selon la variante) : entonnoir et 2 gobelets en acier inoxydable pour verser et partager facilement avec des amis<\/span><\/li>\n<\/ul>\n<p><strong data-start=\"1398\" data-end=\"1411\">Caract\u00e9ristiques<\/strong><\/p>\n<ul data-start=\"1412\" data-end=\"1872\">\n<li data-start=\"1412\" data-end=\"1499\"><strong data-start=\"1414\" data-end=\"1452\">Authentique rev\u00eatement en Harris Tweed<\/strong>&nbsp;\u2013 porte la marque de qualit\u00e9 officielle Harris Tweed<\/li>\n<li data-start=\"1500\" data-end=\"1572\"><strong data-start=\"1502\" data-end=\"1542\">Construction robuste en acier inoxydable<\/strong>&nbsp;\u2013 anticorrosion et durable<\/li>\n<li data-start=\"1573\" data-end=\"1637\"><strong data-start=\"1575\" data-end=\"1599\">Compact et portable<\/strong>&nbsp;\u2013 se glisse facilement dans une poche de veste ou un sac<\/li>\n<li data-start=\"1638\" data-end=\"1713\"><strong data-start=\"1640\" data-end=\"1659\">Design \u00e9l\u00e9gant<\/strong>&nbsp;\u2013 un look tartan \u00e9cossais classique, un style intemporel<\/li>\n<li data-start=\"1714\" data-end=\"1872\"><strong data-start=\"1716\" data-end=\"1733\">Ensemble complet<\/strong>&nbsp;\u2013 Id\u00e9al comme cadeau pour les hommes et les femmes qui appr\u00e9cient les moments de d\u00e9tente et les aventures en plein air.<\/li>\n<\/ul>\n<p data-start=\"1904\" data-end=\"2262\">Ce&nbsp;<strong data-start=\"1909\" data-end=\"1937\">Ensemble de flasques Glen Appin<\/strong>&nbsp;Non seulement cet objet est fonctionnel, mais il constitue \u00e9galement un cadeau id\u00e9al pour un anniversaire, une f\u00eate, les f\u00eates de fin d&#039;ann\u00e9e ou comme cadeau d&#039;entreprise. Gr\u00e2ce \u00e0 l&#039;alliance de mat\u00e9riaux traditionnels et de finitions modernes, il d\u00e9gage du caract\u00e8re et du raffinement\u00a0: un accessoire \u00e0 la fois pratique et m\u00e9morable.&nbsp;<\/p>","protected":false},"excerpt":{"rendered":"<p>Coffret cadeau flasque Harris Tweed \u00e0 carreaux rouille COL059.<\/p>\n<p>Sublimez toutes les occasions avec un cadeau \u00e9l\u00e9gant et raffin\u00e9\u00a0: le coffret de flasques en tweed Harris de Glen Appin, en \u00c9cosse. Cet \u00e9l\u00e9gant coffret allie le savoir-faire \u00e9cossais authentique \u00e0 une fonctionnalit\u00e9 pratique, id\u00e9al pour les amateurs de whisky, de rhum, de bourbon ou d\u2019autres spiritueux.<\/p>","protected":false},"featured_media":541693,"template":"","meta":[],"product_brand":[],"product_cat":[638,1181,1180],"product_tag":[],"class_list":{"0":"post-541692","1":"product","2":"type-product","3":"status-publish","4":"has-post-thumbnail","6":"product_cat-gifts","7":"product_cat-harris-tweed-flachmann","8":"product_cat-harris-tweed-heupfles","9":"pa_merk-harristweed","11":"first","12":"instock","13":"taxable","14":"shipping-taxable","15":"purchasable","16":"product-type-simple"},"df_price":27.95,"df_sale_price":"","df_regular_price":27.95,"df_image_link":"https:\/\/harristweed-shop.be\/wp-content\/uploads\/2025\/11\/888e4b06074c256891523ccd692e9db3_Harris_Tweed_Hip_Flask_Gift_Set_in_MacLeod_Tartan_1-300x300.jpeg","_links":{"self":[{"href":"https:\/\/harristweed-shop.be\/fr\/wp-json\/wp\/v2\/product\/541692","targetHints":{"allow":["GET"]}}],"collection":[{"href":"https:\/\/harristweed-shop.be\/fr\/wp-json\/wp\/v2\/product"}],"about":[{"href":"https:\/\/harristweed-shop.be\/fr\/wp-json\/wp\/v2\/types\/product"}],"wp:featuredmedia":[{"embeddable":true,"href":"https:\/\/harristweed-shop.be\/fr\/wp-json\/wp\/v2\/media\/541693"}],"wp:attachment":[{"href":"https:\/\/harristweed-shop.be\/fr\/wp-json\/wp\/v2\/media?parent=541692"}],"wp:term":[{"taxonomy":"product_brand","embeddable":true,"href":"https:\/\/harristweed-shop.be\/fr\/wp-json\/wp\/v2\/product_brand?post=541692"},{"taxonomy":"product_cat","embeddable":true,"href":"https:\/\/harristweed-shop.be\/fr\/wp-json\/wp\/v2\/product_cat?post=541692"},{"taxonomy":"product_tag","embeddable":true,"href":"https:\/\/harristweed-shop.be\/fr\/wp-json\/wp\/v2\/product_tag?post=541692"}],"curies":[{"name":"wp","href":"https:\/\/api.w.org\/{rel}","templated":true}]}}