{"id":541688,"date":"2025-11-25T16:05:23","date_gmt":"2025-11-25T16:05:23","guid":{"rendered":"https:\/\/harristweed-shop.be\/product\/harris-tweed-6oz-hip-flask-grey-and-red-tartan\/"},"modified":"2026-04-07T14:10:26","modified_gmt":"2026-04-07T14:10:26","slug":"harris-tweed-6oz-hip-flask-grey-and-red-tartan","status":"publish","type":"product","link":"https:\/\/harristweed-shop.be\/fr\/produit\/flasque-harris-tweed-6-oz-a-carreaux-gris-et-rouges\/","title":{"rendered":"Flasque Harris Tweed 6 oz \u00e0 carreaux gris et rouges"},"content":{"rendered":"<p data-start=\"232\" data-end=\"318\"><strong data-start=\"232\" data-end=\"318\">Artisanat \u00e9cossais authentique \u2022 Cadeau id\u00e9al \u2022 Flasque en acier inoxydable durable<\/strong><\/p>\n<p data-start=\"320\" data-end=\"715\">D\u00e9couvrez le&nbsp;<strong data-start=\"330\" data-end=\"362\">Flasque en tweed Harris<\/strong>&nbsp;par Glen Appin \u2013 un cadeau \u00e9l\u00e9gant, compact et de haute qualit\u00e9 qui allie tradition et fonctionnalit\u00e9. Cette flasque est fabriqu\u00e9e en&nbsp;<strong data-start=\"497\" data-end=\"525\">acier inoxydable durable<\/strong>&nbsp;et recouvert de&nbsp;<strong data-start=\"541\" data-end=\"579\">Tissu Harris Tweed authentique 100%<\/strong>, Tiss\u00e9 \u00e0 la main dans les H\u00e9brides ext\u00e9rieures \u00e9cossaises, le label embl\u00e9matique Harris Tweed garantit qualit\u00e9, originalit\u00e9 et charme intemporel.<\/p>\n<ul data-start=\"750\" data-end=\"1163\">\n<li data-start=\"750\" data-end=\"837\"><strong data-start=\"752\" data-end=\"780\">Mat\u00e9riaux de haute qualit\u00e9 :<\/strong>&nbsp;Acier inoxydable robuste avec une luxueuse finition Harris Tweed<\/li>\n<li data-start=\"838\" data-end=\"900\"><strong data-start=\"840\" data-end=\"864\">Compact et portable :<\/strong>&nbsp;Se glisse facilement dans une poche de veste ou un sac.<\/li>\n<li data-start=\"901\" data-end=\"1014\"><strong data-start=\"903\" data-end=\"928\">Id\u00e9al pour les d\u00e9placements :<\/strong>&nbsp;Bouchon \u00e0 vis \u00e9tanche, compagnon id\u00e9al lors de promenades, de voyages ou de festivals<\/li>\n<li data-start=\"1015\" data-end=\"1094\"><strong data-start=\"1017\" data-end=\"1037\">Design \u00e9l\u00e9gant :<\/strong>&nbsp;Disponible dans divers motifs tartan et tweed<\/li>\n<li data-start=\"1095\" data-end=\"1163\"><strong data-start=\"1097\" data-end=\"1126\">Pr\u00eat \u00e0 offrir en cadeau :<\/strong>&nbsp;Emball\u00e9 dans un \u00e9l\u00e9gant coffret cadeau<\/li>\n<\/ul>\n<p><strong data-start=\"1172\" data-end=\"1194\">Id\u00e9al comme cadeau<\/strong><br \/>Cette flasque en tweed Harris est une&nbsp;<strong data-start=\"1231\" data-end=\"1255\">cadeau fantastique<\/strong>&nbsp;Pour les amateurs de whisky, les passionn\u00e9s de plein air ou tous ceux qui appr\u00e9cient le style \u00e9cossais classique. Un cadeau id\u00e9al pour un anniversaire, la f\u00eate des p\u00e8res, No\u00ebl, un anniversaire de mariage ou comme cadeau d&#039;entreprise.<\/p>\n<p><strong data-start=\"1453\" data-end=\"1470\">Caract\u00e9ristiques:<\/strong><\/p>\n<ul data-start=\"1471\" data-end=\"1692\">\n<li data-start=\"1471\" data-end=\"1504\"><strong data-start=\"1473\" data-end=\"1484\">Contenu:<\/strong>&nbsp;6 oz (environ 177 ml)<\/li>\n<li data-start=\"1505\" data-end=\"1566\"><strong data-start=\"1507\" data-end=\"1521\">Mat\u00e9riel:<\/strong>&nbsp;Ext\u00e9rieur en acier inoxydable et tweed Harris<\/li>\n<li data-start=\"1567\" data-end=\"1657\"><strong data-start=\"1569\" data-end=\"1582\">Origine:<\/strong>&nbsp;Glen Appin d&#039;\u00c9cosse \u2013 Producteur officiel agr\u00e9\u00e9 Harris Tweed<\/li>\n<li data-start=\"1658\" data-end=\"1692\"><strong data-start=\"1660\" data-end=\"1675\">Conditionnement:<\/strong>&nbsp;coffret cadeau de luxe<\/li>\n<\/ul>\n<p data-start=\"1694\" data-end=\"1802\">Avec cette flasque Glen Appin, vous offrez un&nbsp;<strong data-start=\"1736\" data-end=\"1779\">un cadeau durable, authentique et \u00e9l\u00e9gant<\/strong>&nbsp;qui durera des ann\u00e9es.<\/p>","protected":false},"excerpt":{"rendered":"<p>Flasque Harris Tweed 6oz \u00e0 carreaux gris et rouges COL096.<\/p>\n<p>D\u00e9couvrez la flasque en Harris Tweed de Glen Appin\u00a0: un cadeau \u00e9l\u00e9gant, compact et de grande qualit\u00e9, alliant tradition et fonctionnalit\u00e9. Fabriqu\u00e9e en acier inoxydable durable, cette flasque est doubl\u00e9e de Harris Tweed 100% authentique, tiss\u00e9 \u00e0 la main dans les H\u00e9brides ext\u00e9rieures \u00e9cossaises.<\/p>","protected":false},"featured_media":541689,"template":"","meta":[],"product_brand":[],"product_cat":[638,1181,1180],"product_tag":[],"class_list":{"0":"post-541688","1":"product","2":"type-product","3":"status-publish","4":"has-post-thumbnail","6":"product_cat-gifts","7":"product_cat-harris-tweed-flachmann","8":"product_cat-harris-tweed-heupfles","9":"pa_merk-harristweed","11":"first","12":"instock","13":"taxable","14":"shipping-taxable","15":"purchasable","16":"product-type-simple"},"df_price":21.95,"df_sale_price":"","df_regular_price":21.95,"df_image_link":"https:\/\/harristweed-shop.be\/wp-content\/uploads\/2025\/11\/15c8b60e2b305b800b6902c5f6ea5690_Harris_Tweed_6oz_Hip_Flask_Grey_and_Red_Tartan-300x300.jpeg","_links":{"self":[{"href":"https:\/\/harristweed-shop.be\/fr\/wp-json\/wp\/v2\/product\/541688","targetHints":{"allow":["GET"]}}],"collection":[{"href":"https:\/\/harristweed-shop.be\/fr\/wp-json\/wp\/v2\/product"}],"about":[{"href":"https:\/\/harristweed-shop.be\/fr\/wp-json\/wp\/v2\/types\/product"}],"wp:featuredmedia":[{"embeddable":true,"href":"https:\/\/harristweed-shop.be\/fr\/wp-json\/wp\/v2\/media\/541689"}],"wp:attachment":[{"href":"https:\/\/harristweed-shop.be\/fr\/wp-json\/wp\/v2\/media?parent=541688"}],"wp:term":[{"taxonomy":"product_brand","embeddable":true,"href":"https:\/\/harristweed-shop.be\/fr\/wp-json\/wp\/v2\/product_brand?post=541688"},{"taxonomy":"product_cat","embeddable":true,"href":"https:\/\/harristweed-shop.be\/fr\/wp-json\/wp\/v2\/product_cat?post=541688"},{"taxonomy":"product_tag","embeddable":true,"href":"https:\/\/harristweed-shop.be\/fr\/wp-json\/wp\/v2\/product_tag?post=541688"}],"curies":[{"name":"wp","href":"https:\/\/api.w.org\/{rel}","templated":true}]}}