{"id":541684,"date":"2025-11-25T14:22:13","date_gmt":"2025-11-25T14:22:13","guid":{"rendered":"https:\/\/harristweed-shop.be\/product\/harris-tweed-hunting-flask-grey-with-rust-overcheck\/"},"modified":"2026-04-07T14:10:26","modified_gmt":"2026-04-07T14:10:26","slug":"harris-tweed-hunting-flask-grey-with-rust-overcheck","status":"publish","type":"product","link":"https:\/\/harristweed-shop.be\/fr\/produit\/gourde-de-chasse-en-tweed-harris-gris-a-motif-rouille\/","title":{"rendered":"Gourde de chasse en Harris Tweed gris \u00e0 motif rouille"},"content":{"rendered":"<p data-start=\"305\" data-end=\"636\">Apportez une touche&nbsp;<strong data-start=\"323\" data-end=\"367\">Patrimoine \u00e9cossais et artisanat authentique<\/strong>&nbsp;Sublimez vos moments whisky avec cette \u00e9dition limit\u00e9e.&nbsp;<strong data-start=\"412\" data-end=\"448\">Gourde de chasse en coffret Harris Tweed<\/strong>&nbsp;de Glen Appin. Cette \u00e9l\u00e9gante bouteille de chasse combine&nbsp;<strong data-start=\"500\" data-end=\"552\">durabilit\u00e9, fonctionnalit\u00e9 et design intemporel<\/strong>&nbsp;\u2014 Pr\u00e9sent\u00e9 dans un \u00e9l\u00e9gant coffret cadeau, id\u00e9al pour offrir ou pour un usage personnel.<\/p>\n<p data-start=\"672\" data-end=\"1094\">Cette gourde de chasse est fabriqu\u00e9e \u00e0 partir d&#039;un&nbsp;<strong data-start=\"712\" data-end=\"737\">base en acier inoxydable<\/strong>, ce qui le rend&nbsp;<strong data-start=\"752\" data-end=\"786\">r\u00e9sistant \u00e0 la corrosion et \u00e0 la fum\u00e9e<\/strong>&nbsp;Il permet de conserver votre boisson pr\u00e9f\u00e9r\u00e9e en toute s\u00e9curit\u00e9 et avec go\u00fbt. L&#039;ext\u00e9rieur est recouvert de&nbsp;<strong data-start=\"872\" data-end=\"911\">v\u00e9ritable tissu Harris Tweed tiss\u00e9 \u00e0 la main<\/strong>, ce qui conf\u00e8re au produit un aspect classique et chaleureux et rend chaque bouteille unique.&nbsp;<strong data-start=\"980\" data-end=\"1002\">motif tweed unique<\/strong>&nbsp;propose des produits portant le poin\u00e7on officiel Harris Tweed.&nbsp;<span data-state=\"closed\"><span data-testid=\"webpage-citation-pill\"><a href=\"https:\/\/www.theheritageofscotland.co.uk\/harris-tweed-greyblack-tartan-hunting-flask-1635-p.asp?utm_source=chatgpt.com\" target=\"_blank\"><\/a><\/span><\/span><\/p>\n<p data-start=\"1127\" data-end=\"1463\">Avec une capacit\u00e9 de&nbsp;<strong data-start=\"1150\" data-end=\"1177\">environ 8 oz (\u00b1236 ml)<\/strong>&nbsp;Vous avez assez de place pour emporter votre whisky, rhum, bourbon ou autres boissons pr\u00e9f\u00e9r\u00e9es\u00a0? Ce set comprend\u00a0:&nbsp;<strong data-start=\"1294\" data-end=\"1324\">quatre tasses assorties<\/strong>, id\u00e9al \u00e0 partager lors d&#039;aventures en plein air, de pique-niques ou de moments chaleureux autour du feu de camp.&nbsp;<span data-state=\"closed\"><span data-testid=\"webpage-citation-pill\"><a href=\"https:\/\/www.theheritageofscotland.co.uk\/harris-tweed-greyblack-tartan-hunting-flask-1635-p.asp?utm_source=chatgpt.com\" target=\"_blank\"><\/a><\/span><\/span><\/p>\n<p><strong data-start=\"1469\" data-end=\"1511\">Parfait pour offrir ou pour une utilisation en ext\u00e9rieur<\/strong><\/p>\n<ul data-start=\"1512\" data-end=\"1875\">\n<li data-start=\"1512\" data-end=\"1591\"><strong data-start=\"1514\" data-end=\"1562\">Pr\u00e9sent\u00e9 dans un luxueux coffret cadeau<\/strong>&nbsp;\u2013 pr\u00eat \u00e0 donner imm\u00e9diatement<\/li>\n<li data-start=\"1592\" data-end=\"1665\"><strong data-start=\"1594\" data-end=\"1623\">Design cool et \u00e9l\u00e9gant<\/strong>&nbsp;qui pla\u00eet autant aux hommes qu&#039;aux femmes<\/li>\n<li data-start=\"1666\" data-end=\"1728\"><strong data-start=\"1668\" data-end=\"1693\">Compact et portable :<\/strong>&nbsp;se glisse facilement dans un sac \u00e0 dos ou un sac.<\/li>\n<li data-start=\"1729\" data-end=\"1875\"><strong data-start=\"1731\" data-end=\"1761\">Excellent moyen de transport :<\/strong>&nbsp;id\u00e9al pour la chasse, la randonn\u00e9e, les festivals, le golf ou d&#039;autres activit\u00e9s de plein air&nbsp;<span data-state=\"closed\"><span data-testid=\"webpage-citation-pill\"><a href=\"https:\/\/www.theheritageofscotland.co.uk\/harris-tweed-greyblack-tartan-hunting-flask-1635-p.asp?utm_source=chatgpt.com\" target=\"_blank\"><\/a><\/span><\/span><br \/><span data-state=\"closed\"><span data-testid=\"webpage-citation-pill\"><a href=\"https:\/\/www.theheritageofscotland.co.uk\/harris-tweed-greyblack-tartan-hunting-flask-1635-p.asp?utm_source=chatgpt.com\" target=\"_blank\"><\/a><\/span><\/span><br \/><span data-state=\"closed\"><span data-testid=\"webpage-citation-pill\"><a href=\"https:\/\/www.theheritageofscotland.co.uk\/harris-tweed-greyblack-tartan-hunting-flask-1635-p.asp?utm_source=chatgpt.com\" target=\"_blank\"><\/a><\/span><\/span><\/li>\n<\/ul>\n<p data-start=\"1904\" data-end=\"2326\">La flasque de chasse en tweed Harris n&#039;est pas qu&#039;un simple accessoire pratique pour transporter votre boisson pr\u00e9f\u00e9r\u00e9e\u00a0: son rev\u00eatement en tweed traditionnel et ses finitions de haute qualit\u00e9 en font un objet pr\u00e9cieux.&nbsp;<strong data-start=\"2094\" data-end=\"2113\">pi\u00e8ce ma\u00eetresse<\/strong>&nbsp;qui respire le style et le caract\u00e8re. Que vous l&#039;offriez en cadeau ou que vous l&#039;utilisiez vous-m\u00eame, cette flasque vous apportera\u2026&nbsp;<strong data-start=\"2210\" data-end=\"2252\">design fonctionnel et tradition \u00e9cossaise<\/strong>&nbsp;r\u00e9unis dans un seul produit inoubliable.&nbsp;<\/p>","protected":false},"excerpt":{"rendered":"<p>Gourde de chasse en tweed Harris gris \u00e0 motif rouille COL127.<\/p>\n<p>Cette flasque de chasse est dot\u00e9e d&#039;une base en acier inoxydable, la rendant r\u00e9sistante \u00e0 la corrosion et \u00e0 la fum\u00e9e, pour une conservation s\u00fbre et \u00e9l\u00e9gante de votre boisson pr\u00e9f\u00e9r\u00e9e. Son ext\u00e9rieur est doubl\u00e9 de v\u00e9ritable tissu Harris Tweed tiss\u00e9 \u00e0 la main, lui conf\u00e9rant un style classique et chaleureux, et chaque flasque arbore un motif unique, sign\u00e9 du poin\u00e7on officiel Harris Tweed.<\/p>","protected":false},"featured_media":541728,"template":"","meta":[],"product_brand":[],"product_cat":[638,1181,1180],"product_tag":[],"class_list":{"0":"post-541684","1":"product","2":"type-product","3":"status-publish","4":"has-post-thumbnail","6":"product_cat-gifts","7":"product_cat-harris-tweed-flachmann","8":"product_cat-harris-tweed-heupfles","9":"pa_merk-harristweed","11":"first","12":"instock","13":"taxable","14":"shipping-taxable","15":"purchasable","16":"product-type-simple"},"df_price":27.95,"df_sale_price":"","df_regular_price":27.95,"df_image_link":"https:\/\/harristweed-shop.be\/wp-content\/uploads\/2025\/11\/a73dc535db511a066298234a6ea0d9e3_Harris_Tweed_Hunting_Flask_Grey_with_Rust_Overcheck-300x300.jpeg","_links":{"self":[{"href":"https:\/\/harristweed-shop.be\/fr\/wp-json\/wp\/v2\/product\/541684","targetHints":{"allow":["GET"]}}],"collection":[{"href":"https:\/\/harristweed-shop.be\/fr\/wp-json\/wp\/v2\/product"}],"about":[{"href":"https:\/\/harristweed-shop.be\/fr\/wp-json\/wp\/v2\/types\/product"}],"wp:featuredmedia":[{"embeddable":true,"href":"https:\/\/harristweed-shop.be\/fr\/wp-json\/wp\/v2\/media\/541728"}],"wp:attachment":[{"href":"https:\/\/harristweed-shop.be\/fr\/wp-json\/wp\/v2\/media?parent=541684"}],"wp:term":[{"taxonomy":"product_brand","embeddable":true,"href":"https:\/\/harristweed-shop.be\/fr\/wp-json\/wp\/v2\/product_brand?post=541684"},{"taxonomy":"product_cat","embeddable":true,"href":"https:\/\/harristweed-shop.be\/fr\/wp-json\/wp\/v2\/product_cat?post=541684"},{"taxonomy":"product_tag","embeddable":true,"href":"https:\/\/harristweed-shop.be\/fr\/wp-json\/wp\/v2\/product_tag?post=541684"}],"curies":[{"name":"wp","href":"https:\/\/api.w.org\/{rel}","templated":true}]}}