{"id":541567,"date":"2025-11-15T09:42:15","date_gmt":"2025-11-15T09:42:15","guid":{"rendered":"https:\/\/harristweed-shop.be\/product\/shawl-tootal-scarves-polka-dot-print-vintage-wine\/"},"modified":"2026-05-05T03:33:23","modified_gmt":"2026-05-05T03:33:23","slug":"shawl-tootal-scarves-polka-dot-print-vintage-wine","status":"publish","type":"product","link":"https:\/\/harristweed-shop.be\/fr\/produit\/chales-foulards-imprime-a-pois-vin-millesime\/","title":{"rendered":"Ch\u00e2le, foulards Tootal \u00e0 pois, vin vintage"},"content":{"rendered":"<p>L&#039;\u00e9charpe vintage \u00e0 pois, simple mais \u00e9l\u00e9gante, de Tootal est un<br \/>\nUn classique intemporel. Avec ses gros pois, c&#039;est une \u00e9charpe remarquable et magnifique.<br \/>\nUn indispensable pour tous ceux qui portent une \u00e9charpe.<br \/>\nChaque foulard Tootal authentique arbore l&#039;\u00e9tiquette classique \u2018 Tootal Scarf \u00bb.<br \/>\nEnregistr\u00e9 en Angleterre en 1799 et fabriqu\u00e9 \u00e0 partir de soie 100%.<\/p>\n<p>Mat\u00e9riaux\/Entretien<\/p>\n<p>100% Soie<\/p>\n<p>Nettoyage \u00e0 sec uniquement<\/p>","protected":false},"excerpt":{"rendered":"<p>Ch\u00e2le, foulards Tootal \u00e0 pois, vin vintage<\/p>\n<p>\u2013 Dimensions : 115 x 25 cm avec des franges de 6 cm<br \/>\n\u00c9charpe Tootal authentique<br \/>\n\u00c9charpe vintage \u00e0 pois<br \/>\n\u2013 100% Soie<br \/>\n\u2013 Double face<\/p>","protected":false},"featured_media":541568,"template":"","meta":[],"product_brand":[],"product_cat":[874,873,1210,105,1209],"product_tag":[],"class_list":{"0":"post-541567","1":"product","2":"type-product","3":"status-publish","4":"has-post-thumbnail","6":"product_cat-schals-schals","7":"product_cat-schals","8":"product_cat-seiden-schals","9":"product_cat-shawls","10":"product_cat-zijden-shawls","11":"pa_merk-viyella","13":"first","14":"instock","15":"taxable","16":"shipping-taxable","17":"purchasable","18":"product-type-simple"},"df_price":79.95,"df_sale_price":"","df_regular_price":79.95,"df_image_link":"https:\/\/harristweed-shop.be\/wp-content\/uploads\/2025\/11\/df7566262535e8b107a25b6013061ee0_Shawl__Tootal_Scarves_Polka_Dot_Print_Vintage_Wine-225x300.jpeg","_links":{"self":[{"href":"https:\/\/harristweed-shop.be\/fr\/wp-json\/wp\/v2\/product\/541567","targetHints":{"allow":["GET"]}}],"collection":[{"href":"https:\/\/harristweed-shop.be\/fr\/wp-json\/wp\/v2\/product"}],"about":[{"href":"https:\/\/harristweed-shop.be\/fr\/wp-json\/wp\/v2\/types\/product"}],"wp:featuredmedia":[{"embeddable":true,"href":"https:\/\/harristweed-shop.be\/fr\/wp-json\/wp\/v2\/media\/541568"}],"wp:attachment":[{"href":"https:\/\/harristweed-shop.be\/fr\/wp-json\/wp\/v2\/media?parent=541567"}],"wp:term":[{"taxonomy":"product_brand","embeddable":true,"href":"https:\/\/harristweed-shop.be\/fr\/wp-json\/wp\/v2\/product_brand?post=541567"},{"taxonomy":"product_cat","embeddable":true,"href":"https:\/\/harristweed-shop.be\/fr\/wp-json\/wp\/v2\/product_cat?post=541567"},{"taxonomy":"product_tag","embeddable":true,"href":"https:\/\/harristweed-shop.be\/fr\/wp-json\/wp\/v2\/product_tag?post=541567"}],"curies":[{"name":"wp","href":"https:\/\/api.w.org\/{rel}","templated":true}]}}