{"id":541558,"date":"2025-11-15T09:22:29","date_gmt":"2025-11-15T09:22:29","guid":{"rendered":"https:\/\/harristweed-shop.be\/product\/shawl-tootal-scarves-medallion-fringed-rayon\/"},"modified":"2026-05-05T03:33:24","modified_gmt":"2026-05-05T03:33:24","slug":"shawl-tootal-scarves-medallion-fringed-rayon","status":"publish","type":"product","link":"https:\/\/harristweed-shop.be\/fr\/produit\/chale-total-echarpes-medaillon-franges-rayonne\/","title":{"rendered":"Ch\u00e2le, \u00e9charpes Tootal \u00e0 m\u00e9daillon et franges en rayonne"},"content":{"rendered":"<p>\u00c9charpe \u00e0 franges Tootal Mellow Yellow Medallion en rayonne \u2013 D\u00e9tail vintage, polyvalence au quotidien<\/p>\n<p>Sublimez votre style avec l&#039;\u00e9charpe Tootal Mellow Yellow Medallion, un accessoire remarquable inspir\u00e9 du style britannique classique. Confectionn\u00e9e en rayonne 100% r\u00e9sistante, elle est douce et soyeuse, l\u00e9g\u00e8re, respirante et facile \u00e0 porter en toute saison.<\/p>\n<p>Le fond jaune tendre est orn\u00e9 d&#039;un motif g\u00e9om\u00e9trique \u00e0 m\u00e9daillons r\u00e9p\u00e9t\u00e9s, lui conf\u00e9rant une touche r\u00e9tro raffin\u00e9e. Agr\u00e9ment\u00e9e de franges de 5 cm aux extr\u00e9mit\u00e9s et dot\u00e9e d&#039;une conception double face pour un drap\u00e9 \u00e9l\u00e9gant des deux c\u00f4t\u00e9s, cette \u00e9charpe de 115 cm x 25 cm est id\u00e9ale pour rehausser avec style aussi bien les tenues habill\u00e9es que d\u00e9contract\u00e9es.<\/p>\n<p>Avec son \u00e9tiquette originale \u2018 Tootal Scarf Registered in England 1799 \u2019, cet article t\u00e9moigne de la place de longue date qu&#039;occupe la marque dans le pr\u00eat-\u00e0-porter masculin britannique.<\/p>\n<p>Mati\u00e8re : rayonne textur\u00e9e 100%<\/p>\n<p>Instructions de lavage\u00a0: Nettoyage \u00e0 sec uniquement<\/p>","protected":false},"excerpt":{"rendered":"<p>Ch\u00e2le, \u00e9charpes Tootal \u00e0 m\u00e9daillon et franges en rayonne.<\/p>\n<p>\u2013 Dimensions 115 cm x 25 cm avec une frange de 5 cm<br \/>\n\u2013 100% Rayonne Modale<br \/>\n\u2013 Double face<br \/>\n\u2013 Motif imprim\u00e9 m\u00e9daillon jaune.<\/p>","protected":false},"featured_media":541559,"template":"","meta":[],"product_brand":[],"product_cat":[873,874,1210,105,1209],"product_tag":[],"class_list":{"0":"post-541558","1":"product","2":"type-product","3":"status-publish","4":"has-post-thumbnail","6":"product_cat-schals","7":"product_cat-schals-schals","8":"product_cat-seiden-schals","9":"product_cat-shawls","10":"product_cat-zijden-shawls","11":"pa_merk-viyella","13":"first","14":"instock","15":"taxable","16":"shipping-taxable","17":"purchasable","18":"product-type-simple"},"df_price":59.95,"df_sale_price":"","df_regular_price":59.95,"df_image_link":"https:\/\/harristweed-shop.be\/wp-content\/uploads\/2025\/11\/b7915b0e27629d54e9a7a01f77cde67f_Shawl__Tootal_Scarves_Medallion_Fringed_Rayon-225x300.jpeg","_links":{"self":[{"href":"https:\/\/harristweed-shop.be\/fr\/wp-json\/wp\/v2\/product\/541558","targetHints":{"allow":["GET"]}}],"collection":[{"href":"https:\/\/harristweed-shop.be\/fr\/wp-json\/wp\/v2\/product"}],"about":[{"href":"https:\/\/harristweed-shop.be\/fr\/wp-json\/wp\/v2\/types\/product"}],"wp:featuredmedia":[{"embeddable":true,"href":"https:\/\/harristweed-shop.be\/fr\/wp-json\/wp\/v2\/media\/541559"}],"wp:attachment":[{"href":"https:\/\/harristweed-shop.be\/fr\/wp-json\/wp\/v2\/media?parent=541558"}],"wp:term":[{"taxonomy":"product_brand","embeddable":true,"href":"https:\/\/harristweed-shop.be\/fr\/wp-json\/wp\/v2\/product_brand?post=541558"},{"taxonomy":"product_cat","embeddable":true,"href":"https:\/\/harristweed-shop.be\/fr\/wp-json\/wp\/v2\/product_cat?post=541558"},{"taxonomy":"product_tag","embeddable":true,"href":"https:\/\/harristweed-shop.be\/fr\/wp-json\/wp\/v2\/product_tag?post=541558"}],"curies":[{"name":"wp","href":"https:\/\/api.w.org\/{rel}","templated":true}]}}