{"id":541523,"date":"2025-11-13T15:37:25","date_gmt":"2025-11-13T15:37:25","guid":{"rendered":"https:\/\/harristweed-shop.be\/product\/wellington-overjas-regenmantel-finchester-all-season-in-olijfkleur\/"},"modified":"2026-04-07T14:40:28","modified_gmt":"2026-04-07T14:40:28","slug":"wellington-overjas-regenmantel-finchester-all-season-in-olijfkleur","status":"publish","type":"product","link":"https:\/\/harristweed-shop.be\/fr\/produit\/impermeable-wellington-finchester-toutes-saisons-couleur-olive\/","title":{"rendered":"Manteau\/imperm\u00e9able toutes saisons Finchester couleur olive"},"content":{"rendered":"<p>La veste classique pour homme \u201c Finchester All Season \u201d incarne la polyvalence et l&#039;\u00e9l\u00e9gance \u2013 un mod\u00e8le v\u00e9ritablement polyvalent qui vous accompagnera en toute saison. Gr\u00e2ce \u00e0 sa conception ing\u00e9nieuse 2 en 1, elle s&#039;adapte sans effort aux caprices de la m\u00e9t\u00e9o tout en restant \u00e9l\u00e9gante et fonctionnelle. Une simple fermeture \u00e9clair permet d&#039;ajouter ou de retirer l&#039;\u00e9l\u00e9gante doublure \u00e0 carreaux Wellington ou Bilmore, vous assurant ainsi d&#039;\u00eatre toujours parfaitement pr\u00e9par\u00e9 aux intemp\u00e9ries \u2013 qu&#039;il s&#039;agisse d&#039;une fra\u00eeche brise d&#039;automne ou des premiers rayons chauds du soleil printanier. <\/p>\n<p>Cette doublure amovible est non seulement incroyablement pratique, mais aussi facile d&#039;entretien, prolongeant consid\u00e9rablement la dur\u00e9e de vie de votre veste. Confectionn\u00e9e dans un m\u00e9lange de coton respirant, coupe-vent et imperm\u00e9able, la Finchester offre un confort in\u00e9gal\u00e9. Les finitions sont soign\u00e9es et de grande qualit\u00e9\u00a0: fermeture \u00e0 boutons dissimul\u00e9e, poches chauffe-mains pratiques, deux poches int\u00e9rieures zipp\u00e9es spacieuses et une fente d&#039;aisance au dos. Parmi les petits d\u00e9tails raffin\u00e9s, on note le col amovible en nubuck d&#039;agneau couleur tabac, le rabat temp\u00eate \u00e0 pression et le motif Wellington amovible. <\/p>\n<p>Intemporelle et polyvalente, elle s&#039;accorde aussi bien avec des tenues professionnelles que d\u00e9contract\u00e9es. Que ce soit pour une r\u00e9union ou un moment de d\u00e9tente, la veste \u201c\u00a0Finchester All Season\u00a0\u201d est bien plus qu&#039;une simple veste\u00a0: c&#039;est une fid\u00e8le alli\u00e9e qui vous s\u00e9duira \u00e0 chaque fois par sa polyvalence et son \u00e9l\u00e9gance.<\/p>\n<p>\u2013 Collier amovible en cuir nubuck d\u2019agneau<br \/>\u2013 Veste homme \u00e0 manches mont\u00e9es<br \/>\u2013 Doublure amovible en cuir Wellington de haute qualit\u00e9 \u00e0 motif diamant<br \/>- Ventilation \u00e0 l&#039;arri\u00e8re<br \/>\u2013 Sangle de rangement avec bouton-pression<br \/>\u2013 Deux poches lat\u00e9rales<br \/>\u2013 Deux poches int\u00e9rieures refermables<\/p>\n<p>Mensurations du mod\u00e8le : Le mannequin mesure 186 cm et porte une taille 50.<br \/>Coupe : Coupe droite, confortable, mi-longueur.<br \/>Mesures du v\u00eatement\u00a0: Pour la taille 50, les mesures sont les suivantes\u00a0: Demi-tour de poitrine\u00a0: 62\u00a0cm \u2013 Demi-tour de taille\u00a0: 62\u00a0cm \u2013 Longueur dos\u00a0: 110\u00a0cm<\/p>\n<p>Tissu ext\u00e9rieur : coton 60%, nylon 40%<br \/>Doublure : fond : 40% polyester, 35% polyester, 25% laine<br \/>Doublure des manches : polyester 100%<\/p>","protected":false},"excerpt":{"rendered":"<p>Manteau\/Imperm\u00e9able Finchester Toutes Saisons Olive 30.<\/p>\n<p>La veste classique pour homme \u201c Finchester All Season \u201d incarne la polyvalence et l&#039;\u00e9l\u00e9gance\u00a0: un mod\u00e8le v\u00e9ritablement polyvalent qui vous accompagnera en toute saison. Gr\u00e2ce \u00e0 sa conception astucieuse 2 en 1, elle s&#039;adapte sans effort aux variations climatiques tout en restant \u00e9l\u00e9gante et fonctionnelle.<\/p>","protected":false},"featured_media":541537,"template":"","meta":[],"product_brand":[],"product_cat":[530,87,482,531,1054,1053],"product_tag":[],"class_list":{"0":"post-541523","1":"product","2":"type-product","3":"status-publish","4":"has-post-thumbnail","6":"product_cat-heren-jassen-en-jacks","7":"product_cat-jassen-en-jacks","8":"product_cat-mantel-und-jacken","9":"product_cat-mantel-und-jacken-fur-herren","10":"product_cat-regenjas","11":"product_cat-regenmantel","12":"pa_merk-wellington","14":"first","15":"instock","16":"taxable","17":"shipping-taxable","18":"purchasable","19":"product-type-variable"},"df_price":499.95,"df_sale_price":"","df_regular_price":499.95,"df_image_link":"https:\/\/harristweed-shop.be\/wp-content\/uploads\/2025\/11\/3cd07e2394b0018a7bd2bec990f6d821_Wellington_Overjas_Regenmantel_Finchester_All_Season_In_Olijfkleur-225x300.jpeg","_links":{"self":[{"href":"https:\/\/harristweed-shop.be\/fr\/wp-json\/wp\/v2\/product\/541523","targetHints":{"allow":["GET"]}}],"collection":[{"href":"https:\/\/harristweed-shop.be\/fr\/wp-json\/wp\/v2\/product"}],"about":[{"href":"https:\/\/harristweed-shop.be\/fr\/wp-json\/wp\/v2\/types\/product"}],"wp:featuredmedia":[{"embeddable":true,"href":"https:\/\/harristweed-shop.be\/fr\/wp-json\/wp\/v2\/media\/541537"}],"wp:attachment":[{"href":"https:\/\/harristweed-shop.be\/fr\/wp-json\/wp\/v2\/media?parent=541523"}],"wp:term":[{"taxonomy":"product_brand","embeddable":true,"href":"https:\/\/harristweed-shop.be\/fr\/wp-json\/wp\/v2\/product_brand?post=541523"},{"taxonomy":"product_cat","embeddable":true,"href":"https:\/\/harristweed-shop.be\/fr\/wp-json\/wp\/v2\/product_cat?post=541523"},{"taxonomy":"product_tag","embeddable":true,"href":"https:\/\/harristweed-shop.be\/fr\/wp-json\/wp\/v2\/product_tag?post=541523"}],"curies":[{"name":"wp","href":"https:\/\/api.w.org\/{rel}","templated":true}]}}